{"id":54923,"date":"2025-11-05T12:53:52","date_gmt":"2025-11-05T05:53:52","guid":{"rendered":"https:\/\/minhducfurniture.com\/product\/pool-loungesessel-aus-kunststoff-eine-stilvolle-wahl-fuer-die-entspannung-im-freien\/"},"modified":"2026-02-25T14:08:34","modified_gmt":"2026-02-25T07:08:34","slug":"pool-loungesessel-aus-kunststoff-eine-stilvolle-wahl-fuer-die-entspannung-im-freien","status":"publish","type":"product","link":"https:\/\/minhducfurniture.com\/de\/product\/pool-loungesessel-aus-kunststoff-eine-stilvolle-wahl-fuer-die-entspannung-im-freien\/","title":{"rendered":"Pool-Loungesessel aus Kunststoff &#8211; eine stilvolle Wahl f\u00fcr die Entspannung im Freien"},"content":{"rendered":"<h2><span style=\"font-size: 90%\">Kunststoffst\u00fchle f\u00fcr den Pool &#8211; Bequeme und langlebige Sitzgelegenheiten f\u00fcr drau\u00dfen<\/span><\/h2>\n<p>Pool-Loungesessel aus Kunststoff sind die ideale Wahl zum Entspannen am Pool, in Resorts, Hotels oder in Ihrem eigenen Garten. Diese Liegest\u00fchle aus hochwertigem Polypropylen (PP) widerstehen Sonne, Regen und Chlor, ohne zu verblassen oder zu rosten. <\/p>\n<h3>Einige wichtige Vorteile des Produkts<\/h3>\n<ul>\n<li>Wetterfest: Geeignet f\u00fcr alle Au\u00dfenbereiche<\/li>\n<li>Leicht und einfach zu bewegen: Bequem zum Umstellen oder Reinigen<\/li>\n<li>Bequemes Design: Viele Modelle verf\u00fcgen \u00fcber einstellbare Liegepositionen.<\/li>\n<li>Pflegeleicht: Einfach mit Wasser und milder Seife reinigen<\/li>\n<\/ul>\n<div>Mit ihren modernen Designs und einer Vielzahl von Farboptionen verleihen die Pool-Loungesessel aus Kunststoff jedem Poolbereich Stil und Komfort. Sie sind praktisch, langlebig und kosteng\u00fcnstig &#8211; und damit die perfekte Wahl sowohl f\u00fcr den privaten als auch den gewerblichen Gebrauch. \t<div id=\"gap-1492865047\" class=\"gap-element clearfix\" style=\"display:block; height:auto;\">\n\t\t\n<style>\n#gap-1492865047 {\n  padding-top: 15px;\n}\n<\/style>\n\t<\/div>\n\t<\/div>\n<div><\/div>\n<div>\n<figure id=\"attachment_54919\" aria-describedby=\"caption-attachment-54919\" style=\"width: 850px\" class=\"wp-caption aligncenter\"><img decoding=\"async\" class=\"wp-image-53857 size-full\" src=\"https:\/\/minhducfurniture.com\/wp-content\/uploads\/2025\/11\/White-Plastic-Pool-Lounge-Chairs.jpg\" alt=\"Wei\u00dfe Pool-Loungesessel aus Kunststoff\" width=\"850\" height=\"527\" srcset=\"https:\/\/minhducfurniture.com\/wp-content\/uploads\/2025\/11\/White-Plastic-Pool-Lounge-Chairs.jpg 850w, https:\/\/minhducfurniture.com\/wp-content\/uploads\/2025\/11\/White-Plastic-Pool-Lounge-Chairs-645x400.jpg 645w, https:\/\/minhducfurniture.com\/wp-content\/uploads\/2025\/11\/White-Plastic-Pool-Lounge-Chairs-768x476.jpg 768w, https:\/\/minhducfurniture.com\/wp-content\/uploads\/2025\/11\/White-Plastic-Pool-Lounge-Chairs-510x316.jpg 510w\" sizes=\"(max-width: 850px) 100vw, 850px\" \/><figcaption id=\"caption-attachment-54919\" class=\"wp-caption-text\">Wei\u00dfe Pool-Loungesessel aus Kunststoff<\/figcaption><\/figure>\n<\/div>\n<div>\n<h3>Beschreibung des Produkts<\/h3>\n<ul>\n<li>Produkt-Code: MDS-3066<\/li>\n<li>Gr\u00f6\u00dfe des Stuhls: 1735mm*760mm*650mm<\/li>\n<li>100% PP-Kunststoff mit UV-Schutzbeschichtung.<\/li>\n<li>Ladegewicht: 120kg\/ 264.5lbs<\/li>\n<li>Herkunft des Produkts: Vietnam<\/li>\n<\/ul>\n<figure id=\"attachment_54920\" aria-describedby=\"caption-attachment-54920\" style=\"width: 850px\" class=\"wp-caption aligncenter\"><img decoding=\"async\" class=\"size-full wp-image-53861\" src=\"https:\/\/minhducfurniture.com\/wp-content\/uploads\/2025\/11\/White-pool-lounge-chairs-by-the-ocean.jpg\" alt=\"Wei\u00dfe Pool-Loungesessel am Meer\" width=\"850\" height=\"486\" srcset=\"https:\/\/minhducfurniture.com\/wp-content\/uploads\/2025\/11\/White-pool-lounge-chairs-by-the-ocean.jpg 850w, https:\/\/minhducfurniture.com\/wp-content\/uploads\/2025\/11\/White-pool-lounge-chairs-by-the-ocean-700x400.jpg 700w, https:\/\/minhducfurniture.com\/wp-content\/uploads\/2025\/11\/White-pool-lounge-chairs-by-the-ocean-768x439.jpg 768w, https:\/\/minhducfurniture.com\/wp-content\/uploads\/2025\/11\/White-pool-lounge-chairs-by-the-ocean-510x292.jpg 510w\" sizes=\"(max-width: 850px) 100vw, 850px\" \/><figcaption id=\"caption-attachment-54920\" class=\"wp-caption-text\">Wei\u00dfe Pool-Loungesessel am Meer<\/figcaption><\/figure>\n<h4>Bestellinformationen<\/h4>\n<ul>\n<li>Mindestbestellmenge (MOQ): 50 St\u00fcck<\/li>\n<li>Vorlaufzeit: 30-35 Tage nach Anzahlung<\/li>\n<li>Liefertermin: FOB Hai Phong Hafen, Vietnam<\/li>\n<li>Zahlungsbedingungen: T\/T 30% Anzahlung, 70% Restbetrag vor Versand<\/li>\n<li>Wenn Sie ein eigenes Design haben und eine Massenproduktion ben\u00f6tigen, kontaktieren Sie uns bitte f\u00fcr weitere Unterst\u00fctzung.<\/li>\n<\/ul>\n<figure id=\"attachment_54921\" aria-describedby=\"caption-attachment-54921\" style=\"width: 850px\" class=\"wp-caption aligncenter\"><img decoding=\"async\" class=\"size-full wp-image-53858\" src=\"https:\/\/minhducfurniture.com\/wp-content\/uploads\/2025\/11\/The-actual-image-of-PP-pool-chair.jpg\" alt=\"Das aktuelle Bild von PP pool chair\" width=\"850\" height=\"515\" srcset=\"https:\/\/minhducfurniture.com\/wp-content\/uploads\/2025\/11\/The-actual-image-of-PP-pool-chair.jpg 850w, https:\/\/minhducfurniture.com\/wp-content\/uploads\/2025\/11\/The-actual-image-of-PP-pool-chair-660x400.jpg 660w, https:\/\/minhducfurniture.com\/wp-content\/uploads\/2025\/11\/The-actual-image-of-PP-pool-chair-768x465.jpg 768w, https:\/\/minhducfurniture.com\/wp-content\/uploads\/2025\/11\/The-actual-image-of-PP-pool-chair-510x309.jpg 510w\" sizes=\"(max-width: 850px) 100vw, 850px\" \/><figcaption id=\"caption-attachment-54921\" class=\"wp-caption-text\">Das aktuelle Bild von PP pool chair<\/figcaption><\/figure>\n<h4>Kontaktinformationen<\/h4>\n<ul>\n<li><a href=\"https:\/\/minhducfurniture.com\/de\/\">Minh Duc Public Furniture Co, Ltd.<\/a><\/li>\n<li>Adresse: Villa H02-L11 An Phu, Duong Noi, Ha Dong, Hanoi, Vietnam<\/li>\n<li>Telefon\/WhatsApp\/Zalo: +84 908 314 939<\/li>\n<\/ul>\n<h4>Mehr aus unseren Kollektionen<\/h4>\n<ul>\n<li><span style=\"color: #008080\"><a style=\"color: #008080\" href=\"https:\/\/minhducfurniture.com\/de\/product\/esstischstuehle-aus-schwarzem-kunststoff-polypropylen-stuehle-fuer-draussen\/\">Esstischst\u00fchle aus schwarzem Kunststoff Polypropylen St\u00fchle f\u00fcr drau\u00dfen<\/a><\/span><\/li>\n<li><span style=\"color: #008080\"><a style=\"color: #008080\" href=\"https:\/\/minhducfurniture.com\/de\/product\/outdoor-baenke-zu-verkaufen-metall-holz-bank\/\">Outdoor B\u00e4nke zu verkaufen Metall Holz Bank<\/a><\/span><\/li>\n<\/ul>\n<div class=\"social-icons share-icons share-row relative\" ><a href=\"whatsapp:\/\/send?text=Pool-Loungesessel%20aus%20Kunststoff%20%26%238211%3B%20eine%20stilvolle%20Wahl%20f%C3%BCr%20die%20Entspannung%20im%20Freien - https:\/\/minhducfurniture.com\/de\/product\/pool-loungesessel-aus-kunststoff-eine-stilvolle-wahl-fuer-die-entspannung-im-freien\/\" data-action=\"share\/whatsapp\/share\" class=\"icon primary button round tooltip whatsapp show-for-medium\" title=\"Auf WhatsApp teilen\" aria-label=\"Auf WhatsApp teilen\"><i class=\"icon-whatsapp\" aria-hidden=\"true\"><\/i><\/a><a href=\"https:\/\/www.facebook.com\/sharer.php?u=https:\/\/minhducfurniture.com\/de\/product\/pool-loungesessel-aus-kunststoff-eine-stilvolle-wahl-fuer-die-entspannung-im-freien\/\" data-label=\"Facebook\" onclick=\"window.open(this.href,this.title,'width=500,height=500,top=300px,left=300px'); return false;\" target=\"_blank\" class=\"icon primary button round tooltip facebook\" title=\"Auf Facebook teilen\" aria-label=\"Auf Facebook teilen\" rel=\"noopener nofollow\"><i class=\"icon-facebook\" aria-hidden=\"true\"><\/i><\/a><a href=\"https:\/\/twitter.com\/share?url=https:\/\/minhducfurniture.com\/de\/product\/pool-loungesessel-aus-kunststoff-eine-stilvolle-wahl-fuer-die-entspannung-im-freien\/\" onclick=\"window.open(this.href,this.title,'width=500,height=500,top=300px,left=300px'); return false;\" target=\"_blank\" class=\"icon primary button round tooltip twitter\" title=\"Auf Twitter teilen\" aria-label=\"Auf Twitter teilen\" rel=\"noopener nofollow\"><i class=\"icon-twitter\" aria-hidden=\"true\"><\/i><\/a><a href=\"mailto:?subject=Pool-Loungesessel%20aus%20Kunststoff%20%26%238211%3B%20eine%20stilvolle%20Wahl%20f%C3%BCr%20die%20Entspannung%20im%20Freien&body=Schau%20dir%20das%20an%3A%20https%3A%2F%2Fminhducfurniture.com%2Fde%2Fproduct%2Fpool-loungesessel-aus-kunststoff-eine-stilvolle-wahl-fuer-die-entspannung-im-freien%2F\" class=\"icon primary button round tooltip email\" title=\"E-mail an einen Freund senden\" aria-label=\"E-mail an einen Freund senden\" rel=\"nofollow\"><i class=\"icon-envelop\" aria-hidden=\"true\"><\/i><\/a><a href=\"https:\/\/pinterest.com\/pin\/create\/button?url=https:\/\/minhducfurniture.com\/de\/product\/pool-loungesessel-aus-kunststoff-eine-stilvolle-wahl-fuer-die-entspannung-im-freien\/&media=https:\/\/minhducfurniture.com\/wp-content\/uploads\/2025\/11\/Plastic-Pool-Lounge-Chairs.jpg&description=Pool-Loungesessel%20aus%20Kunststoff%20%26%238211%3B%20eine%20stilvolle%20Wahl%20f%C3%BCr%20die%20Entspannung%20im%20Freien\" onclick=\"window.open(this.href,this.title,'width=500,height=500,top=300px,left=300px'); return false;\" target=\"_blank\" class=\"icon primary button round tooltip pinterest\" title=\"Pinterest Pin erstellen\" aria-label=\"Pinterest Pin erstellen\" rel=\"noopener nofollow\"><i class=\"icon-pinterest\" aria-hidden=\"true\"><\/i><\/a><a href=\"https:\/\/www.linkedin.com\/shareArticle?mini=true&url=https:\/\/minhducfurniture.com\/de\/product\/pool-loungesessel-aus-kunststoff-eine-stilvolle-wahl-fuer-die-entspannung-im-freien\/&title=Pool-Loungesessel%20aus%20Kunststoff%20%26%238211%3B%20eine%20stilvolle%20Wahl%20f%C3%BCr%20die%20Entspannung%20im%20Freien\" onclick=\"window.open(this.href,this.title,'width=500,height=500,top=300px,left=300px'); return false;\" target=\"_blank\" class=\"icon primary button round tooltip linkedin\" title=\"Auf LinkedIn teilen\" aria-label=\"Auf LinkedIn teilen\" rel=\"noopener nofollow\"><i class=\"icon-linkedin\" aria-hidden=\"true\"><\/i><\/a><\/div>\n<\/div>\n","protected":false},"excerpt":{"rendered":"<ul>\n<li>Produkt-Code: MDS-3066<\/li>\n<li>Gr\u00f6\u00dfe des Stuhls: 1735mm*760mm*650mm<\/li>\n<li>100% PP-Kunststoff mit UV-Schutzbeschichtung.<\/li>\n<li>Ladegewicht: 120kg\/ 264.5lbs<\/li>\n<li>Herkunft des Produkts: Vietnam<\/li>\n<li>Hotline\/ WhatsApp:+84908314939<\/li>\n<\/ul>\n","protected":false},"featured_media":54922,"comment_status":"open","ping_status":"closed","template":"","meta":[],"product_brand":[],"product_cat":[13081],"product_tag":[13082],"class_list":{"0":"post-54923","1":"product","2":"type-product","3":"status-publish","4":"has-post-thumbnail","6":"product_cat-plastik-stuhle","7":"product_tag-outdoor-stuhle","9":"first","10":"instock","11":"shipping-taxable","12":"product-type-simple"},"yoast_head":"<!-- This site is optimized with the Yoast SEO plugin v27.0 - https:\/\/yoast.com\/product\/yoast-seo-wordpress\/ -->\n<title>Pool-Loungesessel aus Kunststoff - eine stilvolle Wahl f\u00fcr die Entspannung im Freien - Minh Duc Furniture<\/title>\n<meta name=\"description\" content=\"Pool-Loungesessel aus Kunststoff sind die ideale Wahl zum Entspannen am Pool, in Resorts, Hotels oder in Ihrem eigenen Garten. Hergestellt aus hochwertigem Polypropylen\" \/>\n<meta name=\"robots\" content=\"index, follow, max-snippet:-1, max-image-preview:large, max-video-preview:-1\" \/>\n<link rel=\"canonical\" href=\"https:\/\/minhducfurniture.com\/de\/product\/pool-loungesessel-aus-kunststoff-eine-stilvolle-wahl-fuer-die-entspannung-im-freien\/\" \/>\n<meta property=\"og:locale\" content=\"de_DE\" \/>\n<meta property=\"og:type\" content=\"article\" \/>\n<meta property=\"og:title\" content=\"Pool-Loungesessel aus Kunststoff - eine stilvolle Wahl f\u00fcr die Entspannung im Freien - Minh Duc Furniture\" \/>\n<meta property=\"og:description\" content=\"Pool-Loungesessel aus Kunststoff sind die ideale Wahl zum Entspannen am Pool, in Resorts, Hotels oder in Ihrem eigenen Garten. Hergestellt aus hochwertigem Polypropylen\" \/>\n<meta property=\"og:url\" content=\"https:\/\/minhducfurniture.com\/de\/product\/pool-loungesessel-aus-kunststoff-eine-stilvolle-wahl-fuer-die-entspannung-im-freien\/\" \/>\n<meta property=\"og:site_name\" content=\"Minh Duc Furniture\" \/>\n<meta property=\"article:modified_time\" content=\"2026-02-25T07:08:34+00:00\" \/>\n<meta property=\"og:image\" content=\"https:\/\/minhducfurniture.com\/wp-content\/uploads\/2025\/11\/Plastic-Pool-Lounge-Chairs.jpg\" \/>\n\t<meta property=\"og:image:width\" content=\"600\" \/>\n\t<meta property=\"og:image:height\" content=\"600\" \/>\n\t<meta property=\"og:image:type\" content=\"image\/jpeg\" \/>\n<meta name=\"twitter:card\" content=\"summary_large_image\" \/>\n<meta name=\"twitter:label1\" content=\"Gesch\u00e4tzte Lesezeit\" \/>\n\t<meta name=\"twitter:data1\" content=\"1\u00a0Minute\" \/>\n<script type=\"application\/ld+json\" class=\"yoast-schema-graph\">{\"@context\":\"https:\/\/schema.org\",\"@graph\":[{\"@type\":\"WebPage\",\"@id\":\"https:\/\/minhducfurniture.com\/de\/product\/pool-loungesessel-aus-kunststoff-eine-stilvolle-wahl-fuer-die-entspannung-im-freien\/\",\"url\":\"https:\/\/minhducfurniture.com\/de\/product\/pool-loungesessel-aus-kunststoff-eine-stilvolle-wahl-fuer-die-entspannung-im-freien\/\",\"name\":\"Pool-Loungesessel aus Kunststoff - eine stilvolle Wahl f\u00fcr die Entspannung im Freien - Minh Duc Furniture\",\"isPartOf\":{\"@id\":\"https:\/\/minhducfurniture.com\/de\/#website\"},\"primaryImageOfPage\":{\"@id\":\"https:\/\/minhducfurniture.com\/de\/product\/pool-loungesessel-aus-kunststoff-eine-stilvolle-wahl-fuer-die-entspannung-im-freien\/#primaryimage\"},\"image\":{\"@id\":\"https:\/\/minhducfurniture.com\/de\/product\/pool-loungesessel-aus-kunststoff-eine-stilvolle-wahl-fuer-die-entspannung-im-freien\/#primaryimage\"},\"thumbnailUrl\":\"https:\/\/minhducfurniture.com\/wp-content\/uploads\/2025\/11\/Plastic-Pool-Lounge-Chairs.jpg\",\"datePublished\":\"2025-11-05T05:53:52+00:00\",\"dateModified\":\"2026-02-25T07:08:34+00:00\",\"description\":\"Pool-Loungesessel aus Kunststoff sind die ideale Wahl zum Entspannen am Pool, in Resorts, Hotels oder in Ihrem eigenen Garten. Hergestellt aus hochwertigem Polypropylen\",\"breadcrumb\":{\"@id\":\"https:\/\/minhducfurniture.com\/de\/product\/pool-loungesessel-aus-kunststoff-eine-stilvolle-wahl-fuer-die-entspannung-im-freien\/#breadcrumb\"},\"inLanguage\":\"de\",\"potentialAction\":[{\"@type\":\"ReadAction\",\"target\":[\"https:\/\/minhducfurniture.com\/de\/product\/pool-loungesessel-aus-kunststoff-eine-stilvolle-wahl-fuer-die-entspannung-im-freien\/\"]}]},{\"@type\":\"ImageObject\",\"inLanguage\":\"de\",\"@id\":\"https:\/\/minhducfurniture.com\/de\/product\/pool-loungesessel-aus-kunststoff-eine-stilvolle-wahl-fuer-die-entspannung-im-freien\/#primaryimage\",\"url\":\"https:\/\/minhducfurniture.com\/wp-content\/uploads\/2025\/11\/Plastic-Pool-Lounge-Chairs.jpg\",\"contentUrl\":\"https:\/\/minhducfurniture.com\/wp-content\/uploads\/2025\/11\/Plastic-Pool-Lounge-Chairs.jpg\",\"width\":600,\"height\":600,\"caption\":\"Plastik Pool Lounge St\u00fchle\"},{\"@type\":\"BreadcrumbList\",\"@id\":\"https:\/\/minhducfurniture.com\/de\/product\/pool-loungesessel-aus-kunststoff-eine-stilvolle-wahl-fuer-die-entspannung-im-freien\/#breadcrumb\",\"itemListElement\":[{\"@type\":\"ListItem\",\"position\":1,\"name\":\"Home\",\"item\":\"https:\/\/minhducfurniture.com\/de\/\"},{\"@type\":\"ListItem\",\"position\":2,\"name\":\"Shop\",\"item\":\"https:\/\/minhducfurniture.com\/shop\/\"},{\"@type\":\"ListItem\",\"position\":3,\"name\":\"Pool-Loungesessel aus Kunststoff &#8211; eine stilvolle Wahl f\u00fcr die Entspannung im Freien\"}]},{\"@type\":\"WebSite\",\"@id\":\"https:\/\/minhducfurniture.com\/de\/#website\",\"url\":\"https:\/\/minhducfurniture.com\/de\/\",\"name\":\"Minh Duc Furniture\",\"description\":\"Vietnam Furniture Supplier\",\"publisher\":{\"@id\":\"https:\/\/minhducfurniture.com\/de\/#organization\"},\"alternateName\":\"Vietnam Online Shop\",\"potentialAction\":[{\"@type\":\"SearchAction\",\"target\":{\"@type\":\"EntryPoint\",\"urlTemplate\":\"https:\/\/minhducfurniture.com\/de\/?s={search_term_string}\"},\"query-input\":{\"@type\":\"PropertyValueSpecification\",\"valueRequired\":true,\"valueName\":\"search_term_string\"}}],\"inLanguage\":\"de\"},{\"@type\":\"Organization\",\"@id\":\"https:\/\/minhducfurniture.com\/de\/#organization\",\"name\":\"Minh Duc Furniture\",\"alternateName\":\"Vietnam Furniture Export\",\"url\":\"https:\/\/minhducfurniture.com\/de\/\",\"logo\":{\"@type\":\"ImageObject\",\"inLanguage\":\"de\",\"@id\":\"https:\/\/minhducfurniture.com\/de\/#\/schema\/logo\/image\/\",\"url\":\"\",\"contentUrl\":\"\",\"caption\":\"Minh Duc Furniture\"},\"image\":{\"@id\":\"https:\/\/minhducfurniture.com\/de\/#\/schema\/logo\/image\/\"},\"sameAs\":[\"https:\/\/www.pinterest.com\/hienthaoshop\/pins\/\"]}]}<\/script>\n<!-- \/ Yoast SEO plugin. -->","yoast_head_json":{"title":"Pool-Loungesessel aus Kunststoff - eine stilvolle Wahl f\u00fcr die Entspannung im Freien - Minh Duc Furniture","description":"Pool-Loungesessel aus Kunststoff sind die ideale Wahl zum Entspannen am Pool, in Resorts, Hotels oder in Ihrem eigenen Garten. Hergestellt aus hochwertigem Polypropylen","robots":{"index":"index","follow":"follow","max-snippet":"max-snippet:-1","max-image-preview":"max-image-preview:large","max-video-preview":"max-video-preview:-1"},"canonical":"https:\/\/minhducfurniture.com\/de\/product\/pool-loungesessel-aus-kunststoff-eine-stilvolle-wahl-fuer-die-entspannung-im-freien\/","og_locale":"de_DE","og_type":"article","og_title":"Pool-Loungesessel aus Kunststoff - eine stilvolle Wahl f\u00fcr die Entspannung im Freien - Minh Duc Furniture","og_description":"Pool-Loungesessel aus Kunststoff sind die ideale Wahl zum Entspannen am Pool, in Resorts, Hotels oder in Ihrem eigenen Garten. Hergestellt aus hochwertigem Polypropylen","og_url":"https:\/\/minhducfurniture.com\/de\/product\/pool-loungesessel-aus-kunststoff-eine-stilvolle-wahl-fuer-die-entspannung-im-freien\/","og_site_name":"Minh Duc Furniture","article_modified_time":"2026-02-25T07:08:34+00:00","og_image":[{"width":600,"height":600,"url":"https:\/\/minhducfurniture.com\/wp-content\/uploads\/2025\/11\/Plastic-Pool-Lounge-Chairs.jpg","type":"image\/jpeg"}],"twitter_card":"summary_large_image","twitter_misc":{"Gesch\u00e4tzte Lesezeit":"1\u00a0Minute"},"schema":{"@context":"https:\/\/schema.org","@graph":[{"@type":"WebPage","@id":"https:\/\/minhducfurniture.com\/de\/product\/pool-loungesessel-aus-kunststoff-eine-stilvolle-wahl-fuer-die-entspannung-im-freien\/","url":"https:\/\/minhducfurniture.com\/de\/product\/pool-loungesessel-aus-kunststoff-eine-stilvolle-wahl-fuer-die-entspannung-im-freien\/","name":"Pool-Loungesessel aus Kunststoff - eine stilvolle Wahl f\u00fcr die Entspannung im Freien - Minh Duc Furniture","isPartOf":{"@id":"https:\/\/minhducfurniture.com\/de\/#website"},"primaryImageOfPage":{"@id":"https:\/\/minhducfurniture.com\/de\/product\/pool-loungesessel-aus-kunststoff-eine-stilvolle-wahl-fuer-die-entspannung-im-freien\/#primaryimage"},"image":{"@id":"https:\/\/minhducfurniture.com\/de\/product\/pool-loungesessel-aus-kunststoff-eine-stilvolle-wahl-fuer-die-entspannung-im-freien\/#primaryimage"},"thumbnailUrl":"https:\/\/minhducfurniture.com\/wp-content\/uploads\/2025\/11\/Plastic-Pool-Lounge-Chairs.jpg","datePublished":"2025-11-05T05:53:52+00:00","dateModified":"2026-02-25T07:08:34+00:00","description":"Pool-Loungesessel aus Kunststoff sind die ideale Wahl zum Entspannen am Pool, in Resorts, Hotels oder in Ihrem eigenen Garten. Hergestellt aus hochwertigem Polypropylen","breadcrumb":{"@id":"https:\/\/minhducfurniture.com\/de\/product\/pool-loungesessel-aus-kunststoff-eine-stilvolle-wahl-fuer-die-entspannung-im-freien\/#breadcrumb"},"inLanguage":"de","potentialAction":[{"@type":"ReadAction","target":["https:\/\/minhducfurniture.com\/de\/product\/pool-loungesessel-aus-kunststoff-eine-stilvolle-wahl-fuer-die-entspannung-im-freien\/"]}]},{"@type":"ImageObject","inLanguage":"de","@id":"https:\/\/minhducfurniture.com\/de\/product\/pool-loungesessel-aus-kunststoff-eine-stilvolle-wahl-fuer-die-entspannung-im-freien\/#primaryimage","url":"https:\/\/minhducfurniture.com\/wp-content\/uploads\/2025\/11\/Plastic-Pool-Lounge-Chairs.jpg","contentUrl":"https:\/\/minhducfurniture.com\/wp-content\/uploads\/2025\/11\/Plastic-Pool-Lounge-Chairs.jpg","width":600,"height":600,"caption":"Plastik Pool Lounge St\u00fchle"},{"@type":"BreadcrumbList","@id":"https:\/\/minhducfurniture.com\/de\/product\/pool-loungesessel-aus-kunststoff-eine-stilvolle-wahl-fuer-die-entspannung-im-freien\/#breadcrumb","itemListElement":[{"@type":"ListItem","position":1,"name":"Home","item":"https:\/\/minhducfurniture.com\/de\/"},{"@type":"ListItem","position":2,"name":"Shop","item":"https:\/\/minhducfurniture.com\/shop\/"},{"@type":"ListItem","position":3,"name":"Pool-Loungesessel aus Kunststoff &#8211; eine stilvolle Wahl f\u00fcr die Entspannung im Freien"}]},{"@type":"WebSite","@id":"https:\/\/minhducfurniture.com\/de\/#website","url":"https:\/\/minhducfurniture.com\/de\/","name":"Minh Duc Furniture","description":"Vietnam Furniture Supplier","publisher":{"@id":"https:\/\/minhducfurniture.com\/de\/#organization"},"alternateName":"Vietnam Online Shop","potentialAction":[{"@type":"SearchAction","target":{"@type":"EntryPoint","urlTemplate":"https:\/\/minhducfurniture.com\/de\/?s={search_term_string}"},"query-input":{"@type":"PropertyValueSpecification","valueRequired":true,"valueName":"search_term_string"}}],"inLanguage":"de"},{"@type":"Organization","@id":"https:\/\/minhducfurniture.com\/de\/#organization","name":"Minh Duc Furniture","alternateName":"Vietnam Furniture Export","url":"https:\/\/minhducfurniture.com\/de\/","logo":{"@type":"ImageObject","inLanguage":"de","@id":"https:\/\/minhducfurniture.com\/de\/#\/schema\/logo\/image\/","url":"","contentUrl":"","caption":"Minh Duc Furniture"},"image":{"@id":"https:\/\/minhducfurniture.com\/de\/#\/schema\/logo\/image\/"},"sameAs":["https:\/\/www.pinterest.com\/hienthaoshop\/pins\/"]}]}},"_links":{"self":[{"href":"https:\/\/minhducfurniture.com\/de\/wp-json\/wp\/v2\/product\/54923","targetHints":{"allow":["GET"]}}],"collection":[{"href":"https:\/\/minhducfurniture.com\/de\/wp-json\/wp\/v2\/product"}],"about":[{"href":"https:\/\/minhducfurniture.com\/de\/wp-json\/wp\/v2\/types\/product"}],"replies":[{"embeddable":true,"href":"https:\/\/minhducfurniture.com\/de\/wp-json\/wp\/v2\/comments?post=54923"}],"wp:featuredmedia":[{"embeddable":true,"href":"https:\/\/minhducfurniture.com\/de\/wp-json\/wp\/v2\/media\/54922"}],"wp:attachment":[{"href":"https:\/\/minhducfurniture.com\/de\/wp-json\/wp\/v2\/media?parent=54923"}],"wp:term":[{"taxonomy":"product_brand","embeddable":true,"href":"https:\/\/minhducfurniture.com\/de\/wp-json\/wp\/v2\/product_brand?post=54923"},{"taxonomy":"product_cat","embeddable":true,"href":"https:\/\/minhducfurniture.com\/de\/wp-json\/wp\/v2\/product_cat?post=54923"},{"taxonomy":"product_tag","embeddable":true,"href":"https:\/\/minhducfurniture.com\/de\/wp-json\/wp\/v2\/product_tag?post=54923"}],"curies":[{"name":"wp","href":"https:\/\/api.w.org\/{rel}","templated":true}]}}