{"id":54917,"date":"2025-11-04T16:42:31","date_gmt":"2025-11-04T09:42:31","guid":{"rendered":"https:\/\/minhducfurniture.com\/product\/esstischstuehle-aus-schwarzem-kunststoff-polypropylen-stuehle-fuer-draussen\/"},"modified":"2026-02-25T14:07:48","modified_gmt":"2026-02-25T07:07:48","slug":"esstischstuehle-aus-schwarzem-kunststoff-polypropylen-stuehle-fuer-draussen","status":"publish","type":"product","link":"https:\/\/minhducfurniture.com\/de\/product\/esstischstuehle-aus-schwarzem-kunststoff-polypropylen-stuehle-fuer-draussen\/","title":{"rendered":"Esstischst\u00fchle aus schwarzem Kunststoff Polypropylen St\u00fchle f\u00fcr drau\u00dfen"},"content":{"rendered":"<h2>Esstischst\u00fchle aus schwarzem Kunststoff mit modernem Design<\/h2>\n<p>Die <strong>schwarzen Kunststoff-Esszimmerst\u00fchle<\/strong> aus hochwertigem PP bieten eine robuste und ausgewogene Struktur, die sowohl f\u00fcr den Innen- als auch f\u00fcr den Au\u00dfenbereich geeignet ist. Das moderne Design, kombiniert mit sanft geschwungenen Armlehnen, sorgt f\u00fcr ein bequemes und entspanntes Sitzerlebnis. Die m\u00e4\u00dfig hohe R\u00fcckenlehne bietet angemessenen Halt und vermittelt gleichzeitig ein leichtes, offenes Gef\u00fchl. Die elegante schwarze Farbe ist sauber, raffiniert und kommt in hellen oder neutralen R\u00e4umen gut zur Geltung. Das macht den Stuhl zu einer stilvollen und praktischen Wahl f\u00fcr moderne Wohnumgebungen.   <\/p>\n<figure id=\"attachment_54913\" aria-describedby=\"caption-attachment-54913\" style=\"width: 800px\" class=\"wp-caption aligncenter\"><img decoding=\"async\" class=\"wp-image-53826 size-full\" src=\"https:\/\/minhducfurniture.com\/wp-content\/uploads\/2025\/11\/Black-plastic-dining-chairs-with-a-table.jpg\" alt=\"Schwarze Plastikst\u00fchle mit einem Tisch\" width=\"800\" height=\"614\" srcset=\"https:\/\/minhducfurniture.com\/wp-content\/uploads\/2025\/11\/Black-plastic-dining-chairs-with-a-table.jpg 800w, https:\/\/minhducfurniture.com\/wp-content\/uploads\/2025\/11\/Black-plastic-dining-chairs-with-a-table-521x400.jpg 521w, https:\/\/minhducfurniture.com\/wp-content\/uploads\/2025\/11\/Black-plastic-dining-chairs-with-a-table-768x589.jpg 768w, https:\/\/minhducfurniture.com\/wp-content\/uploads\/2025\/11\/Black-plastic-dining-chairs-with-a-table-510x391.jpg 510w\" sizes=\"(max-width: 800px) 100vw, 800px\" \/><figcaption id=\"caption-attachment-54913\" class=\"wp-caption-text\">Schwarze Plastikst\u00fchle mit einem Tisch<\/figcaption><\/figure>\n<h3>Beschreibung des Produkts<\/h3>\n<ul>\n<li>Produkt-Code: MDS-3062<\/li>\n<li>Gr\u00f6\u00dfe des Stuhls: B530mm x SH460mm x H800mm<\/li>\n<li>100% PP-Kunststoff mit UV-Schutzbeschichtung.<\/li>\n<li>Ladegewicht: 120kg\/ 264.5lbs<\/li>\n<li>Herkunft des Produkts: Vietnam<\/li>\n<\/ul>\n<figure id=\"attachment_54914\" aria-describedby=\"caption-attachment-54914\" style=\"width: 800px\" class=\"wp-caption aligncenter\"><img decoding=\"async\" class=\"wp-image-53827\" src=\"https:\/\/minhducfurniture.com\/wp-content\/uploads\/2025\/11\/Plastic-dining-chair-in-various-colour-options.jpg\" alt=\"Esszimmerstuhl aus Kunststoff in verschiedenen Farboptionen\" width=\"800\" height=\"625\" srcset=\"https:\/\/minhducfurniture.com\/wp-content\/uploads\/2025\/11\/Plastic-dining-chair-in-various-colour-options.jpg 850w, https:\/\/minhducfurniture.com\/wp-content\/uploads\/2025\/11\/Plastic-dining-chair-in-various-colour-options-512x400.jpg 512w, https:\/\/minhducfurniture.com\/wp-content\/uploads\/2025\/11\/Plastic-dining-chair-in-various-colour-options-768x600.jpg 768w, https:\/\/minhducfurniture.com\/wp-content\/uploads\/2025\/11\/Plastic-dining-chair-in-various-colour-options-510x398.jpg 510w\" sizes=\"(max-width: 800px) 100vw, 800px\" \/><figcaption id=\"caption-attachment-54914\" class=\"wp-caption-text\">Esszimmerstuhl aus Kunststoff in verschiedenen Farboptionen<\/figcaption><\/figure>\n<h4>Bestellinformationen<\/h4>\n<ul>\n<li>Mindestbestellmenge (MOQ): 50 St\u00fcck<\/li>\n<li>Vorlaufzeit: 30-35 Tage nach Anzahlung<\/li>\n<li>Liefertermin: FOB Hai Phong Hafen, Vietnam<\/li>\n<li>Zahlungsbedingungen: T\/T 30% Anzahlung, 70% Restbetrag vor Versand<\/li>\n<li>Wenn Sie ein eigenes Design haben und eine Massenproduktion ben\u00f6tigen, kontaktieren Sie uns bitte f\u00fcr weitere Unterst\u00fctzung.<\/li>\n<\/ul>\n<figure id=\"attachment_54915\" aria-describedby=\"caption-attachment-54915\" style=\"width: 800px\" class=\"wp-caption aligncenter\"><img decoding=\"async\" class=\"wp-image-53831 size-full\" src=\"https:\/\/minhducfurniture.com\/wp-content\/uploads\/2025\/11\/Plastic-dining-chair-with-a-soft-seat-cushion.jpg\" alt=\"Esstischstuhl aus Kunststoff mit weichem Sitzkissen\" width=\"800\" height=\"533\" srcset=\"https:\/\/minhducfurniture.com\/wp-content\/uploads\/2025\/11\/Plastic-dining-chair-with-a-soft-seat-cushion.jpg 800w, https:\/\/minhducfurniture.com\/wp-content\/uploads\/2025\/11\/Plastic-dining-chair-with-a-soft-seat-cushion-600x400.jpg 600w, https:\/\/minhducfurniture.com\/wp-content\/uploads\/2025\/11\/Plastic-dining-chair-with-a-soft-seat-cushion-768x512.jpg 768w, https:\/\/minhducfurniture.com\/wp-content\/uploads\/2025\/11\/Plastic-dining-chair-with-a-soft-seat-cushion-510x340.jpg 510w\" sizes=\"(max-width: 800px) 100vw, 800px\" \/><figcaption id=\"caption-attachment-54915\" class=\"wp-caption-text\">Esstischstuhl aus Kunststoff mit weichem Sitzkissen<\/figcaption><\/figure>\n<h4>Kontaktinformationen<\/h4>\n<ul>\n<li><a href=\"https:\/\/minhducfurniture.com\/de\/\">Minh Duc Public Furniture Co, Ltd.<\/a><\/li>\n<li><span style=\"color: #555555\">Adresse: Villa H02-L11 An Phu, Duong Noi, Ha Dong, Hanoi, Vietnam<\/span><\/li>\n<li><span style=\"color: #555555\">Telefon\/WhatsApp\/Zalo: +84 908 314 939<\/span><\/li>\n<\/ul>\n<h4>Mehr aus unseren Kollektionen<\/h4>\n<ul>\n<li><span style=\"color: #008080\"><a style=\"color: #008080\" href=\"https:\/\/minhducfurniture.com\/de\/product\/kleiner-gepolsterter-sessel-metallgestell-moderner-loungesessel\/\">Kleiner gepolsterter Sessel Metallgestell moderner Loungesessel<\/a><\/span><\/li>\n<li><span style=\"color: #008080\"><a style=\"color: #008080\" href=\"https:\/\/minhducfurniture.com\/de\/herstellung-von-moebeln-in-vietnam-china-und-suedostasien\/\">Herstellung von M\u00f6beln in Vietnam, China und S\u00fcdostasien<\/a><\/span><\/li>\n<\/ul>\n<div class=\"social-icons share-icons share-row relative\" ><a href=\"whatsapp:\/\/send?text=Esstischst%C3%BChle%20aus%20schwarzem%20Kunststoff%20Polypropylen%20St%C3%BChle%20f%C3%BCr%20drau%C3%9Fen - https:\/\/minhducfurniture.com\/de\/product\/esstischstuehle-aus-schwarzem-kunststoff-polypropylen-stuehle-fuer-draussen\/\" data-action=\"share\/whatsapp\/share\" class=\"icon primary button round tooltip whatsapp show-for-medium\" title=\"Auf WhatsApp teilen\" aria-label=\"Auf WhatsApp teilen\"><i class=\"icon-whatsapp\" aria-hidden=\"true\"><\/i><\/a><a href=\"https:\/\/www.facebook.com\/sharer.php?u=https:\/\/minhducfurniture.com\/de\/product\/esstischstuehle-aus-schwarzem-kunststoff-polypropylen-stuehle-fuer-draussen\/\" data-label=\"Facebook\" onclick=\"window.open(this.href,this.title,'width=500,height=500,top=300px,left=300px'); return false;\" target=\"_blank\" class=\"icon primary button round tooltip facebook\" title=\"Auf Facebook teilen\" aria-label=\"Auf Facebook teilen\" rel=\"noopener nofollow\"><i class=\"icon-facebook\" aria-hidden=\"true\"><\/i><\/a><a href=\"https:\/\/twitter.com\/share?url=https:\/\/minhducfurniture.com\/de\/product\/esstischstuehle-aus-schwarzem-kunststoff-polypropylen-stuehle-fuer-draussen\/\" onclick=\"window.open(this.href,this.title,'width=500,height=500,top=300px,left=300px'); return false;\" target=\"_blank\" class=\"icon primary button round tooltip twitter\" title=\"Auf Twitter teilen\" aria-label=\"Auf Twitter teilen\" rel=\"noopener nofollow\"><i class=\"icon-twitter\" aria-hidden=\"true\"><\/i><\/a><a href=\"mailto:?subject=Esstischst%C3%BChle%20aus%20schwarzem%20Kunststoff%20Polypropylen%20St%C3%BChle%20f%C3%BCr%20drau%C3%9Fen&body=Schau%20dir%20das%20an%3A%20https%3A%2F%2Fminhducfurniture.com%2Fde%2Fproduct%2Fesstischstuehle-aus-schwarzem-kunststoff-polypropylen-stuehle-fuer-draussen%2F\" class=\"icon primary button round tooltip email\" title=\"E-mail an einen Freund senden\" aria-label=\"E-mail an einen Freund senden\" rel=\"nofollow\"><i class=\"icon-envelop\" aria-hidden=\"true\"><\/i><\/a><a href=\"https:\/\/pinterest.com\/pin\/create\/button?url=https:\/\/minhducfurniture.com\/de\/product\/esstischstuehle-aus-schwarzem-kunststoff-polypropylen-stuehle-fuer-draussen\/&media=https:\/\/minhducfurniture.com\/wp-content\/uploads\/2025\/11\/Black-plastic-dining-chairs-800x800.jpg&description=Esstischst%C3%BChle%20aus%20schwarzem%20Kunststoff%20Polypropylen%20St%C3%BChle%20f%C3%BCr%20drau%C3%9Fen\" onclick=\"window.open(this.href,this.title,'width=500,height=500,top=300px,left=300px'); return false;\" target=\"_blank\" class=\"icon primary button round tooltip pinterest\" title=\"Pinterest Pin erstellen\" aria-label=\"Pinterest Pin erstellen\" rel=\"noopener nofollow\"><i class=\"icon-pinterest\" aria-hidden=\"true\"><\/i><\/a><a href=\"https:\/\/www.linkedin.com\/shareArticle?mini=true&url=https:\/\/minhducfurniture.com\/de\/product\/esstischstuehle-aus-schwarzem-kunststoff-polypropylen-stuehle-fuer-draussen\/&title=Esstischst%C3%BChle%20aus%20schwarzem%20Kunststoff%20Polypropylen%20St%C3%BChle%20f%C3%BCr%20drau%C3%9Fen\" onclick=\"window.open(this.href,this.title,'width=500,height=500,top=300px,left=300px'); return false;\" target=\"_blank\" class=\"icon primary button round tooltip linkedin\" title=\"Auf LinkedIn teilen\" aria-label=\"Auf LinkedIn teilen\" rel=\"noopener nofollow\"><i class=\"icon-linkedin\" aria-hidden=\"true\"><\/i><\/a><\/div>\n","protected":false},"excerpt":{"rendered":"<ul>\n<li>Produkt-Code: MDS-3062<\/li>\n<li>Gr\u00f6\u00dfe des Stuhls: B530mm x SH460mm x H800mm<\/li>\n<li>100% PP-Kunststoff mit UV-Schutzbeschichtung.<\/li>\n<li>Ladegewicht: 120kg\/ 264.5lbs<\/li>\n<li>Herkunft des Produkts: Vietnam<\/li>\n<li>Hotline\/ WhatsApp:+84908314939<\/li>\n<\/ul>\n","protected":false},"featured_media":54916,"comment_status":"open","ping_status":"closed","template":"","meta":[],"product_brand":[],"product_cat":[13081],"product_tag":[13082],"class_list":{"0":"post-54917","1":"product","2":"type-product","3":"status-publish","4":"has-post-thumbnail","6":"product_cat-plastik-stuhle","7":"product_tag-outdoor-stuhle","9":"first","10":"instock","11":"shipping-taxable","12":"product-type-simple"},"yoast_head":"<!-- This site is optimized with the Yoast SEO plugin v27.0 - https:\/\/yoast.com\/product\/yoast-seo-wordpress\/ -->\n<title>Esstischst\u00fchle aus schwarzem Kunststoff Polypropylen St\u00fchle f\u00fcr drau\u00dfen - Minh Duc Furniture<\/title>\n<meta name=\"description\" content=\"Die schwarzen Kunststoff-Esszimmerst\u00fchle aus hochwertigem PP bieten eine robuste und ausgewogene Struktur, die sowohl f\u00fcr den Innen- als auch f\u00fcr den Au\u00dfenbereich geeignet ist.\" \/>\n<meta name=\"robots\" content=\"index, follow, max-snippet:-1, max-image-preview:large, max-video-preview:-1\" \/>\n<link rel=\"canonical\" href=\"https:\/\/minhducfurniture.com\/de\/product\/esstischstuehle-aus-schwarzem-kunststoff-polypropylen-stuehle-fuer-draussen\/\" \/>\n<meta property=\"og:locale\" content=\"de_DE\" \/>\n<meta property=\"og:type\" content=\"article\" \/>\n<meta property=\"og:title\" content=\"Esstischst\u00fchle aus schwarzem Kunststoff Polypropylen St\u00fchle f\u00fcr drau\u00dfen - Minh Duc Furniture\" \/>\n<meta property=\"og:description\" content=\"Die schwarzen Kunststoff-Esszimmerst\u00fchle aus hochwertigem PP bieten eine robuste und ausgewogene Struktur, die sowohl f\u00fcr den Innen- als auch f\u00fcr den Au\u00dfenbereich geeignet ist.\" \/>\n<meta property=\"og:url\" content=\"https:\/\/minhducfurniture.com\/de\/product\/esstischstuehle-aus-schwarzem-kunststoff-polypropylen-stuehle-fuer-draussen\/\" \/>\n<meta property=\"og:site_name\" content=\"Minh Duc Furniture\" \/>\n<meta property=\"article:modified_time\" content=\"2026-02-25T07:07:48+00:00\" \/>\n<meta property=\"og:image\" content=\"https:\/\/minhducfurniture.com\/wp-content\/uploads\/2025\/11\/Black-plastic-dining-chairs.jpg\" \/>\n\t<meta property=\"og:image:width\" content=\"850\" \/>\n\t<meta property=\"og:image:height\" content=\"850\" \/>\n\t<meta property=\"og:image:type\" content=\"image\/jpeg\" \/>\n<meta name=\"twitter:card\" content=\"summary_large_image\" \/>\n<meta name=\"twitter:label1\" content=\"Gesch\u00e4tzte Lesezeit\" \/>\n\t<meta name=\"twitter:data1\" content=\"1\u00a0Minute\" \/>\n<script type=\"application\/ld+json\" class=\"yoast-schema-graph\">{\"@context\":\"https:\/\/schema.org\",\"@graph\":[{\"@type\":\"WebPage\",\"@id\":\"https:\/\/minhducfurniture.com\/de\/product\/esstischstuehle-aus-schwarzem-kunststoff-polypropylen-stuehle-fuer-draussen\/\",\"url\":\"https:\/\/minhducfurniture.com\/de\/product\/esstischstuehle-aus-schwarzem-kunststoff-polypropylen-stuehle-fuer-draussen\/\",\"name\":\"Esstischst\u00fchle aus schwarzem Kunststoff Polypropylen St\u00fchle f\u00fcr drau\u00dfen - Minh Duc Furniture\",\"isPartOf\":{\"@id\":\"https:\/\/minhducfurniture.com\/de\/#website\"},\"primaryImageOfPage\":{\"@id\":\"https:\/\/minhducfurniture.com\/de\/product\/esstischstuehle-aus-schwarzem-kunststoff-polypropylen-stuehle-fuer-draussen\/#primaryimage\"},\"image\":{\"@id\":\"https:\/\/minhducfurniture.com\/de\/product\/esstischstuehle-aus-schwarzem-kunststoff-polypropylen-stuehle-fuer-draussen\/#primaryimage\"},\"thumbnailUrl\":\"https:\/\/minhducfurniture.com\/wp-content\/uploads\/2025\/11\/Black-plastic-dining-chairs.jpg\",\"datePublished\":\"2025-11-04T09:42:31+00:00\",\"dateModified\":\"2026-02-25T07:07:48+00:00\",\"description\":\"Die schwarzen Kunststoff-Esszimmerst\u00fchle aus hochwertigem PP bieten eine robuste und ausgewogene Struktur, die sowohl f\u00fcr den Innen- als auch f\u00fcr den Au\u00dfenbereich geeignet ist.\",\"breadcrumb\":{\"@id\":\"https:\/\/minhducfurniture.com\/de\/product\/esstischstuehle-aus-schwarzem-kunststoff-polypropylen-stuehle-fuer-draussen\/#breadcrumb\"},\"inLanguage\":\"de\",\"potentialAction\":[{\"@type\":\"ReadAction\",\"target\":[\"https:\/\/minhducfurniture.com\/de\/product\/esstischstuehle-aus-schwarzem-kunststoff-polypropylen-stuehle-fuer-draussen\/\"]}]},{\"@type\":\"ImageObject\",\"inLanguage\":\"de\",\"@id\":\"https:\/\/minhducfurniture.com\/de\/product\/esstischstuehle-aus-schwarzem-kunststoff-polypropylen-stuehle-fuer-draussen\/#primaryimage\",\"url\":\"https:\/\/minhducfurniture.com\/wp-content\/uploads\/2025\/11\/Black-plastic-dining-chairs.jpg\",\"contentUrl\":\"https:\/\/minhducfurniture.com\/wp-content\/uploads\/2025\/11\/Black-plastic-dining-chairs.jpg\",\"width\":850,\"height\":850,\"caption\":\"Esstischst\u00fchle aus schwarzem Kunststoff\"},{\"@type\":\"BreadcrumbList\",\"@id\":\"https:\/\/minhducfurniture.com\/de\/product\/esstischstuehle-aus-schwarzem-kunststoff-polypropylen-stuehle-fuer-draussen\/#breadcrumb\",\"itemListElement\":[{\"@type\":\"ListItem\",\"position\":1,\"name\":\"Home\",\"item\":\"https:\/\/minhducfurniture.com\/de\/\"},{\"@type\":\"ListItem\",\"position\":2,\"name\":\"Shop\",\"item\":\"https:\/\/minhducfurniture.com\/shop\/\"},{\"@type\":\"ListItem\",\"position\":3,\"name\":\"Esstischst\u00fchle aus schwarzem Kunststoff Polypropylen St\u00fchle f\u00fcr drau\u00dfen\"}]},{\"@type\":\"WebSite\",\"@id\":\"https:\/\/minhducfurniture.com\/de\/#website\",\"url\":\"https:\/\/minhducfurniture.com\/de\/\",\"name\":\"Minh Duc Furniture\",\"description\":\"Vietnam Furniture Supplier\",\"publisher\":{\"@id\":\"https:\/\/minhducfurniture.com\/de\/#organization\"},\"alternateName\":\"Vietnam Online Shop\",\"potentialAction\":[{\"@type\":\"SearchAction\",\"target\":{\"@type\":\"EntryPoint\",\"urlTemplate\":\"https:\/\/minhducfurniture.com\/de\/?s={search_term_string}\"},\"query-input\":{\"@type\":\"PropertyValueSpecification\",\"valueRequired\":true,\"valueName\":\"search_term_string\"}}],\"inLanguage\":\"de\"},{\"@type\":\"Organization\",\"@id\":\"https:\/\/minhducfurniture.com\/de\/#organization\",\"name\":\"Minh Duc Furniture\",\"alternateName\":\"Vietnam Furniture Export\",\"url\":\"https:\/\/minhducfurniture.com\/de\/\",\"logo\":{\"@type\":\"ImageObject\",\"inLanguage\":\"de\",\"@id\":\"https:\/\/minhducfurniture.com\/de\/#\/schema\/logo\/image\/\",\"url\":\"\",\"contentUrl\":\"\",\"caption\":\"Minh Duc Furniture\"},\"image\":{\"@id\":\"https:\/\/minhducfurniture.com\/de\/#\/schema\/logo\/image\/\"},\"sameAs\":[\"https:\/\/www.pinterest.com\/hienthaoshop\/pins\/\"]}]}<\/script>\n<!-- \/ Yoast SEO plugin. -->","yoast_head_json":{"title":"Esstischst\u00fchle aus schwarzem Kunststoff Polypropylen St\u00fchle f\u00fcr drau\u00dfen - Minh Duc Furniture","description":"Die schwarzen Kunststoff-Esszimmerst\u00fchle aus hochwertigem PP bieten eine robuste und ausgewogene Struktur, die sowohl f\u00fcr den Innen- als auch f\u00fcr den Au\u00dfenbereich geeignet ist.","robots":{"index":"index","follow":"follow","max-snippet":"max-snippet:-1","max-image-preview":"max-image-preview:large","max-video-preview":"max-video-preview:-1"},"canonical":"https:\/\/minhducfurniture.com\/de\/product\/esstischstuehle-aus-schwarzem-kunststoff-polypropylen-stuehle-fuer-draussen\/","og_locale":"de_DE","og_type":"article","og_title":"Esstischst\u00fchle aus schwarzem Kunststoff Polypropylen St\u00fchle f\u00fcr drau\u00dfen - Minh Duc Furniture","og_description":"Die schwarzen Kunststoff-Esszimmerst\u00fchle aus hochwertigem PP bieten eine robuste und ausgewogene Struktur, die sowohl f\u00fcr den Innen- als auch f\u00fcr den Au\u00dfenbereich geeignet ist.","og_url":"https:\/\/minhducfurniture.com\/de\/product\/esstischstuehle-aus-schwarzem-kunststoff-polypropylen-stuehle-fuer-draussen\/","og_site_name":"Minh Duc Furniture","article_modified_time":"2026-02-25T07:07:48+00:00","og_image":[{"width":850,"height":850,"url":"https:\/\/minhducfurniture.com\/wp-content\/uploads\/2025\/11\/Black-plastic-dining-chairs.jpg","type":"image\/jpeg"}],"twitter_card":"summary_large_image","twitter_misc":{"Gesch\u00e4tzte Lesezeit":"1\u00a0Minute"},"schema":{"@context":"https:\/\/schema.org","@graph":[{"@type":"WebPage","@id":"https:\/\/minhducfurniture.com\/de\/product\/esstischstuehle-aus-schwarzem-kunststoff-polypropylen-stuehle-fuer-draussen\/","url":"https:\/\/minhducfurniture.com\/de\/product\/esstischstuehle-aus-schwarzem-kunststoff-polypropylen-stuehle-fuer-draussen\/","name":"Esstischst\u00fchle aus schwarzem Kunststoff Polypropylen St\u00fchle f\u00fcr drau\u00dfen - Minh Duc Furniture","isPartOf":{"@id":"https:\/\/minhducfurniture.com\/de\/#website"},"primaryImageOfPage":{"@id":"https:\/\/minhducfurniture.com\/de\/product\/esstischstuehle-aus-schwarzem-kunststoff-polypropylen-stuehle-fuer-draussen\/#primaryimage"},"image":{"@id":"https:\/\/minhducfurniture.com\/de\/product\/esstischstuehle-aus-schwarzem-kunststoff-polypropylen-stuehle-fuer-draussen\/#primaryimage"},"thumbnailUrl":"https:\/\/minhducfurniture.com\/wp-content\/uploads\/2025\/11\/Black-plastic-dining-chairs.jpg","datePublished":"2025-11-04T09:42:31+00:00","dateModified":"2026-02-25T07:07:48+00:00","description":"Die schwarzen Kunststoff-Esszimmerst\u00fchle aus hochwertigem PP bieten eine robuste und ausgewogene Struktur, die sowohl f\u00fcr den Innen- als auch f\u00fcr den Au\u00dfenbereich geeignet ist.","breadcrumb":{"@id":"https:\/\/minhducfurniture.com\/de\/product\/esstischstuehle-aus-schwarzem-kunststoff-polypropylen-stuehle-fuer-draussen\/#breadcrumb"},"inLanguage":"de","potentialAction":[{"@type":"ReadAction","target":["https:\/\/minhducfurniture.com\/de\/product\/esstischstuehle-aus-schwarzem-kunststoff-polypropylen-stuehle-fuer-draussen\/"]}]},{"@type":"ImageObject","inLanguage":"de","@id":"https:\/\/minhducfurniture.com\/de\/product\/esstischstuehle-aus-schwarzem-kunststoff-polypropylen-stuehle-fuer-draussen\/#primaryimage","url":"https:\/\/minhducfurniture.com\/wp-content\/uploads\/2025\/11\/Black-plastic-dining-chairs.jpg","contentUrl":"https:\/\/minhducfurniture.com\/wp-content\/uploads\/2025\/11\/Black-plastic-dining-chairs.jpg","width":850,"height":850,"caption":"Esstischst\u00fchle aus schwarzem Kunststoff"},{"@type":"BreadcrumbList","@id":"https:\/\/minhducfurniture.com\/de\/product\/esstischstuehle-aus-schwarzem-kunststoff-polypropylen-stuehle-fuer-draussen\/#breadcrumb","itemListElement":[{"@type":"ListItem","position":1,"name":"Home","item":"https:\/\/minhducfurniture.com\/de\/"},{"@type":"ListItem","position":2,"name":"Shop","item":"https:\/\/minhducfurniture.com\/shop\/"},{"@type":"ListItem","position":3,"name":"Esstischst\u00fchle aus schwarzem Kunststoff Polypropylen St\u00fchle f\u00fcr drau\u00dfen"}]},{"@type":"WebSite","@id":"https:\/\/minhducfurniture.com\/de\/#website","url":"https:\/\/minhducfurniture.com\/de\/","name":"Minh Duc Furniture","description":"Vietnam Furniture Supplier","publisher":{"@id":"https:\/\/minhducfurniture.com\/de\/#organization"},"alternateName":"Vietnam Online Shop","potentialAction":[{"@type":"SearchAction","target":{"@type":"EntryPoint","urlTemplate":"https:\/\/minhducfurniture.com\/de\/?s={search_term_string}"},"query-input":{"@type":"PropertyValueSpecification","valueRequired":true,"valueName":"search_term_string"}}],"inLanguage":"de"},{"@type":"Organization","@id":"https:\/\/minhducfurniture.com\/de\/#organization","name":"Minh Duc Furniture","alternateName":"Vietnam Furniture Export","url":"https:\/\/minhducfurniture.com\/de\/","logo":{"@type":"ImageObject","inLanguage":"de","@id":"https:\/\/minhducfurniture.com\/de\/#\/schema\/logo\/image\/","url":"","contentUrl":"","caption":"Minh Duc Furniture"},"image":{"@id":"https:\/\/minhducfurniture.com\/de\/#\/schema\/logo\/image\/"},"sameAs":["https:\/\/www.pinterest.com\/hienthaoshop\/pins\/"]}]}},"_links":{"self":[{"href":"https:\/\/minhducfurniture.com\/de\/wp-json\/wp\/v2\/product\/54917","targetHints":{"allow":["GET"]}}],"collection":[{"href":"https:\/\/minhducfurniture.com\/de\/wp-json\/wp\/v2\/product"}],"about":[{"href":"https:\/\/minhducfurniture.com\/de\/wp-json\/wp\/v2\/types\/product"}],"replies":[{"embeddable":true,"href":"https:\/\/minhducfurniture.com\/de\/wp-json\/wp\/v2\/comments?post=54917"}],"wp:featuredmedia":[{"embeddable":true,"href":"https:\/\/minhducfurniture.com\/de\/wp-json\/wp\/v2\/media\/54916"}],"wp:attachment":[{"href":"https:\/\/minhducfurniture.com\/de\/wp-json\/wp\/v2\/media?parent=54917"}],"wp:term":[{"taxonomy":"product_brand","embeddable":true,"href":"https:\/\/minhducfurniture.com\/de\/wp-json\/wp\/v2\/product_brand?post=54917"},{"taxonomy":"product_cat","embeddable":true,"href":"https:\/\/minhducfurniture.com\/de\/wp-json\/wp\/v2\/product_cat?post=54917"},{"taxonomy":"product_tag","embeddable":true,"href":"https:\/\/minhducfurniture.com\/de\/wp-json\/wp\/v2\/product_tag?post=54917"}],"curies":[{"name":"wp","href":"https:\/\/api.w.org\/{rel}","templated":true}]}}