{"id":54912,"date":"2025-10-06T00:28:27","date_gmt":"2025-10-05T17:28:27","guid":{"rendered":"https:\/\/minhducfurniture.com\/product\/schwarzes-metallgestell-sessel-eisengestell-stuhl-fuer-den-export\/"},"modified":"2026-02-25T14:07:26","modified_gmt":"2026-02-25T07:07:26","slug":"schwarzes-metallgestell-sessel-eisengestell-stuhl-fuer-den-export","status":"publish","type":"product","link":"https:\/\/minhducfurniture.com\/de\/product\/schwarzes-metallgestell-sessel-eisengestell-stuhl-fuer-den-export\/","title":{"rendered":"Schwarzes Metallgestell Sessel Eisengestell Stuhl f\u00fcr den Export"},"content":{"rendered":"<h2><span style=\"font-size: 90%;\">Sessel mit schwarzem Metallgestell und runder Sitzfl\u00e4che  <\/span><\/h2>\n<p>Dieser <strong>Sessel mit schwarzem Metallgestell<\/strong> verf\u00fcgt \u00fcber eine elegante, pulverbeschichtete Struktur, die mit einem glatten, runden Holzsitz gepaart ist und eine raffinierte Balance zwischen industrieller St\u00e4rke und nat\u00fcrlicher W\u00e4rme schafft. Die sanft geschwungene R\u00fcckenlehne bietet subtilen Halt und sorgt gleichzeitig f\u00fcr eine offene und luftige Silhouette. Das Beindesign verleiht ihm einen unverwechselbaren modernen Charakter, ohne die Stabilit\u00e4t zu beeintr\u00e4chtigen. Dieser Stuhl ist ideal f\u00fcr Esszimmer, Caf\u00e9s, Heimb\u00fcros oder stilvolle Eckbereiche und verbindet nahtlos Funktionalit\u00e4t mit zeitgen\u00f6ssischer Eleganz.   <\/p>\n<h3>Beschreibung des Produkts<\/h3>\n<ul>\n<li>Produkt-Code: MDE-0108IW<\/li>\n<li>Gr\u00f6\u00dfe des Stuhls: B500mm x SH450mm x H800mm.<\/li>\n<li>Stahlrahmen mit Pulverbeschichtung.<\/li>\n<li>Runde Sitzplatte aus Sperrholz mit individueller Farbe und Design nach Kundenw\u00fcnschen.<\/li>\n<li>Ladegewicht: 150kg\/ 330lbs<\/li>\n<li>Herkunft des Produkts: Vietnam<\/li>\n<\/ul>\n<figure id=\"attachment_54909\" aria-describedby=\"caption-attachment-54909\" style=\"width: 850px\" class=\"wp-caption aligncenter\"><img decoding=\"async\" class=\"size-full wp-image-53740\" src=\"https:\/\/minhducfurniture.com\/wp-content\/uploads\/2025\/10\/Chair-with-iron-table.jpg\" alt=\"Stuhl mit Eisentisch\" width=\"850\" height=\"553\" srcset=\"https:\/\/minhducfurniture.com\/wp-content\/uploads\/2025\/10\/Chair-with-iron-table.jpg 850w, https:\/\/minhducfurniture.com\/wp-content\/uploads\/2025\/10\/Chair-with-iron-table-615x400.jpg 615w, https:\/\/minhducfurniture.com\/wp-content\/uploads\/2025\/10\/Chair-with-iron-table-768x500.jpg 768w, https:\/\/minhducfurniture.com\/wp-content\/uploads\/2025\/10\/Chair-with-iron-table-510x332.jpg 510w\" sizes=\"(max-width: 850px) 100vw, 850px\" \/><figcaption id=\"caption-attachment-54909\" class=\"wp-caption-text\">Stuhl mit Eisentisch<\/figcaption><\/figure>\n<h4>Bestellinformationen<\/h4>\n<ul>\n<li>Mindestbestellmenge (MOQ): 50 St\u00fcck<\/li>\n<li>Vorlaufzeit: 30-35 Tage nach Anzahlung<\/li>\n<li>Liefertermin: FOB Hai Phong, Vietnam<\/li>\n<li>Zahlungsbedingungen: T\/T 30% Anzahlung, 70% Restbetrag vor Versand<\/li>\n<\/ul>\n<h4>Kontaktinformationen<\/h4>\n<ul>\n<li><a href=\"https:\/\/minhducfurniture.com\/de\/\">Minh Duc Public Furniture Co, Ltd.<\/a><\/li>\n<li>Adresse: Villa H02-L11 An Phu, Duong Noi, Ha Dong, Hanoi, Vietnam<\/li>\n<li>Telefon\/WhatsApp\/Zalo: +84 908 314 939<\/li>\n<\/ul>\n<h4>Mehr aus unseren Kollektionen<\/h4>\n<ul>\n<li><span style=\"color: #008080;\"><a style=\"color: #008080;\" href=\"https:\/\/minhducfurniture.com\/de\/product\/outdoor-baenke-zu-verkaufen-metall-holz-bank\/\">Outdoor B\u00e4nke zu verkaufen Metall Holz Bank<\/a><\/span><\/li>\n<li><span style=\"color: #008080;\"><a style=\"color: #008080;\" href=\"https:\/\/minhducfurniture.com\/de\/product\/kleiner-gepolsterter-sessel-metallgestell-moderner-loungesessel\/\">Kleiner gepolsterter Sessel Metallgestell moderner Loungesessel<\/a><\/span><\/li>\n<\/ul>\n<div class=\"social-icons share-icons share-row relative\" ><a href=\"whatsapp:\/\/send?text=Schwarzes%20Metallgestell%20Sessel%20Eisengestell%20Stuhl%20f%C3%BCr%20den%20Export - https:\/\/minhducfurniture.com\/de\/product\/schwarzes-metallgestell-sessel-eisengestell-stuhl-fuer-den-export\/\" data-action=\"share\/whatsapp\/share\" class=\"icon primary button round tooltip whatsapp show-for-medium\" title=\"Auf WhatsApp teilen\" aria-label=\"Auf WhatsApp teilen\"><i class=\"icon-whatsapp\" aria-hidden=\"true\"><\/i><\/a><a href=\"https:\/\/www.facebook.com\/sharer.php?u=https:\/\/minhducfurniture.com\/de\/product\/schwarzes-metallgestell-sessel-eisengestell-stuhl-fuer-den-export\/\" data-label=\"Facebook\" onclick=\"window.open(this.href,this.title,'width=500,height=500,top=300px,left=300px'); return false;\" target=\"_blank\" class=\"icon primary button round tooltip facebook\" title=\"Auf Facebook teilen\" aria-label=\"Auf Facebook teilen\" rel=\"noopener nofollow\"><i class=\"icon-facebook\" aria-hidden=\"true\"><\/i><\/a><a href=\"https:\/\/twitter.com\/share?url=https:\/\/minhducfurniture.com\/de\/product\/schwarzes-metallgestell-sessel-eisengestell-stuhl-fuer-den-export\/\" onclick=\"window.open(this.href,this.title,'width=500,height=500,top=300px,left=300px'); return false;\" target=\"_blank\" class=\"icon primary button round tooltip twitter\" title=\"Auf Twitter teilen\" aria-label=\"Auf Twitter teilen\" rel=\"noopener nofollow\"><i class=\"icon-twitter\" aria-hidden=\"true\"><\/i><\/a><a href=\"mailto:?subject=Schwarzes%20Metallgestell%20Sessel%20Eisengestell%20Stuhl%20f%C3%BCr%20den%20Export&body=Schau%20dir%20das%20an%3A%20https%3A%2F%2Fminhducfurniture.com%2Fde%2Fproduct%2Fschwarzes-metallgestell-sessel-eisengestell-stuhl-fuer-den-export%2F\" class=\"icon primary button round tooltip email\" title=\"E-mail an einen Freund senden\" aria-label=\"E-mail an einen Freund senden\" rel=\"nofollow\"><i class=\"icon-envelop\" aria-hidden=\"true\"><\/i><\/a><a href=\"https:\/\/pinterest.com\/pin\/create\/button?url=https:\/\/minhducfurniture.com\/de\/product\/schwarzes-metallgestell-sessel-eisengestell-stuhl-fuer-den-export\/&media=https:\/\/minhducfurniture.com\/wp-content\/uploads\/2025\/10\/black-metal-frame-armchair.jpg&description=Schwarzes%20Metallgestell%20Sessel%20Eisengestell%20Stuhl%20f%C3%BCr%20den%20Export\" onclick=\"window.open(this.href,this.title,'width=500,height=500,top=300px,left=300px'); return false;\" target=\"_blank\" class=\"icon primary button round tooltip pinterest\" title=\"Pinterest Pin erstellen\" aria-label=\"Pinterest Pin erstellen\" rel=\"noopener nofollow\"><i class=\"icon-pinterest\" aria-hidden=\"true\"><\/i><\/a><a href=\"https:\/\/www.linkedin.com\/shareArticle?mini=true&url=https:\/\/minhducfurniture.com\/de\/product\/schwarzes-metallgestell-sessel-eisengestell-stuhl-fuer-den-export\/&title=Schwarzes%20Metallgestell%20Sessel%20Eisengestell%20Stuhl%20f%C3%BCr%20den%20Export\" onclick=\"window.open(this.href,this.title,'width=500,height=500,top=300px,left=300px'); return false;\" target=\"_blank\" class=\"icon primary button round tooltip linkedin\" title=\"Auf LinkedIn teilen\" aria-label=\"Auf LinkedIn teilen\" rel=\"noopener nofollow\"><i class=\"icon-linkedin\" aria-hidden=\"true\"><\/i><\/a><\/div>\n","protected":false},"excerpt":{"rendered":"<ul>\n<li>Produkt-Code: MDE-0108IW<\/li>\n<li>Gr\u00f6\u00dfe des Stuhls: B500mm x SH450mm x H800mm.<\/li>\n<li>Stahlrahmen mit Pulverbeschichtung.<\/li>\n<li>Ladegewicht: 150kg\/ 330lbs<\/li>\n<li>Herkunft des Produkts: Vietnam<\/li>\n<li>Hotline\/ WhatsApp:+84908314939<\/li>\n<\/ul>\n","protected":false},"featured_media":54910,"comment_status":"open","ping_status":"closed","template":"","meta":[],"product_brand":[],"product_cat":[13084],"product_tag":[],"class_list":{"0":"post-54912","1":"product","2":"type-product","3":"status-publish","4":"has-post-thumbnail","6":"product_cat-lounge-sessel","8":"first","9":"instock","10":"shipping-taxable","11":"product-type-simple"},"yoast_head":"<!-- This site is optimized with the Yoast SEO plugin v27.0 - https:\/\/yoast.com\/product\/yoast-seo-wordpress\/ -->\n<title>Schwarzes Metallgestell Sessel Eisengestell Stuhl f\u00fcr den Export - Minh Duc Furniture<\/title>\n<meta name=\"description\" content=\"Dieser Sessel mit schwarzem Metallgestell verf\u00fcgt \u00fcber eine elegante, pulverbeschichtete Struktur, die mit einem glatten, runden Holzsitz kombiniert wird.\" \/>\n<meta name=\"robots\" content=\"index, follow, max-snippet:-1, max-image-preview:large, max-video-preview:-1\" \/>\n<link rel=\"canonical\" href=\"https:\/\/minhducfurniture.com\/de\/product\/schwarzes-metallgestell-sessel-eisengestell-stuhl-fuer-den-export\/\" \/>\n<meta property=\"og:locale\" content=\"de_DE\" \/>\n<meta property=\"og:type\" content=\"article\" \/>\n<meta property=\"og:title\" content=\"Schwarzes Metallgestell Sessel Eisengestell Stuhl f\u00fcr den Export - Minh Duc Furniture\" \/>\n<meta property=\"og:description\" content=\"Dieser Sessel mit schwarzem Metallgestell verf\u00fcgt \u00fcber eine elegante, pulverbeschichtete Struktur, die mit einem glatten, runden Holzsitz kombiniert wird.\" \/>\n<meta property=\"og:url\" content=\"https:\/\/minhducfurniture.com\/de\/product\/schwarzes-metallgestell-sessel-eisengestell-stuhl-fuer-den-export\/\" \/>\n<meta property=\"og:site_name\" content=\"Minh Duc Furniture\" \/>\n<meta property=\"article:modified_time\" content=\"2026-02-25T07:07:26+00:00\" \/>\n<meta property=\"og:image\" content=\"https:\/\/minhducfurniture.com\/wp-content\/uploads\/2025\/10\/black-metal-frame-armchair.jpg\" \/>\n\t<meta property=\"og:image:width\" content=\"750\" \/>\n\t<meta property=\"og:image:height\" content=\"750\" \/>\n\t<meta property=\"og:image:type\" content=\"image\/jpeg\" \/>\n<meta name=\"twitter:card\" content=\"summary_large_image\" \/>\n<meta name=\"twitter:label1\" content=\"Gesch\u00e4tzte Lesezeit\" \/>\n\t<meta name=\"twitter:data1\" content=\"1\u00a0Minute\" \/>\n<script type=\"application\/ld+json\" class=\"yoast-schema-graph\">{\"@context\":\"https:\/\/schema.org\",\"@graph\":[{\"@type\":\"WebPage\",\"@id\":\"https:\/\/minhducfurniture.com\/de\/product\/schwarzes-metallgestell-sessel-eisengestell-stuhl-fuer-den-export\/\",\"url\":\"https:\/\/minhducfurniture.com\/de\/product\/schwarzes-metallgestell-sessel-eisengestell-stuhl-fuer-den-export\/\",\"name\":\"Schwarzes Metallgestell Sessel Eisengestell Stuhl f\u00fcr den Export - Minh Duc Furniture\",\"isPartOf\":{\"@id\":\"https:\/\/minhducfurniture.com\/de\/#website\"},\"primaryImageOfPage\":{\"@id\":\"https:\/\/minhducfurniture.com\/de\/product\/schwarzes-metallgestell-sessel-eisengestell-stuhl-fuer-den-export\/#primaryimage\"},\"image\":{\"@id\":\"https:\/\/minhducfurniture.com\/de\/product\/schwarzes-metallgestell-sessel-eisengestell-stuhl-fuer-den-export\/#primaryimage\"},\"thumbnailUrl\":\"https:\/\/minhducfurniture.com\/wp-content\/uploads\/2025\/10\/black-metal-frame-armchair.jpg\",\"datePublished\":\"2025-10-05T17:28:27+00:00\",\"dateModified\":\"2026-02-25T07:07:26+00:00\",\"description\":\"Dieser Sessel mit schwarzem Metallgestell verf\u00fcgt \u00fcber eine elegante, pulverbeschichtete Struktur, die mit einem glatten, runden Holzsitz kombiniert wird.\",\"breadcrumb\":{\"@id\":\"https:\/\/minhducfurniture.com\/de\/product\/schwarzes-metallgestell-sessel-eisengestell-stuhl-fuer-den-export\/#breadcrumb\"},\"inLanguage\":\"de\",\"potentialAction\":[{\"@type\":\"ReadAction\",\"target\":[\"https:\/\/minhducfurniture.com\/de\/product\/schwarzes-metallgestell-sessel-eisengestell-stuhl-fuer-den-export\/\"]}]},{\"@type\":\"ImageObject\",\"inLanguage\":\"de\",\"@id\":\"https:\/\/minhducfurniture.com\/de\/product\/schwarzes-metallgestell-sessel-eisengestell-stuhl-fuer-den-export\/#primaryimage\",\"url\":\"https:\/\/minhducfurniture.com\/wp-content\/uploads\/2025\/10\/black-metal-frame-armchair.jpg\",\"contentUrl\":\"https:\/\/minhducfurniture.com\/wp-content\/uploads\/2025\/10\/black-metal-frame-armchair.jpg\",\"width\":750,\"height\":750,\"caption\":\"Sessel mit schwarzem Metallgestell\"},{\"@type\":\"BreadcrumbList\",\"@id\":\"https:\/\/minhducfurniture.com\/de\/product\/schwarzes-metallgestell-sessel-eisengestell-stuhl-fuer-den-export\/#breadcrumb\",\"itemListElement\":[{\"@type\":\"ListItem\",\"position\":1,\"name\":\"Home\",\"item\":\"https:\/\/minhducfurniture.com\/de\/\"},{\"@type\":\"ListItem\",\"position\":2,\"name\":\"Shop\",\"item\":\"https:\/\/minhducfurniture.com\/shop\/\"},{\"@type\":\"ListItem\",\"position\":3,\"name\":\"Schwarzes Metallgestell Sessel Eisengestell Stuhl f\u00fcr den Export\"}]},{\"@type\":\"WebSite\",\"@id\":\"https:\/\/minhducfurniture.com\/de\/#website\",\"url\":\"https:\/\/minhducfurniture.com\/de\/\",\"name\":\"Minh Duc Furniture\",\"description\":\"Vietnam Furniture Supplier\",\"publisher\":{\"@id\":\"https:\/\/minhducfurniture.com\/de\/#organization\"},\"alternateName\":\"Vietnam Online Shop\",\"potentialAction\":[{\"@type\":\"SearchAction\",\"target\":{\"@type\":\"EntryPoint\",\"urlTemplate\":\"https:\/\/minhducfurniture.com\/de\/?s={search_term_string}\"},\"query-input\":{\"@type\":\"PropertyValueSpecification\",\"valueRequired\":true,\"valueName\":\"search_term_string\"}}],\"inLanguage\":\"de\"},{\"@type\":\"Organization\",\"@id\":\"https:\/\/minhducfurniture.com\/de\/#organization\",\"name\":\"Minh Duc Furniture\",\"alternateName\":\"Vietnam Furniture Export\",\"url\":\"https:\/\/minhducfurniture.com\/de\/\",\"logo\":{\"@type\":\"ImageObject\",\"inLanguage\":\"de\",\"@id\":\"https:\/\/minhducfurniture.com\/de\/#\/schema\/logo\/image\/\",\"url\":\"\",\"contentUrl\":\"\",\"caption\":\"Minh Duc Furniture\"},\"image\":{\"@id\":\"https:\/\/minhducfurniture.com\/de\/#\/schema\/logo\/image\/\"},\"sameAs\":[\"https:\/\/www.pinterest.com\/hienthaoshop\/pins\/\"]}]}<\/script>\n<!-- \/ Yoast SEO plugin. -->","yoast_head_json":{"title":"Schwarzes Metallgestell Sessel Eisengestell Stuhl f\u00fcr den Export - Minh Duc Furniture","description":"Dieser Sessel mit schwarzem Metallgestell verf\u00fcgt \u00fcber eine elegante, pulverbeschichtete Struktur, die mit einem glatten, runden Holzsitz kombiniert wird.","robots":{"index":"index","follow":"follow","max-snippet":"max-snippet:-1","max-image-preview":"max-image-preview:large","max-video-preview":"max-video-preview:-1"},"canonical":"https:\/\/minhducfurniture.com\/de\/product\/schwarzes-metallgestell-sessel-eisengestell-stuhl-fuer-den-export\/","og_locale":"de_DE","og_type":"article","og_title":"Schwarzes Metallgestell Sessel Eisengestell Stuhl f\u00fcr den Export - Minh Duc Furniture","og_description":"Dieser Sessel mit schwarzem Metallgestell verf\u00fcgt \u00fcber eine elegante, pulverbeschichtete Struktur, die mit einem glatten, runden Holzsitz kombiniert wird.","og_url":"https:\/\/minhducfurniture.com\/de\/product\/schwarzes-metallgestell-sessel-eisengestell-stuhl-fuer-den-export\/","og_site_name":"Minh Duc Furniture","article_modified_time":"2026-02-25T07:07:26+00:00","og_image":[{"width":750,"height":750,"url":"https:\/\/minhducfurniture.com\/wp-content\/uploads\/2025\/10\/black-metal-frame-armchair.jpg","type":"image\/jpeg"}],"twitter_card":"summary_large_image","twitter_misc":{"Gesch\u00e4tzte Lesezeit":"1\u00a0Minute"},"schema":{"@context":"https:\/\/schema.org","@graph":[{"@type":"WebPage","@id":"https:\/\/minhducfurniture.com\/de\/product\/schwarzes-metallgestell-sessel-eisengestell-stuhl-fuer-den-export\/","url":"https:\/\/minhducfurniture.com\/de\/product\/schwarzes-metallgestell-sessel-eisengestell-stuhl-fuer-den-export\/","name":"Schwarzes Metallgestell Sessel Eisengestell Stuhl f\u00fcr den Export - Minh Duc Furniture","isPartOf":{"@id":"https:\/\/minhducfurniture.com\/de\/#website"},"primaryImageOfPage":{"@id":"https:\/\/minhducfurniture.com\/de\/product\/schwarzes-metallgestell-sessel-eisengestell-stuhl-fuer-den-export\/#primaryimage"},"image":{"@id":"https:\/\/minhducfurniture.com\/de\/product\/schwarzes-metallgestell-sessel-eisengestell-stuhl-fuer-den-export\/#primaryimage"},"thumbnailUrl":"https:\/\/minhducfurniture.com\/wp-content\/uploads\/2025\/10\/black-metal-frame-armchair.jpg","datePublished":"2025-10-05T17:28:27+00:00","dateModified":"2026-02-25T07:07:26+00:00","description":"Dieser Sessel mit schwarzem Metallgestell verf\u00fcgt \u00fcber eine elegante, pulverbeschichtete Struktur, die mit einem glatten, runden Holzsitz kombiniert wird.","breadcrumb":{"@id":"https:\/\/minhducfurniture.com\/de\/product\/schwarzes-metallgestell-sessel-eisengestell-stuhl-fuer-den-export\/#breadcrumb"},"inLanguage":"de","potentialAction":[{"@type":"ReadAction","target":["https:\/\/minhducfurniture.com\/de\/product\/schwarzes-metallgestell-sessel-eisengestell-stuhl-fuer-den-export\/"]}]},{"@type":"ImageObject","inLanguage":"de","@id":"https:\/\/minhducfurniture.com\/de\/product\/schwarzes-metallgestell-sessel-eisengestell-stuhl-fuer-den-export\/#primaryimage","url":"https:\/\/minhducfurniture.com\/wp-content\/uploads\/2025\/10\/black-metal-frame-armchair.jpg","contentUrl":"https:\/\/minhducfurniture.com\/wp-content\/uploads\/2025\/10\/black-metal-frame-armchair.jpg","width":750,"height":750,"caption":"Sessel mit schwarzem Metallgestell"},{"@type":"BreadcrumbList","@id":"https:\/\/minhducfurniture.com\/de\/product\/schwarzes-metallgestell-sessel-eisengestell-stuhl-fuer-den-export\/#breadcrumb","itemListElement":[{"@type":"ListItem","position":1,"name":"Home","item":"https:\/\/minhducfurniture.com\/de\/"},{"@type":"ListItem","position":2,"name":"Shop","item":"https:\/\/minhducfurniture.com\/shop\/"},{"@type":"ListItem","position":3,"name":"Schwarzes Metallgestell Sessel Eisengestell Stuhl f\u00fcr den Export"}]},{"@type":"WebSite","@id":"https:\/\/minhducfurniture.com\/de\/#website","url":"https:\/\/minhducfurniture.com\/de\/","name":"Minh Duc Furniture","description":"Vietnam Furniture Supplier","publisher":{"@id":"https:\/\/minhducfurniture.com\/de\/#organization"},"alternateName":"Vietnam Online Shop","potentialAction":[{"@type":"SearchAction","target":{"@type":"EntryPoint","urlTemplate":"https:\/\/minhducfurniture.com\/de\/?s={search_term_string}"},"query-input":{"@type":"PropertyValueSpecification","valueRequired":true,"valueName":"search_term_string"}}],"inLanguage":"de"},{"@type":"Organization","@id":"https:\/\/minhducfurniture.com\/de\/#organization","name":"Minh Duc Furniture","alternateName":"Vietnam Furniture Export","url":"https:\/\/minhducfurniture.com\/de\/","logo":{"@type":"ImageObject","inLanguage":"de","@id":"https:\/\/minhducfurniture.com\/de\/#\/schema\/logo\/image\/","url":"","contentUrl":"","caption":"Minh Duc Furniture"},"image":{"@id":"https:\/\/minhducfurniture.com\/de\/#\/schema\/logo\/image\/"},"sameAs":["https:\/\/www.pinterest.com\/hienthaoshop\/pins\/"]}]}},"_links":{"self":[{"href":"https:\/\/minhducfurniture.com\/de\/wp-json\/wp\/v2\/product\/54912","targetHints":{"allow":["GET"]}}],"collection":[{"href":"https:\/\/minhducfurniture.com\/de\/wp-json\/wp\/v2\/product"}],"about":[{"href":"https:\/\/minhducfurniture.com\/de\/wp-json\/wp\/v2\/types\/product"}],"replies":[{"embeddable":true,"href":"https:\/\/minhducfurniture.com\/de\/wp-json\/wp\/v2\/comments?post=54912"}],"wp:featuredmedia":[{"embeddable":true,"href":"https:\/\/minhducfurniture.com\/de\/wp-json\/wp\/v2\/media\/54910"}],"wp:attachment":[{"href":"https:\/\/minhducfurniture.com\/de\/wp-json\/wp\/v2\/media?parent=54912"}],"wp:term":[{"taxonomy":"product_brand","embeddable":true,"href":"https:\/\/minhducfurniture.com\/de\/wp-json\/wp\/v2\/product_brand?post=54912"},{"taxonomy":"product_cat","embeddable":true,"href":"https:\/\/minhducfurniture.com\/de\/wp-json\/wp\/v2\/product_cat?post=54912"},{"taxonomy":"product_tag","embeddable":true,"href":"https:\/\/minhducfurniture.com\/de\/wp-json\/wp\/v2\/product_tag?post=54912"}],"curies":[{"name":"wp","href":"https:\/\/api.w.org\/{rel}","templated":true}]}}