{"id":54907,"date":"2025-09-23T00:54:47","date_gmt":"2025-09-22T17:54:47","guid":{"rendered":"https:\/\/minhducfurniture.com\/product\/stuhl-mit-metallgestell-und-kissen-moderner-gepolsterter-esszimmerstuhl\/"},"modified":"2026-02-25T14:07:08","modified_gmt":"2026-02-25T07:07:08","slug":"stuhl-mit-metallgestell-und-kissen-moderner-gepolsterter-esszimmerstuhl","status":"publish","type":"product","link":"https:\/\/minhducfurniture.com\/de\/product\/stuhl-mit-metallgestell-und-kissen-moderner-gepolsterter-esszimmerstuhl\/","title":{"rendered":"Stuhl mit Metallgestell und Kissen Moderner gepolsterter Esszimmerstuhl"},"content":{"rendered":"<h2><span style=\"font-size: 90%;\">Stuhl mit Metallgestell und Kissen, zeitgen\u00f6ssischer Esszimmerstuhl mit Metallbeinen<\/span><\/h2>\n<div>Dieser <strong>Stuhl mit Metallgestell und Kissen<\/strong> kombiniert minimalistische Eleganz mit einem lebendigen Design. Mit einem Sitzkissen und einer R\u00fcckenlehne, die mit Vinyl oder Stoff bezogen sind, setzt er einen lebendigen Akzent in jedem Ess- oder Wohnbereich. Die runde, gepolsterte Sitzfl\u00e4che und die geschwungene R\u00fcckenlehne sorgen f\u00fcr Komfort, w\u00e4hrend der elegante schwarze Metallrahmen f\u00fcr Langlebigkeit und Stabilit\u00e4t sorgt. Dieser Stuhl eignet sich perfekt f\u00fcr Esszimmer, Caf\u00e9s oder stilvolle Wohnr\u00e4ume und verbindet Funktionalit\u00e4t mit moderner \u00c4sthetik.   <\/div>\n<div>\t<div id=\"gap-1534498625\" class=\"gap-element clearfix\" style=\"display:block; height:auto;\">\n\t\t\n<style>\n#gap-1534498625 {\n  padding-top: 30px;\n}\n<\/style>\n\t<\/div>\n\t<\/div>\n<figure id=\"attachment_54903\" aria-describedby=\"caption-attachment-54903\" style=\"width: 850px\" class=\"wp-caption aligncenter\"><img decoding=\"async\" class=\"size-full wp-image-53653\" src=\"https:\/\/minhducfurniture.com\/wp-content\/uploads\/2025\/09\/Metal-frame-chair-with-orange-vinyl-upholstery.jpg\" alt=\"Stuhl mit Metallgestell und orangefarbener Vinylpolsterung\" width=\"850\" height=\"601\" srcset=\"https:\/\/minhducfurniture.com\/wp-content\/uploads\/2025\/09\/Metal-frame-chair-with-orange-vinyl-upholstery.jpg 850w, https:\/\/minhducfurniture.com\/wp-content\/uploads\/2025\/09\/Metal-frame-chair-with-orange-vinyl-upholstery-566x400.jpg 566w, https:\/\/minhducfurniture.com\/wp-content\/uploads\/2025\/09\/Metal-frame-chair-with-orange-vinyl-upholstery-768x543.jpg 768w, https:\/\/minhducfurniture.com\/wp-content\/uploads\/2025\/09\/Metal-frame-chair-with-orange-vinyl-upholstery-510x361.jpg 510w\" sizes=\"(max-width: 850px) 100vw, 850px\" \/><figcaption id=\"caption-attachment-54903\" class=\"wp-caption-text\">Stuhl mit Metallgestell und orangefarbener Vinylpolsterung<\/figcaption><\/figure>\n<h3><span style=\"font-size: 20.16px;\">Beschreibung des Produkts<\/span><\/h3>\n<div>\n<ul>\n<li>Produkt-Code: MDE-021IU<\/li>\n<li>Gr\u00f6\u00dfe des Stuhls: B510mm x SH450mm x H820mm<\/li>\n<li>Stahlrahmen mit Pulverbeschichtung.<\/li>\n<li>Kissen und Kopfst\u00fctzen mit Stoff oder PU-Leder, Vinyl bezogen. Passen Sie Farbe und Design nach Kundenwunsch an. <\/li>\n<li>Ladegewicht: 150kg\/ 330lbs<\/li>\n<li>Herkunft des Produkts: Vietnam<\/li>\n<\/ul>\n<figure id=\"attachment_54904\" aria-describedby=\"caption-attachment-54904\" style=\"width: 850px\" class=\"wp-caption aligncenter\"><img decoding=\"async\" class=\"size-full wp-image-53658\" src=\"https:\/\/minhducfurniture.com\/wp-content\/uploads\/2025\/09\/The-chair-with-fabric-upholstery.jpg\" alt=\"Der Stuhl mit Stoffpolsterung\" width=\"850\" height=\"630\" srcset=\"https:\/\/minhducfurniture.com\/wp-content\/uploads\/2025\/09\/The-chair-with-fabric-upholstery.jpg 850w, https:\/\/minhducfurniture.com\/wp-content\/uploads\/2025\/09\/The-chair-with-fabric-upholstery-540x400.jpg 540w, https:\/\/minhducfurniture.com\/wp-content\/uploads\/2025\/09\/The-chair-with-fabric-upholstery-768x569.jpg 768w, https:\/\/minhducfurniture.com\/wp-content\/uploads\/2025\/09\/The-chair-with-fabric-upholstery-510x378.jpg 510w\" sizes=\"(max-width: 850px) 100vw, 850px\" \/><figcaption id=\"caption-attachment-54904\" class=\"wp-caption-text\">Der Stuhl mit Stoffpolsterung<\/figcaption><\/figure>\n<h4>Bestellinformationen<\/h4>\n<ul>\n<li>Mindestbestellmenge (MOQ): 50 St\u00fcck<\/li>\n<li>Vorlaufzeit: 30-35 Tage nach Anzahlung<\/li>\n<li>Liefertermin: FOB Hai Phong, Vietnam<\/li>\n<li>Zahlungsbedingungen: T\/T 30% Anzahlung, 70% Restbetrag vor Versand<\/li>\n<\/ul>\n<figure id=\"attachment_54905\" aria-describedby=\"caption-attachment-54905\" style=\"width: 850px\" class=\"wp-caption aligncenter\"><img decoding=\"async\" class=\"size-full wp-image-53668\" src=\"https:\/\/minhducfurniture.com\/wp-content\/uploads\/2025\/09\/The-back-of-the-actual-chairs.jpg\" alt=\"Die R\u00fcckseite der eigentlichen St\u00fchle\" width=\"850\" height=\"668\" srcset=\"https:\/\/minhducfurniture.com\/wp-content\/uploads\/2025\/09\/The-back-of-the-actual-chairs.jpg 850w, https:\/\/minhducfurniture.com\/wp-content\/uploads\/2025\/09\/The-back-of-the-actual-chairs-509x400.jpg 509w, https:\/\/minhducfurniture.com\/wp-content\/uploads\/2025\/09\/The-back-of-the-actual-chairs-768x604.jpg 768w, https:\/\/minhducfurniture.com\/wp-content\/uploads\/2025\/09\/The-back-of-the-actual-chairs-510x401.jpg 510w\" sizes=\"(max-width: 850px) 100vw, 850px\" \/><figcaption id=\"caption-attachment-54905\" class=\"wp-caption-text\">Die R\u00fcckseite der eigentlichen St\u00fchle<\/figcaption><\/figure>\n<h4>Kontaktinformationen<\/h4>\n<ul>\n<li><a href=\"https:\/\/minhducfurniture.com\/de\/\">Minh Duc Public Furniture Co, Ltd.<\/a><\/li>\n<li>Adresse: Villa H02-L11 An Phu, Duong Noi, Ha Dong, Hanoi, Vietnam<\/li>\n<li>Telefon\/WhatsApp\/Zalo: +84 908 314 939<\/li>\n<\/ul>\n<h4>Mehr aus unseren Kollektionen<\/h4>\n<ul>\n<li><span style=\"color: #008080;\"><a style=\"color: #008080;\" href=\"https:\/\/minhducfurniture.com\/de\/product\/kleiner-gepolsterter-sessel-metallgestell-moderner-loungesessel\/\">Kleiner gepolsterter Sessel Metallgestell moderner Loungesessel<\/a><\/span><\/li>\n<li><span style=\"color: #008080;\"><a style=\"color: #008080;\" href=\"https:\/\/minhducfurniture.com\/de\/product\/outdoor-baenke-zu-verkaufen-metall-holz-bank\/\">Outdoor B\u00e4nke zu verkaufen Metall Holz Bank<\/a><\/span><\/li>\n<\/ul>\n<div class=\"social-icons share-icons share-row relative\" ><a href=\"whatsapp:\/\/send?text=Stuhl%20mit%20Metallgestell%20und%20Kissen%20Moderner%20gepolsterter%20Esszimmerstuhl - https:\/\/minhducfurniture.com\/de\/product\/stuhl-mit-metallgestell-und-kissen-moderner-gepolsterter-esszimmerstuhl\/\" data-action=\"share\/whatsapp\/share\" class=\"icon primary button round tooltip whatsapp show-for-medium\" title=\"Auf WhatsApp teilen\" aria-label=\"Auf WhatsApp teilen\"><i class=\"icon-whatsapp\" aria-hidden=\"true\"><\/i><\/a><a href=\"https:\/\/www.facebook.com\/sharer.php?u=https:\/\/minhducfurniture.com\/de\/product\/stuhl-mit-metallgestell-und-kissen-moderner-gepolsterter-esszimmerstuhl\/\" data-label=\"Facebook\" onclick=\"window.open(this.href,this.title,'width=500,height=500,top=300px,left=300px'); return false;\" target=\"_blank\" class=\"icon primary button round tooltip facebook\" title=\"Auf Facebook teilen\" aria-label=\"Auf Facebook teilen\" rel=\"noopener nofollow\"><i class=\"icon-facebook\" aria-hidden=\"true\"><\/i><\/a><a href=\"https:\/\/twitter.com\/share?url=https:\/\/minhducfurniture.com\/de\/product\/stuhl-mit-metallgestell-und-kissen-moderner-gepolsterter-esszimmerstuhl\/\" onclick=\"window.open(this.href,this.title,'width=500,height=500,top=300px,left=300px'); return false;\" target=\"_blank\" class=\"icon primary button round tooltip twitter\" title=\"Auf Twitter teilen\" aria-label=\"Auf Twitter teilen\" rel=\"noopener nofollow\"><i class=\"icon-twitter\" aria-hidden=\"true\"><\/i><\/a><a href=\"mailto:?subject=Stuhl%20mit%20Metallgestell%20und%20Kissen%20Moderner%20gepolsterter%20Esszimmerstuhl&body=Schau%20dir%20das%20an%3A%20https%3A%2F%2Fminhducfurniture.com%2Fde%2Fproduct%2Fstuhl-mit-metallgestell-und-kissen-moderner-gepolsterter-esszimmerstuhl%2F\" class=\"icon primary button round tooltip email\" title=\"E-mail an einen Freund senden\" aria-label=\"E-mail an einen Freund senden\" rel=\"nofollow\"><i class=\"icon-envelop\" aria-hidden=\"true\"><\/i><\/a><a href=\"https:\/\/pinterest.com\/pin\/create\/button?url=https:\/\/minhducfurniture.com\/de\/product\/stuhl-mit-metallgestell-und-kissen-moderner-gepolsterter-esszimmerstuhl\/&media=https:\/\/minhducfurniture.com\/wp-content\/uploads\/2025\/09\/Metal-frame-chair-with-cushion.jpg&description=Stuhl%20mit%20Metallgestell%20und%20Kissen%20Moderner%20gepolsterter%20Esszimmerstuhl\" onclick=\"window.open(this.href,this.title,'width=500,height=500,top=300px,left=300px'); return false;\" target=\"_blank\" class=\"icon primary button round tooltip pinterest\" title=\"Pinterest Pin erstellen\" aria-label=\"Pinterest Pin erstellen\" rel=\"noopener nofollow\"><i class=\"icon-pinterest\" aria-hidden=\"true\"><\/i><\/a><a href=\"https:\/\/www.linkedin.com\/shareArticle?mini=true&url=https:\/\/minhducfurniture.com\/de\/product\/stuhl-mit-metallgestell-und-kissen-moderner-gepolsterter-esszimmerstuhl\/&title=Stuhl%20mit%20Metallgestell%20und%20Kissen%20Moderner%20gepolsterter%20Esszimmerstuhl\" onclick=\"window.open(this.href,this.title,'width=500,height=500,top=300px,left=300px'); return false;\" target=\"_blank\" class=\"icon primary button round tooltip linkedin\" title=\"Auf LinkedIn teilen\" aria-label=\"Auf LinkedIn teilen\" rel=\"noopener nofollow\"><i class=\"icon-linkedin\" aria-hidden=\"true\"><\/i><\/a><\/div>\n<\/div>\n","protected":false},"excerpt":{"rendered":"<ul>\n<li>Produkt-Code: MDE-021IU<\/li>\n<li>Gr\u00f6\u00dfe des Stuhls: B510mm x SH450mm x H820mm<\/li>\n<li>Stahlrahmen mit Pulverbeschichtung.<\/li>\n<li>Ladegewicht: 150kg\/ 330lbs<\/li>\n<li>Herkunft des Produkts: Vietnam<\/li>\n<li>Hotline\/ WhatsApp:+84908314939<\/li>\n<\/ul>\n","protected":false},"featured_media":54906,"comment_status":"open","ping_status":"closed","template":"","meta":[],"product_brand":[],"product_cat":[13084],"product_tag":[13090],"class_list":{"0":"post-54907","1":"product","2":"type-product","3":"status-publish","4":"has-post-thumbnail","6":"product_cat-lounge-sessel","7":"product_tag-stuhl-mit-metallgestell","9":"first","10":"instock","11":"shipping-taxable","12":"product-type-simple"},"yoast_head":"<!-- This site is optimized with the Yoast SEO plugin v27.0 - https:\/\/yoast.com\/product\/yoast-seo-wordpress\/ -->\n<title>Stuhl mit Metallgestell und Kissen Moderner gepolsterter Esszimmerstuhl - Minh Duc Furniture<\/title>\n<meta name=\"description\" content=\"Dieser Stuhl mit Metallgestell und Kissen kombiniert minimalistische Eleganz mit einem lebendigen Design. Sitzkissen und R\u00fcckenlehne sind mit Vinyl oder Stoff gepolstert.\" \/>\n<meta name=\"robots\" content=\"index, follow, max-snippet:-1, max-image-preview:large, max-video-preview:-1\" \/>\n<link rel=\"canonical\" href=\"https:\/\/minhducfurniture.com\/de\/product\/stuhl-mit-metallgestell-und-kissen-moderner-gepolsterter-esszimmerstuhl\/\" \/>\n<meta property=\"og:locale\" content=\"de_DE\" \/>\n<meta property=\"og:type\" content=\"article\" \/>\n<meta property=\"og:title\" content=\"Stuhl mit Metallgestell und Kissen Moderner gepolsterter Esszimmerstuhl - Minh Duc Furniture\" \/>\n<meta property=\"og:description\" content=\"Dieser Stuhl mit Metallgestell und Kissen kombiniert minimalistische Eleganz mit einem lebendigen Design. Sitzkissen und R\u00fcckenlehne sind mit Vinyl oder Stoff gepolstert.\" \/>\n<meta property=\"og:url\" content=\"https:\/\/minhducfurniture.com\/de\/product\/stuhl-mit-metallgestell-und-kissen-moderner-gepolsterter-esszimmerstuhl\/\" \/>\n<meta property=\"og:site_name\" content=\"Minh Duc Furniture\" \/>\n<meta property=\"article:modified_time\" content=\"2026-02-25T07:07:08+00:00\" \/>\n<meta property=\"og:image\" content=\"https:\/\/minhducfurniture.com\/wp-content\/uploads\/2025\/09\/Metal-frame-chair-with-cushion.jpg\" \/>\n\t<meta property=\"og:image:width\" content=\"750\" \/>\n\t<meta property=\"og:image:height\" content=\"750\" \/>\n\t<meta property=\"og:image:type\" content=\"image\/jpeg\" \/>\n<meta name=\"twitter:card\" content=\"summary_large_image\" \/>\n<meta name=\"twitter:label1\" content=\"Gesch\u00e4tzte Lesezeit\" \/>\n\t<meta name=\"twitter:data1\" content=\"1\u00a0Minute\" \/>\n<script type=\"application\/ld+json\" class=\"yoast-schema-graph\">{\"@context\":\"https:\/\/schema.org\",\"@graph\":[{\"@type\":\"WebPage\",\"@id\":\"https:\/\/minhducfurniture.com\/de\/product\/stuhl-mit-metallgestell-und-kissen-moderner-gepolsterter-esszimmerstuhl\/\",\"url\":\"https:\/\/minhducfurniture.com\/de\/product\/stuhl-mit-metallgestell-und-kissen-moderner-gepolsterter-esszimmerstuhl\/\",\"name\":\"Stuhl mit Metallgestell und Kissen Moderner gepolsterter Esszimmerstuhl - Minh Duc Furniture\",\"isPartOf\":{\"@id\":\"https:\/\/minhducfurniture.com\/de\/#website\"},\"primaryImageOfPage\":{\"@id\":\"https:\/\/minhducfurniture.com\/de\/product\/stuhl-mit-metallgestell-und-kissen-moderner-gepolsterter-esszimmerstuhl\/#primaryimage\"},\"image\":{\"@id\":\"https:\/\/minhducfurniture.com\/de\/product\/stuhl-mit-metallgestell-und-kissen-moderner-gepolsterter-esszimmerstuhl\/#primaryimage\"},\"thumbnailUrl\":\"https:\/\/minhducfurniture.com\/wp-content\/uploads\/2025\/09\/Metal-frame-chair-with-cushion.jpg\",\"datePublished\":\"2025-09-22T17:54:47+00:00\",\"dateModified\":\"2026-02-25T07:07:08+00:00\",\"description\":\"Dieser Stuhl mit Metallgestell und Kissen kombiniert minimalistische Eleganz mit einem lebendigen Design. Sitzkissen und R\u00fcckenlehne sind mit Vinyl oder Stoff gepolstert.\",\"breadcrumb\":{\"@id\":\"https:\/\/minhducfurniture.com\/de\/product\/stuhl-mit-metallgestell-und-kissen-moderner-gepolsterter-esszimmerstuhl\/#breadcrumb\"},\"inLanguage\":\"de\",\"potentialAction\":[{\"@type\":\"ReadAction\",\"target\":[\"https:\/\/minhducfurniture.com\/de\/product\/stuhl-mit-metallgestell-und-kissen-moderner-gepolsterter-esszimmerstuhl\/\"]}]},{\"@type\":\"ImageObject\",\"inLanguage\":\"de\",\"@id\":\"https:\/\/minhducfurniture.com\/de\/product\/stuhl-mit-metallgestell-und-kissen-moderner-gepolsterter-esszimmerstuhl\/#primaryimage\",\"url\":\"https:\/\/minhducfurniture.com\/wp-content\/uploads\/2025\/09\/Metal-frame-chair-with-cushion.jpg\",\"contentUrl\":\"https:\/\/minhducfurniture.com\/wp-content\/uploads\/2025\/09\/Metal-frame-chair-with-cushion.jpg\",\"width\":750,\"height\":750,\"caption\":\"Stuhl mit Metallgestell und Kissen\"},{\"@type\":\"BreadcrumbList\",\"@id\":\"https:\/\/minhducfurniture.com\/de\/product\/stuhl-mit-metallgestell-und-kissen-moderner-gepolsterter-esszimmerstuhl\/#breadcrumb\",\"itemListElement\":[{\"@type\":\"ListItem\",\"position\":1,\"name\":\"Home\",\"item\":\"https:\/\/minhducfurniture.com\/de\/\"},{\"@type\":\"ListItem\",\"position\":2,\"name\":\"Shop\",\"item\":\"https:\/\/minhducfurniture.com\/shop\/\"},{\"@type\":\"ListItem\",\"position\":3,\"name\":\"Stuhl mit Metallgestell und Kissen Moderner gepolsterter Esszimmerstuhl\"}]},{\"@type\":\"WebSite\",\"@id\":\"https:\/\/minhducfurniture.com\/de\/#website\",\"url\":\"https:\/\/minhducfurniture.com\/de\/\",\"name\":\"Minh Duc Furniture\",\"description\":\"Vietnam Furniture Supplier\",\"publisher\":{\"@id\":\"https:\/\/minhducfurniture.com\/de\/#organization\"},\"alternateName\":\"Vietnam Online Shop\",\"potentialAction\":[{\"@type\":\"SearchAction\",\"target\":{\"@type\":\"EntryPoint\",\"urlTemplate\":\"https:\/\/minhducfurniture.com\/de\/?s={search_term_string}\"},\"query-input\":{\"@type\":\"PropertyValueSpecification\",\"valueRequired\":true,\"valueName\":\"search_term_string\"}}],\"inLanguage\":\"de\"},{\"@type\":\"Organization\",\"@id\":\"https:\/\/minhducfurniture.com\/de\/#organization\",\"name\":\"Minh Duc Furniture\",\"alternateName\":\"Vietnam Furniture Export\",\"url\":\"https:\/\/minhducfurniture.com\/de\/\",\"logo\":{\"@type\":\"ImageObject\",\"inLanguage\":\"de\",\"@id\":\"https:\/\/minhducfurniture.com\/de\/#\/schema\/logo\/image\/\",\"url\":\"\",\"contentUrl\":\"\",\"caption\":\"Minh Duc Furniture\"},\"image\":{\"@id\":\"https:\/\/minhducfurniture.com\/de\/#\/schema\/logo\/image\/\"},\"sameAs\":[\"https:\/\/www.pinterest.com\/hienthaoshop\/pins\/\"]}]}<\/script>\n<!-- \/ Yoast SEO plugin. -->","yoast_head_json":{"title":"Stuhl mit Metallgestell und Kissen Moderner gepolsterter Esszimmerstuhl - Minh Duc Furniture","description":"Dieser Stuhl mit Metallgestell und Kissen kombiniert minimalistische Eleganz mit einem lebendigen Design. Sitzkissen und R\u00fcckenlehne sind mit Vinyl oder Stoff gepolstert.","robots":{"index":"index","follow":"follow","max-snippet":"max-snippet:-1","max-image-preview":"max-image-preview:large","max-video-preview":"max-video-preview:-1"},"canonical":"https:\/\/minhducfurniture.com\/de\/product\/stuhl-mit-metallgestell-und-kissen-moderner-gepolsterter-esszimmerstuhl\/","og_locale":"de_DE","og_type":"article","og_title":"Stuhl mit Metallgestell und Kissen Moderner gepolsterter Esszimmerstuhl - Minh Duc Furniture","og_description":"Dieser Stuhl mit Metallgestell und Kissen kombiniert minimalistische Eleganz mit einem lebendigen Design. Sitzkissen und R\u00fcckenlehne sind mit Vinyl oder Stoff gepolstert.","og_url":"https:\/\/minhducfurniture.com\/de\/product\/stuhl-mit-metallgestell-und-kissen-moderner-gepolsterter-esszimmerstuhl\/","og_site_name":"Minh Duc Furniture","article_modified_time":"2026-02-25T07:07:08+00:00","og_image":[{"width":750,"height":750,"url":"https:\/\/minhducfurniture.com\/wp-content\/uploads\/2025\/09\/Metal-frame-chair-with-cushion.jpg","type":"image\/jpeg"}],"twitter_card":"summary_large_image","twitter_misc":{"Gesch\u00e4tzte Lesezeit":"1\u00a0Minute"},"schema":{"@context":"https:\/\/schema.org","@graph":[{"@type":"WebPage","@id":"https:\/\/minhducfurniture.com\/de\/product\/stuhl-mit-metallgestell-und-kissen-moderner-gepolsterter-esszimmerstuhl\/","url":"https:\/\/minhducfurniture.com\/de\/product\/stuhl-mit-metallgestell-und-kissen-moderner-gepolsterter-esszimmerstuhl\/","name":"Stuhl mit Metallgestell und Kissen Moderner gepolsterter Esszimmerstuhl - Minh Duc Furniture","isPartOf":{"@id":"https:\/\/minhducfurniture.com\/de\/#website"},"primaryImageOfPage":{"@id":"https:\/\/minhducfurniture.com\/de\/product\/stuhl-mit-metallgestell-und-kissen-moderner-gepolsterter-esszimmerstuhl\/#primaryimage"},"image":{"@id":"https:\/\/minhducfurniture.com\/de\/product\/stuhl-mit-metallgestell-und-kissen-moderner-gepolsterter-esszimmerstuhl\/#primaryimage"},"thumbnailUrl":"https:\/\/minhducfurniture.com\/wp-content\/uploads\/2025\/09\/Metal-frame-chair-with-cushion.jpg","datePublished":"2025-09-22T17:54:47+00:00","dateModified":"2026-02-25T07:07:08+00:00","description":"Dieser Stuhl mit Metallgestell und Kissen kombiniert minimalistische Eleganz mit einem lebendigen Design. Sitzkissen und R\u00fcckenlehne sind mit Vinyl oder Stoff gepolstert.","breadcrumb":{"@id":"https:\/\/minhducfurniture.com\/de\/product\/stuhl-mit-metallgestell-und-kissen-moderner-gepolsterter-esszimmerstuhl\/#breadcrumb"},"inLanguage":"de","potentialAction":[{"@type":"ReadAction","target":["https:\/\/minhducfurniture.com\/de\/product\/stuhl-mit-metallgestell-und-kissen-moderner-gepolsterter-esszimmerstuhl\/"]}]},{"@type":"ImageObject","inLanguage":"de","@id":"https:\/\/minhducfurniture.com\/de\/product\/stuhl-mit-metallgestell-und-kissen-moderner-gepolsterter-esszimmerstuhl\/#primaryimage","url":"https:\/\/minhducfurniture.com\/wp-content\/uploads\/2025\/09\/Metal-frame-chair-with-cushion.jpg","contentUrl":"https:\/\/minhducfurniture.com\/wp-content\/uploads\/2025\/09\/Metal-frame-chair-with-cushion.jpg","width":750,"height":750,"caption":"Stuhl mit Metallgestell und Kissen"},{"@type":"BreadcrumbList","@id":"https:\/\/minhducfurniture.com\/de\/product\/stuhl-mit-metallgestell-und-kissen-moderner-gepolsterter-esszimmerstuhl\/#breadcrumb","itemListElement":[{"@type":"ListItem","position":1,"name":"Home","item":"https:\/\/minhducfurniture.com\/de\/"},{"@type":"ListItem","position":2,"name":"Shop","item":"https:\/\/minhducfurniture.com\/shop\/"},{"@type":"ListItem","position":3,"name":"Stuhl mit Metallgestell und Kissen Moderner gepolsterter Esszimmerstuhl"}]},{"@type":"WebSite","@id":"https:\/\/minhducfurniture.com\/de\/#website","url":"https:\/\/minhducfurniture.com\/de\/","name":"Minh Duc Furniture","description":"Vietnam Furniture Supplier","publisher":{"@id":"https:\/\/minhducfurniture.com\/de\/#organization"},"alternateName":"Vietnam Online Shop","potentialAction":[{"@type":"SearchAction","target":{"@type":"EntryPoint","urlTemplate":"https:\/\/minhducfurniture.com\/de\/?s={search_term_string}"},"query-input":{"@type":"PropertyValueSpecification","valueRequired":true,"valueName":"search_term_string"}}],"inLanguage":"de"},{"@type":"Organization","@id":"https:\/\/minhducfurniture.com\/de\/#organization","name":"Minh Duc Furniture","alternateName":"Vietnam Furniture Export","url":"https:\/\/minhducfurniture.com\/de\/","logo":{"@type":"ImageObject","inLanguage":"de","@id":"https:\/\/minhducfurniture.com\/de\/#\/schema\/logo\/image\/","url":"","contentUrl":"","caption":"Minh Duc Furniture"},"image":{"@id":"https:\/\/minhducfurniture.com\/de\/#\/schema\/logo\/image\/"},"sameAs":["https:\/\/www.pinterest.com\/hienthaoshop\/pins\/"]}]}},"_links":{"self":[{"href":"https:\/\/minhducfurniture.com\/de\/wp-json\/wp\/v2\/product\/54907","targetHints":{"allow":["GET"]}}],"collection":[{"href":"https:\/\/minhducfurniture.com\/de\/wp-json\/wp\/v2\/product"}],"about":[{"href":"https:\/\/minhducfurniture.com\/de\/wp-json\/wp\/v2\/types\/product"}],"replies":[{"embeddable":true,"href":"https:\/\/minhducfurniture.com\/de\/wp-json\/wp\/v2\/comments?post=54907"}],"wp:featuredmedia":[{"embeddable":true,"href":"https:\/\/minhducfurniture.com\/de\/wp-json\/wp\/v2\/media\/54906"}],"wp:attachment":[{"href":"https:\/\/minhducfurniture.com\/de\/wp-json\/wp\/v2\/media?parent=54907"}],"wp:term":[{"taxonomy":"product_brand","embeddable":true,"href":"https:\/\/minhducfurniture.com\/de\/wp-json\/wp\/v2\/product_brand?post=54907"},{"taxonomy":"product_cat","embeddable":true,"href":"https:\/\/minhducfurniture.com\/de\/wp-json\/wp\/v2\/product_cat?post=54907"},{"taxonomy":"product_tag","embeddable":true,"href":"https:\/\/minhducfurniture.com\/de\/wp-json\/wp\/v2\/product_tag?post=54907"}],"curies":[{"name":"wp","href":"https:\/\/api.w.org\/{rel}","templated":true}]}}