{"id":54902,"date":"2025-09-14T12:56:46","date_gmt":"2025-09-14T05:56:46","guid":{"rendered":"https:\/\/minhducfurniture.com\/product\/outdoor-baenke-zu-verkaufen-metall-holz-bank\/"},"modified":"2026-02-25T14:05:20","modified_gmt":"2026-02-25T07:05:20","slug":"outdoor-baenke-zu-verkaufen-metall-holz-bank","status":"publish","type":"product","link":"https:\/\/minhducfurniture.com\/de\/product\/outdoor-baenke-zu-verkaufen-metall-holz-bank\/","title":{"rendered":"Outdoor B\u00e4nke zu verkaufen Metall Holz Bank"},"content":{"rendered":"<h2><span style=\"font-size: 90%\">Outdoor-B\u00e4nke zum Verkauf MDE-010W, Langlebig, stilvoll und bequem<\/span><\/h2>\n<p>Bringen Sie Komfort und Eleganz in Ihren Au\u00dfenbereich mit unserer hochwertigen <strong>Outdoor Bench for sale<\/strong> MDE-010I. Das Gestell aus robustem, pulverbeschichtetem Stahl in Kombination mit wetterfestem Holz ist so konzipiert, dass es Sonne, Regen und t\u00e4glichem Gebrauch standh\u00e4lt und dabei seine zeitlose Sch\u00f6nheit bewahrt. <\/p>\n<p>Mit seinem schlanken und modernen Design passt er perfekt in G\u00e4rten, Terrassen, Parks oder jeden \u00f6ffentlichen Bereich und bietet sowohl Funktionalit\u00e4t als auch Stil. Die ergonomische Sitzfl\u00e4che sorgt f\u00fcr bequemes Entspannen und macht ihn zur idealen Wahl f\u00fcr Familientreffen, Gemeinschaftsbereiche oder ruhige Momente in der Natur. <\/p>\n<figure id=\"attachment_54836\" aria-describedby=\"caption-attachment-54836\" style=\"width: 850px\" class=\"wp-caption aligncenter\"><img decoding=\"async\" class=\"wp-image-52643 size-full\" src=\"https:\/\/minhducfurniture.com\/wp-content\/uploads\/2025\/08\/Outdoor-Garden-Bench-made-in-Vietnam-by-Minh-Duc.jpg\" alt=\"Gartenbank f\u00fcr drau\u00dfen aus Vietnam von Minh Duc\" width=\"850\" height=\"644\" srcset=\"https:\/\/minhducfurniture.com\/wp-content\/uploads\/2025\/08\/Outdoor-Garden-Bench-made-in-Vietnam-by-Minh-Duc.jpg 850w, https:\/\/minhducfurniture.com\/wp-content\/uploads\/2025\/08\/Outdoor-Garden-Bench-made-in-Vietnam-by-Minh-Duc-510x386.jpg 510w, https:\/\/minhducfurniture.com\/wp-content\/uploads\/2025\/08\/Outdoor-Garden-Bench-made-in-Vietnam-by-Minh-Duc-528x400.jpg 528w, https:\/\/minhducfurniture.com\/wp-content\/uploads\/2025\/08\/Outdoor-Garden-Bench-made-in-Vietnam-by-Minh-Duc-768x582.jpg 768w\" sizes=\"(max-width: 850px) 100vw, 850px\" \/><figcaption id=\"caption-attachment-54836\" class=\"wp-caption-text\">Gartenbank f\u00fcr drau\u00dfen aus Vietnam von Minh Duc<\/figcaption><\/figure>\n<h3>Produkt Beschreibung<\/h3>\n<ul>\n<li>Produkt-Code: MDE-010W<\/li>\n<li>Stuhlgr\u00f6\u00dfe: H945mm x B1160mm \/ 45.67 x 37.24 inches<\/li>\n<li>Material: Pulverbeschichteter Stahlrahmen, kombiniert mit nat\u00fcrlichem Akazienholz<\/li>\n<li>Nettogewicht: 15.2kg\/ 33.5lbs<\/li>\n<li>Bruttogewicht: 16kg\/ 35.3lbs<\/li>\n<li>Ladegewicht: 220kg\/ 500lbs<\/li>\n<li>Herkunft des Produkts: Vietnam<\/li>\n<\/ul>\n<figure id=\"attachment_54899\" aria-describedby=\"caption-attachment-54899\" style=\"width: 850px\" class=\"wp-caption aligncenter\"><img decoding=\"async\" class=\"size-full wp-image-52951\" src=\"https:\/\/minhducfurniture.com\/wp-content\/uploads\/2025\/09\/The-actual-product-at-our-factory.jpg\" alt=\"Das eigentliche Produkt in unserer Fabrik\" width=\"850\" height=\"663\" srcset=\"https:\/\/minhducfurniture.com\/wp-content\/uploads\/2025\/09\/The-actual-product-at-our-factory.jpg 850w, https:\/\/minhducfurniture.com\/wp-content\/uploads\/2025\/09\/The-actual-product-at-our-factory-510x398.jpg 510w, https:\/\/minhducfurniture.com\/wp-content\/uploads\/2025\/09\/The-actual-product-at-our-factory-513x400.jpg 513w, https:\/\/minhducfurniture.com\/wp-content\/uploads\/2025\/09\/The-actual-product-at-our-factory-768x599.jpg 768w\" sizes=\"(max-width: 850px) 100vw, 850px\" \/><figcaption id=\"caption-attachment-54899\" class=\"wp-caption-text\">Das eigentliche Produkt in unserer Fabrik<\/figcaption><\/figure>\n<h4>Bestellinformationen<\/h4>\n<ul>\n<li>Mindestbestellmenge (MOQ): 50 St\u00fcck<\/li>\n<li>Vorlaufzeit: 30-35 Tage nach Anzahlung<\/li>\n<li>Liefertermin: FOB Hai Phong, Vietnam<\/li>\n<li>Zahlungsbedingungen: T\/T 30% Anzahlung, 70% Restbetrag vor Versand<\/li>\n<\/ul>\n<figure id=\"attachment_54900\" aria-describedby=\"caption-attachment-54900\" style=\"width: 850px\" class=\"wp-caption aligncenter\"><img decoding=\"async\" class=\"wp-image-52947 size-full\" src=\"https:\/\/minhducfurniture.com\/wp-content\/uploads\/2025\/09\/Product-placed-outdoors-for-testing.jpg\" alt=\"Produkt zum Testen im Freien platziert\" width=\"850\" height=\"532\" srcset=\"https:\/\/minhducfurniture.com\/wp-content\/uploads\/2025\/09\/Product-placed-outdoors-for-testing.jpg 850w, https:\/\/minhducfurniture.com\/wp-content\/uploads\/2025\/09\/Product-placed-outdoors-for-testing-510x319.jpg 510w, https:\/\/minhducfurniture.com\/wp-content\/uploads\/2025\/09\/Product-placed-outdoors-for-testing-639x400.jpg 639w, https:\/\/minhducfurniture.com\/wp-content\/uploads\/2025\/09\/Product-placed-outdoors-for-testing-768x481.jpg 768w\" sizes=\"(max-width: 850px) 100vw, 850px\" \/><figcaption id=\"caption-attachment-54900\" class=\"wp-caption-text\">Produkt zum Testen im Freien platziert<\/figcaption><\/figure>\n<h4>Kontaktinformationen<\/h4>\n<ul>\n<li><a href=\"https:\/\/minhducfurniture.com\/de\/\">Minh Duc Public Furniture Co, Ltd.<\/a><\/li>\n<li>Adresse: Villa H02-L11 An Phu, Duong Noi, Ha Dong, Hanoi, Vietnam<\/li>\n<li>Telefon\/WhatsApp\/Zalo: +84 908 314 939<\/li>\n<\/ul>\n<h4>Mehr aus unserer Kollektion<\/h4>\n<div class=\"social-icons share-icons share-row relative\" ><a href=\"whatsapp:\/\/send?text=Outdoor%20B%C3%A4nke%20zu%20verkaufen%20Metall%20Holz%20Bank - https:\/\/minhducfurniture.com\/de\/product\/outdoor-baenke-zu-verkaufen-metall-holz-bank\/\" data-action=\"share\/whatsapp\/share\" class=\"icon primary button round tooltip whatsapp show-for-medium\" title=\"Auf WhatsApp teilen\" aria-label=\"Auf WhatsApp teilen\"><i class=\"icon-whatsapp\" aria-hidden=\"true\"><\/i><\/a><a href=\"https:\/\/www.facebook.com\/sharer.php?u=https:\/\/minhducfurniture.com\/de\/product\/outdoor-baenke-zu-verkaufen-metall-holz-bank\/\" data-label=\"Facebook\" onclick=\"window.open(this.href,this.title,'width=500,height=500,top=300px,left=300px'); return false;\" target=\"_blank\" class=\"icon primary button round tooltip facebook\" title=\"Auf Facebook teilen\" aria-label=\"Auf Facebook teilen\" rel=\"noopener nofollow\"><i class=\"icon-facebook\" aria-hidden=\"true\"><\/i><\/a><a href=\"https:\/\/twitter.com\/share?url=https:\/\/minhducfurniture.com\/de\/product\/outdoor-baenke-zu-verkaufen-metall-holz-bank\/\" onclick=\"window.open(this.href,this.title,'width=500,height=500,top=300px,left=300px'); return false;\" target=\"_blank\" class=\"icon primary button round tooltip twitter\" title=\"Auf Twitter teilen\" aria-label=\"Auf Twitter teilen\" rel=\"noopener nofollow\"><i class=\"icon-twitter\" aria-hidden=\"true\"><\/i><\/a><a href=\"mailto:?subject=Outdoor%20B%C3%A4nke%20zu%20verkaufen%20Metall%20Holz%20Bank&body=Schau%20dir%20das%20an%3A%20https%3A%2F%2Fminhducfurniture.com%2Fde%2Fproduct%2Foutdoor-baenke-zu-verkaufen-metall-holz-bank%2F\" class=\"icon primary button round tooltip email\" title=\"E-mail an einen Freund senden\" aria-label=\"E-mail an einen Freund senden\" rel=\"nofollow\"><i class=\"icon-envelop\" aria-hidden=\"true\"><\/i><\/a><a href=\"https:\/\/pinterest.com\/pin\/create\/button?url=https:\/\/minhducfurniture.com\/de\/product\/outdoor-baenke-zu-verkaufen-metall-holz-bank\/&media=https:\/\/minhducfurniture.com\/wp-content\/uploads\/2025\/09\/Outdoor-Bench-for-sale.jpg&description=Outdoor%20B%C3%A4nke%20zu%20verkaufen%20Metall%20Holz%20Bank\" onclick=\"window.open(this.href,this.title,'width=500,height=500,top=300px,left=300px'); return false;\" target=\"_blank\" class=\"icon primary button round tooltip pinterest\" title=\"Pinterest Pin erstellen\" aria-label=\"Pinterest Pin erstellen\" rel=\"noopener nofollow\"><i class=\"icon-pinterest\" aria-hidden=\"true\"><\/i><\/a><a href=\"https:\/\/www.linkedin.com\/shareArticle?mini=true&url=https:\/\/minhducfurniture.com\/de\/product\/outdoor-baenke-zu-verkaufen-metall-holz-bank\/&title=Outdoor%20B%C3%A4nke%20zu%20verkaufen%20Metall%20Holz%20Bank\" onclick=\"window.open(this.href,this.title,'width=500,height=500,top=300px,left=300px'); return false;\" target=\"_blank\" class=\"icon primary button round tooltip linkedin\" title=\"Auf LinkedIn teilen\" aria-label=\"Auf LinkedIn teilen\" rel=\"noopener nofollow\"><i class=\"icon-linkedin\" aria-hidden=\"true\"><\/i><\/a><\/div>\n","protected":false},"excerpt":{"rendered":"<ul>\n<li>Produkt-Code: MDE-010W<\/li>\n<li>Stuhlgr\u00f6\u00dfe: H945mm x B1160mm \/ 45.67 x 37.24 inches<\/li>\n<li>Nettogewicht: 15.2 kg\/ 33.5 lbs<\/li>\n<li>Bruttogewicht: 16 kg\/ 35.3 lbs<\/li>\n<li>Herkunft des Produkts: Vietnam<\/li>\n<li>Hotline\/ WhatsApp: +84 908 314 939<\/li>\n<\/ul>\n","protected":false},"featured_media":54901,"comment_status":"open","ping_status":"closed","template":"","meta":[],"product_brand":[],"product_cat":[13085],"product_tag":[],"class_list":{"0":"post-54902","1":"product","2":"type-product","3":"status-publish","4":"has-post-thumbnail","6":"product_cat-gartenbank","8":"first","9":"instock","10":"shipping-taxable","11":"product-type-simple"},"yoast_head":"<!-- This site is optimized with the Yoast SEO plugin v27.0 - https:\/\/yoast.com\/product\/yoast-seo-wordpress\/ -->\n<title>Outdoor B\u00e4nke zu verkaufen Metall Holz Bank - Minh Duc Furniture<\/title>\n<meta name=\"description\" content=\"Bringen Sie Komfort und Eleganz in Ihren Au\u00dfenbereich mit unserer hochwertigen Outdoor Bench for sale MDE-010I. Gefertigt aus einem robusten pulverbeschichteten Stahlrahmen\" \/>\n<meta name=\"robots\" content=\"index, follow, max-snippet:-1, max-image-preview:large, max-video-preview:-1\" \/>\n<link rel=\"canonical\" href=\"https:\/\/minhducfurniture.com\/de\/product\/outdoor-baenke-zu-verkaufen-metall-holz-bank\/\" \/>\n<meta property=\"og:locale\" content=\"de_DE\" \/>\n<meta property=\"og:type\" content=\"article\" \/>\n<meta property=\"og:title\" content=\"Outdoor B\u00e4nke zu verkaufen Metall Holz Bank - Minh Duc Furniture\" \/>\n<meta property=\"og:description\" content=\"Bringen Sie Komfort und Eleganz in Ihren Au\u00dfenbereich mit unserer hochwertigen Outdoor Bench for sale MDE-010I. Gefertigt aus einem robusten pulverbeschichteten Stahlrahmen\" \/>\n<meta property=\"og:url\" content=\"https:\/\/minhducfurniture.com\/de\/product\/outdoor-baenke-zu-verkaufen-metall-holz-bank\/\" \/>\n<meta property=\"og:site_name\" content=\"Minh Duc Furniture\" \/>\n<meta property=\"article:modified_time\" content=\"2026-02-25T07:05:20+00:00\" \/>\n<meta property=\"og:image\" content=\"https:\/\/minhducfurniture.com\/wp-content\/uploads\/2025\/09\/Outdoor-Bench-for-sale.jpg\" \/>\n\t<meta property=\"og:image:width\" content=\"750\" \/>\n\t<meta property=\"og:image:height\" content=\"750\" \/>\n\t<meta property=\"og:image:type\" content=\"image\/jpeg\" \/>\n<meta name=\"twitter:card\" content=\"summary_large_image\" \/>\n<meta name=\"twitter:label1\" content=\"Gesch\u00e4tzte Lesezeit\" \/>\n\t<meta name=\"twitter:data1\" content=\"1\u00a0Minute\" \/>\n<script type=\"application\/ld+json\" class=\"yoast-schema-graph\">{\"@context\":\"https:\/\/schema.org\",\"@graph\":[{\"@type\":\"WebPage\",\"@id\":\"https:\/\/minhducfurniture.com\/de\/product\/outdoor-baenke-zu-verkaufen-metall-holz-bank\/\",\"url\":\"https:\/\/minhducfurniture.com\/de\/product\/outdoor-baenke-zu-verkaufen-metall-holz-bank\/\",\"name\":\"Outdoor B\u00e4nke zu verkaufen Metall Holz Bank - Minh Duc Furniture\",\"isPartOf\":{\"@id\":\"https:\/\/minhducfurniture.com\/de\/#website\"},\"primaryImageOfPage\":{\"@id\":\"https:\/\/minhducfurniture.com\/de\/product\/outdoor-baenke-zu-verkaufen-metall-holz-bank\/#primaryimage\"},\"image\":{\"@id\":\"https:\/\/minhducfurniture.com\/de\/product\/outdoor-baenke-zu-verkaufen-metall-holz-bank\/#primaryimage\"},\"thumbnailUrl\":\"https:\/\/minhducfurniture.com\/wp-content\/uploads\/2025\/09\/Outdoor-Bench-for-sale.jpg\",\"datePublished\":\"2025-09-14T05:56:46+00:00\",\"dateModified\":\"2026-02-25T07:05:20+00:00\",\"description\":\"Bringen Sie Komfort und Eleganz in Ihren Au\u00dfenbereich mit unserer hochwertigen Outdoor Bench for sale MDE-010I. Gefertigt aus einem robusten pulverbeschichteten Stahlrahmen\",\"breadcrumb\":{\"@id\":\"https:\/\/minhducfurniture.com\/de\/product\/outdoor-baenke-zu-verkaufen-metall-holz-bank\/#breadcrumb\"},\"inLanguage\":\"de\",\"potentialAction\":[{\"@type\":\"ReadAction\",\"target\":[\"https:\/\/minhducfurniture.com\/de\/product\/outdoor-baenke-zu-verkaufen-metall-holz-bank\/\"]}]},{\"@type\":\"ImageObject\",\"inLanguage\":\"de\",\"@id\":\"https:\/\/minhducfurniture.com\/de\/product\/outdoor-baenke-zu-verkaufen-metall-holz-bank\/#primaryimage\",\"url\":\"https:\/\/minhducfurniture.com\/wp-content\/uploads\/2025\/09\/Outdoor-Bench-for-sale.jpg\",\"contentUrl\":\"https:\/\/minhducfurniture.com\/wp-content\/uploads\/2025\/09\/Outdoor-Bench-for-sale.jpg\",\"width\":750,\"height\":750,\"caption\":\"Outdoor Bank zu verkaufen\"},{\"@type\":\"BreadcrumbList\",\"@id\":\"https:\/\/minhducfurniture.com\/de\/product\/outdoor-baenke-zu-verkaufen-metall-holz-bank\/#breadcrumb\",\"itemListElement\":[{\"@type\":\"ListItem\",\"position\":1,\"name\":\"Home\",\"item\":\"https:\/\/minhducfurniture.com\/de\/\"},{\"@type\":\"ListItem\",\"position\":2,\"name\":\"Shop\",\"item\":\"https:\/\/minhducfurniture.com\/shop\/\"},{\"@type\":\"ListItem\",\"position\":3,\"name\":\"Outdoor B\u00e4nke zu verkaufen Metall Holz Bank\"}]},{\"@type\":\"WebSite\",\"@id\":\"https:\/\/minhducfurniture.com\/de\/#website\",\"url\":\"https:\/\/minhducfurniture.com\/de\/\",\"name\":\"Minh Duc Furniture\",\"description\":\"Vietnam Furniture Supplier\",\"publisher\":{\"@id\":\"https:\/\/minhducfurniture.com\/de\/#organization\"},\"alternateName\":\"Vietnam Online Shop\",\"potentialAction\":[{\"@type\":\"SearchAction\",\"target\":{\"@type\":\"EntryPoint\",\"urlTemplate\":\"https:\/\/minhducfurniture.com\/de\/?s={search_term_string}\"},\"query-input\":{\"@type\":\"PropertyValueSpecification\",\"valueRequired\":true,\"valueName\":\"search_term_string\"}}],\"inLanguage\":\"de\"},{\"@type\":\"Organization\",\"@id\":\"https:\/\/minhducfurniture.com\/de\/#organization\",\"name\":\"Minh Duc Furniture\",\"alternateName\":\"Vietnam Furniture Export\",\"url\":\"https:\/\/minhducfurniture.com\/de\/\",\"logo\":{\"@type\":\"ImageObject\",\"inLanguage\":\"de\",\"@id\":\"https:\/\/minhducfurniture.com\/de\/#\/schema\/logo\/image\/\",\"url\":\"\",\"contentUrl\":\"\",\"caption\":\"Minh Duc Furniture\"},\"image\":{\"@id\":\"https:\/\/minhducfurniture.com\/de\/#\/schema\/logo\/image\/\"},\"sameAs\":[\"https:\/\/www.pinterest.com\/hienthaoshop\/pins\/\"]}]}<\/script>\n<!-- \/ Yoast SEO plugin. -->","yoast_head_json":{"title":"Outdoor B\u00e4nke zu verkaufen Metall Holz Bank - Minh Duc Furniture","description":"Bringen Sie Komfort und Eleganz in Ihren Au\u00dfenbereich mit unserer hochwertigen Outdoor Bench for sale MDE-010I. Gefertigt aus einem robusten pulverbeschichteten Stahlrahmen","robots":{"index":"index","follow":"follow","max-snippet":"max-snippet:-1","max-image-preview":"max-image-preview:large","max-video-preview":"max-video-preview:-1"},"canonical":"https:\/\/minhducfurniture.com\/de\/product\/outdoor-baenke-zu-verkaufen-metall-holz-bank\/","og_locale":"de_DE","og_type":"article","og_title":"Outdoor B\u00e4nke zu verkaufen Metall Holz Bank - Minh Duc Furniture","og_description":"Bringen Sie Komfort und Eleganz in Ihren Au\u00dfenbereich mit unserer hochwertigen Outdoor Bench for sale MDE-010I. Gefertigt aus einem robusten pulverbeschichteten Stahlrahmen","og_url":"https:\/\/minhducfurniture.com\/de\/product\/outdoor-baenke-zu-verkaufen-metall-holz-bank\/","og_site_name":"Minh Duc Furniture","article_modified_time":"2026-02-25T07:05:20+00:00","og_image":[{"width":750,"height":750,"url":"https:\/\/minhducfurniture.com\/wp-content\/uploads\/2025\/09\/Outdoor-Bench-for-sale.jpg","type":"image\/jpeg"}],"twitter_card":"summary_large_image","twitter_misc":{"Gesch\u00e4tzte Lesezeit":"1\u00a0Minute"},"schema":{"@context":"https:\/\/schema.org","@graph":[{"@type":"WebPage","@id":"https:\/\/minhducfurniture.com\/de\/product\/outdoor-baenke-zu-verkaufen-metall-holz-bank\/","url":"https:\/\/minhducfurniture.com\/de\/product\/outdoor-baenke-zu-verkaufen-metall-holz-bank\/","name":"Outdoor B\u00e4nke zu verkaufen Metall Holz Bank - Minh Duc Furniture","isPartOf":{"@id":"https:\/\/minhducfurniture.com\/de\/#website"},"primaryImageOfPage":{"@id":"https:\/\/minhducfurniture.com\/de\/product\/outdoor-baenke-zu-verkaufen-metall-holz-bank\/#primaryimage"},"image":{"@id":"https:\/\/minhducfurniture.com\/de\/product\/outdoor-baenke-zu-verkaufen-metall-holz-bank\/#primaryimage"},"thumbnailUrl":"https:\/\/minhducfurniture.com\/wp-content\/uploads\/2025\/09\/Outdoor-Bench-for-sale.jpg","datePublished":"2025-09-14T05:56:46+00:00","dateModified":"2026-02-25T07:05:20+00:00","description":"Bringen Sie Komfort und Eleganz in Ihren Au\u00dfenbereich mit unserer hochwertigen Outdoor Bench for sale MDE-010I. Gefertigt aus einem robusten pulverbeschichteten Stahlrahmen","breadcrumb":{"@id":"https:\/\/minhducfurniture.com\/de\/product\/outdoor-baenke-zu-verkaufen-metall-holz-bank\/#breadcrumb"},"inLanguage":"de","potentialAction":[{"@type":"ReadAction","target":["https:\/\/minhducfurniture.com\/de\/product\/outdoor-baenke-zu-verkaufen-metall-holz-bank\/"]}]},{"@type":"ImageObject","inLanguage":"de","@id":"https:\/\/minhducfurniture.com\/de\/product\/outdoor-baenke-zu-verkaufen-metall-holz-bank\/#primaryimage","url":"https:\/\/minhducfurniture.com\/wp-content\/uploads\/2025\/09\/Outdoor-Bench-for-sale.jpg","contentUrl":"https:\/\/minhducfurniture.com\/wp-content\/uploads\/2025\/09\/Outdoor-Bench-for-sale.jpg","width":750,"height":750,"caption":"Outdoor Bank zu verkaufen"},{"@type":"BreadcrumbList","@id":"https:\/\/minhducfurniture.com\/de\/product\/outdoor-baenke-zu-verkaufen-metall-holz-bank\/#breadcrumb","itemListElement":[{"@type":"ListItem","position":1,"name":"Home","item":"https:\/\/minhducfurniture.com\/de\/"},{"@type":"ListItem","position":2,"name":"Shop","item":"https:\/\/minhducfurniture.com\/shop\/"},{"@type":"ListItem","position":3,"name":"Outdoor B\u00e4nke zu verkaufen Metall Holz Bank"}]},{"@type":"WebSite","@id":"https:\/\/minhducfurniture.com\/de\/#website","url":"https:\/\/minhducfurniture.com\/de\/","name":"Minh Duc Furniture","description":"Vietnam Furniture Supplier","publisher":{"@id":"https:\/\/minhducfurniture.com\/de\/#organization"},"alternateName":"Vietnam Online Shop","potentialAction":[{"@type":"SearchAction","target":{"@type":"EntryPoint","urlTemplate":"https:\/\/minhducfurniture.com\/de\/?s={search_term_string}"},"query-input":{"@type":"PropertyValueSpecification","valueRequired":true,"valueName":"search_term_string"}}],"inLanguage":"de"},{"@type":"Organization","@id":"https:\/\/minhducfurniture.com\/de\/#organization","name":"Minh Duc Furniture","alternateName":"Vietnam Furniture Export","url":"https:\/\/minhducfurniture.com\/de\/","logo":{"@type":"ImageObject","inLanguage":"de","@id":"https:\/\/minhducfurniture.com\/de\/#\/schema\/logo\/image\/","url":"","contentUrl":"","caption":"Minh Duc Furniture"},"image":{"@id":"https:\/\/minhducfurniture.com\/de\/#\/schema\/logo\/image\/"},"sameAs":["https:\/\/www.pinterest.com\/hienthaoshop\/pins\/"]}]}},"_links":{"self":[{"href":"https:\/\/minhducfurniture.com\/de\/wp-json\/wp\/v2\/product\/54902","targetHints":{"allow":["GET"]}}],"collection":[{"href":"https:\/\/minhducfurniture.com\/de\/wp-json\/wp\/v2\/product"}],"about":[{"href":"https:\/\/minhducfurniture.com\/de\/wp-json\/wp\/v2\/types\/product"}],"replies":[{"embeddable":true,"href":"https:\/\/minhducfurniture.com\/de\/wp-json\/wp\/v2\/comments?post=54902"}],"wp:featuredmedia":[{"embeddable":true,"href":"https:\/\/minhducfurniture.com\/de\/wp-json\/wp\/v2\/media\/54901"}],"wp:attachment":[{"href":"https:\/\/minhducfurniture.com\/de\/wp-json\/wp\/v2\/media?parent=54902"}],"wp:term":[{"taxonomy":"product_brand","embeddable":true,"href":"https:\/\/minhducfurniture.com\/de\/wp-json\/wp\/v2\/product_brand?post=54902"},{"taxonomy":"product_cat","embeddable":true,"href":"https:\/\/minhducfurniture.com\/de\/wp-json\/wp\/v2\/product_cat?post=54902"},{"taxonomy":"product_tag","embeddable":true,"href":"https:\/\/minhducfurniture.com\/de\/wp-json\/wp\/v2\/product_tag?post=54902"}],"curies":[{"name":"wp","href":"https:\/\/api.w.org\/{rel}","templated":true}]}}