{"id":54898,"date":"2025-09-20T14:20:38","date_gmt":"2025-09-20T07:20:38","guid":{"rendered":"https:\/\/minhducfurniture.com\/product\/kleiner-gepolsterter-sessel-metallgestell-moderner-loungesessel\/"},"modified":"2026-02-25T14:05:20","modified_gmt":"2026-02-25T07:05:20","slug":"kleiner-gepolsterter-sessel-metallgestell-moderner-loungesessel","status":"publish","type":"product","link":"https:\/\/minhducfurniture.com\/de\/product\/kleiner-gepolsterter-sessel-metallgestell-moderner-loungesessel\/","title":{"rendered":"Kleiner gepolsterter Sessel Metallgestell moderner Loungesessel"},"content":{"rendered":"<h2><span style=\"font-size: 95%\">Kleiner gepolsterter Sessel f\u00fcr minimalistischen Komfort<\/span><\/h2>\n<p data-start=\"110\" data-end=\"482\">Dieser<strong> kleine gepolsterte Sessel<\/strong> kombiniert klare Linien mit einem k\u00fchnen Design, das ihn zu einem Blickfang in jedem Wohnbereich macht. Mit seinem Gestell aus pulverbeschichtetem Metall und den gepolsterten Kissen bietet der Sessel sowohl Haltbarkeit als auch Komfort. Die zylindrische R\u00fcckenlehne und die breite Sitzfl\u00e4che laden zum Entspannen ein, w\u00e4hrend die minimalistische Silhouette dem Sessel einen Hauch von moderner Eleganz verleiht.  <\/p>\n<p data-start=\"484\" data-end=\"669\">Dieser Stuhl eignet sich perfekt f\u00fcr Wohnzimmer, Leseecken oder stilvolle Lounges im B\u00fcro. Er verbindet Funktionalit\u00e4t mit moderner \u00c4sthetik und ist eine komfortable und auff\u00e4llige Sitzl\u00f6sung.<\/p>\n<figure id=\"attachment_54894\" aria-describedby=\"caption-attachment-54894\" style=\"width: 850px\" class=\"wp-caption aligncenter\"><img decoding=\"async\" class=\"size-full wp-image-53503\" src=\"https:\/\/minhducfurniture.com\/wp-content\/uploads\/2025\/09\/Small-upholstered-armchair-with-black-metal-frame.jpg\" alt=\"Kleiner gepolsterter Sessel mit schwarzem Metallgestell\" width=\"850\" height=\"567\" srcset=\"https:\/\/minhducfurniture.com\/wp-content\/uploads\/2025\/09\/Small-upholstered-armchair-with-black-metal-frame.jpg 850w, https:\/\/minhducfurniture.com\/wp-content\/uploads\/2025\/09\/Small-upholstered-armchair-with-black-metal-frame-510x340.jpg 510w, https:\/\/minhducfurniture.com\/wp-content\/uploads\/2025\/09\/Small-upholstered-armchair-with-black-metal-frame-600x400.jpg 600w, https:\/\/minhducfurniture.com\/wp-content\/uploads\/2025\/09\/Small-upholstered-armchair-with-black-metal-frame-768x512.jpg 768w\" sizes=\"(max-width: 850px) 100vw, 850px\" \/><figcaption id=\"caption-attachment-54894\" class=\"wp-caption-text\">Kleiner gepolsterter Sessel mit schwarzem Metallgestell<\/figcaption><\/figure>\n<h3>Beschreibung des Produkts<\/h3>\n<ul>\n<li>Produkt-Code: MDE-020IU<\/li>\n<li>Gr\u00f6\u00dfe des Stuhls: B660mm x SH420mm x H800mm<\/li>\n<li>Stahlrahmen mit Pulverbeschichtung.<\/li>\n<li>Kissen und Kopfst\u00fctzen mit Stoff oder PU-Leder bezogen, Vinyl, Farbe nach Kundenwunsch.<\/li>\n<li>Ladegewicht: 150kg\/ 330lbs<\/li>\n<li>Herkunft des Produkts: Vietnam<\/li>\n<\/ul>\n<figure id=\"attachment_54895\" aria-describedby=\"caption-attachment-54895\" style=\"width: 850px\" class=\"wp-caption aligncenter\"><img decoding=\"async\" class=\"size-full wp-image-53508\" src=\"https:\/\/minhducfurniture.com\/wp-content\/uploads\/2025\/09\/Compact-upholstered-armchair-in-a-living-room.jpg\" alt=\"Kompakter gepolsterter Sessel im Wohnzimmer\" width=\"850\" height=\"567\" srcset=\"https:\/\/minhducfurniture.com\/wp-content\/uploads\/2025\/09\/Compact-upholstered-armchair-in-a-living-room.jpg 850w, https:\/\/minhducfurniture.com\/wp-content\/uploads\/2025\/09\/Compact-upholstered-armchair-in-a-living-room-510x340.jpg 510w, https:\/\/minhducfurniture.com\/wp-content\/uploads\/2025\/09\/Compact-upholstered-armchair-in-a-living-room-600x400.jpg 600w, https:\/\/minhducfurniture.com\/wp-content\/uploads\/2025\/09\/Compact-upholstered-armchair-in-a-living-room-768x512.jpg 768w\" sizes=\"(max-width: 850px) 100vw, 850px\" \/><figcaption id=\"caption-attachment-54895\" class=\"wp-caption-text\">Kompakter gepolsterter Sessel im Wohnzimmer<\/figcaption><\/figure>\n<h4>Bestellinformationen<\/h4>\n<ul>\n<li>Mindestbestellmenge (MOQ): 50 St\u00fcck<\/li>\n<li>Vorlaufzeit: 30-35 Tage nach Anzahlung<\/li>\n<li>Liefertermin: FOB Hai Phong, Vietnam<\/li>\n<li>Zahlungsbedingungen: T\/T 30% Anzahlung, 70% Restbetrag vor Versand<\/li>\n<\/ul>\n<figure id=\"attachment_54896\" aria-describedby=\"caption-attachment-54896\" style=\"width: 850px\" class=\"wp-caption aligncenter\"><img decoding=\"async\" class=\"size-full wp-image-53551\" src=\"https:\/\/minhducfurniture.com\/wp-content\/uploads\/2025\/09\/A-white-chair-with-black-frame-in-a-room.jpg\" alt=\"Ein wei\u00dfer Stuhl mit schwarzem Rahmen in einem Zimmer\" width=\"850\" height=\"567\" srcset=\"https:\/\/minhducfurniture.com\/wp-content\/uploads\/2025\/09\/A-white-chair-with-black-frame-in-a-room.jpg 850w, https:\/\/minhducfurniture.com\/wp-content\/uploads\/2025\/09\/A-white-chair-with-black-frame-in-a-room-600x400.jpg 600w, https:\/\/minhducfurniture.com\/wp-content\/uploads\/2025\/09\/A-white-chair-with-black-frame-in-a-room-768x512.jpg 768w, https:\/\/minhducfurniture.com\/wp-content\/uploads\/2025\/09\/A-white-chair-with-black-frame-in-a-room-510x340.jpg 510w\" sizes=\"(max-width: 850px) 100vw, 850px\" \/><figcaption id=\"caption-attachment-54896\" class=\"wp-caption-text\">Ein wei\u00dfer Stuhl mit schwarzem Rahmen in einem Zimmer<\/figcaption><\/figure>\n<h4>Kontaktinformationen<\/h4>\n<ul>\n<li><a href=\"https:\/\/minhducfurniture.com\/de\/\">Minh Duc Public Furniture Co, Ltd.<\/a><\/li>\n<li>Adresse: Villa H02-L11 An Phu, Duong Noi, Ha Dong, Hanoi, Vietnam<\/li>\n<li>Telefon\/WhatsApp\/Zalo: +84 908 314 939<\/li>\n<\/ul>\n<h4>Mehr aus unseren Kollektionen<\/h4>\n<ul>\n<li><span style=\"color: #008080\"><a style=\"color: #008080\" href=\"https:\/\/minhducfurniture.com\/de\/product\/outdoor-baenke-zu-verkaufen-metall-holz-bank\/\">Outdoor B\u00e4nke zu verkaufen Metall Holz Bank<\/a><\/span><\/li>\n<\/ul>\n\t<div id=\"gap-1806800207\" class=\"gap-element clearfix\" style=\"display:block; height:auto;\">\n\t\t\n<style>\n#gap-1806800207 {\n  padding-top: 20px;\n}\n<\/style>\n\t<\/div>\n\t\n<div class=\"social-icons share-icons share-row relative\" ><a href=\"whatsapp:\/\/send?text=Kleiner%20gepolsterter%20Sessel%20Metallgestell%20moderner%20Loungesessel - https:\/\/minhducfurniture.com\/de\/product\/kleiner-gepolsterter-sessel-metallgestell-moderner-loungesessel\/\" data-action=\"share\/whatsapp\/share\" class=\"icon primary button round tooltip whatsapp show-for-medium\" title=\"Auf WhatsApp teilen\" aria-label=\"Auf WhatsApp teilen\"><i class=\"icon-whatsapp\" aria-hidden=\"true\"><\/i><\/a><a href=\"https:\/\/www.facebook.com\/sharer.php?u=https:\/\/minhducfurniture.com\/de\/product\/kleiner-gepolsterter-sessel-metallgestell-moderner-loungesessel\/\" data-label=\"Facebook\" onclick=\"window.open(this.href,this.title,'width=500,height=500,top=300px,left=300px'); return false;\" target=\"_blank\" class=\"icon primary button round tooltip facebook\" title=\"Auf Facebook teilen\" aria-label=\"Auf Facebook teilen\" rel=\"noopener nofollow\"><i class=\"icon-facebook\" aria-hidden=\"true\"><\/i><\/a><a href=\"https:\/\/twitter.com\/share?url=https:\/\/minhducfurniture.com\/de\/product\/kleiner-gepolsterter-sessel-metallgestell-moderner-loungesessel\/\" onclick=\"window.open(this.href,this.title,'width=500,height=500,top=300px,left=300px'); return false;\" target=\"_blank\" class=\"icon primary button round tooltip twitter\" title=\"Auf Twitter teilen\" aria-label=\"Auf Twitter teilen\" rel=\"noopener nofollow\"><i class=\"icon-twitter\" aria-hidden=\"true\"><\/i><\/a><a href=\"mailto:?subject=Kleiner%20gepolsterter%20Sessel%20Metallgestell%20moderner%20Loungesessel&body=Schau%20dir%20das%20an%3A%20https%3A%2F%2Fminhducfurniture.com%2Fde%2Fproduct%2Fkleiner-gepolsterter-sessel-metallgestell-moderner-loungesessel%2F\" class=\"icon primary button round tooltip email\" title=\"E-mail an einen Freund senden\" aria-label=\"E-mail an einen Freund senden\" rel=\"nofollow\"><i class=\"icon-envelop\" aria-hidden=\"true\"><\/i><\/a><a href=\"https:\/\/pinterest.com\/pin\/create\/button?url=https:\/\/minhducfurniture.com\/de\/product\/kleiner-gepolsterter-sessel-metallgestell-moderner-loungesessel\/&media=https:\/\/minhducfurniture.com\/wp-content\/uploads\/2025\/09\/small-upholstered-armchair.jpg&description=Kleiner%20gepolsterter%20Sessel%20Metallgestell%20moderner%20Loungesessel\" onclick=\"window.open(this.href,this.title,'width=500,height=500,top=300px,left=300px'); return false;\" target=\"_blank\" class=\"icon primary button round tooltip pinterest\" title=\"Pinterest Pin erstellen\" aria-label=\"Pinterest Pin erstellen\" rel=\"noopener nofollow\"><i class=\"icon-pinterest\" aria-hidden=\"true\"><\/i><\/a><a href=\"https:\/\/www.linkedin.com\/shareArticle?mini=true&url=https:\/\/minhducfurniture.com\/de\/product\/kleiner-gepolsterter-sessel-metallgestell-moderner-loungesessel\/&title=Kleiner%20gepolsterter%20Sessel%20Metallgestell%20moderner%20Loungesessel\" onclick=\"window.open(this.href,this.title,'width=500,height=500,top=300px,left=300px'); return false;\" target=\"_blank\" class=\"icon primary button round tooltip linkedin\" title=\"Auf LinkedIn teilen\" aria-label=\"Auf LinkedIn teilen\" rel=\"noopener nofollow\"><i class=\"icon-linkedin\" aria-hidden=\"true\"><\/i><\/a><\/div>\n","protected":false},"excerpt":{"rendered":"<ul>\n<li>Produkt-Code: MDE-020IU<\/li>\n<li>Gr\u00f6\u00dfe des Stuhls: B660mm x SH420mm x H800mm<\/li>\n<li>Stahlrahmen mit Pulverbeschichtung.<\/li>\n<li>Ladegewicht: 150kg\/ 330lbs<\/li>\n<li>Herkunft des Produkts: Vietnam<\/li>\n<li>Hotline\/ WhatsApp:+84908314939<\/li>\n<\/ul>\n","protected":false},"featured_media":54897,"comment_status":"open","ping_status":"closed","template":"","meta":[],"product_brand":[],"product_cat":[13084],"product_tag":[13089],"class_list":{"0":"post-54898","1":"product","2":"type-product","3":"status-publish","4":"has-post-thumbnail","6":"product_cat-lounge-sessel","7":"product_tag-sessel","9":"first","10":"instock","11":"shipping-taxable","12":"product-type-simple"},"yoast_head":"<!-- This site is optimized with the Yoast SEO plugin v27.0 - https:\/\/yoast.com\/product\/yoast-seo-wordpress\/ -->\n<title>Kleiner gepolsterter Sessel Metallgestell moderner Loungesessel - Minh Duc Furniture<\/title>\n<meta name=\"description\" content=\"Dieser kleine gepolsterte Sessel kombiniert klare Linien mit einem k\u00fchnen Design, das ihn zu einem Statement f\u00fcr jeden Wohnbereich macht. Ausgestattet mit einem pulverbeschichteten Rohrgestell\" \/>\n<meta name=\"robots\" content=\"index, follow, max-snippet:-1, max-image-preview:large, max-video-preview:-1\" \/>\n<link rel=\"canonical\" href=\"https:\/\/minhducfurniture.com\/de\/product\/kleiner-gepolsterter-sessel-metallgestell-moderner-loungesessel\/\" \/>\n<meta property=\"og:locale\" content=\"de_DE\" \/>\n<meta property=\"og:type\" content=\"article\" \/>\n<meta property=\"og:title\" content=\"Kleiner gepolsterter Sessel Metallgestell moderner Loungesessel - Minh Duc Furniture\" \/>\n<meta property=\"og:description\" content=\"Dieser kleine gepolsterte Sessel kombiniert klare Linien mit einem k\u00fchnen Design, das ihn zu einem Statement f\u00fcr jeden Wohnbereich macht. Ausgestattet mit einem pulverbeschichteten Rohrgestell\" \/>\n<meta property=\"og:url\" content=\"https:\/\/minhducfurniture.com\/de\/product\/kleiner-gepolsterter-sessel-metallgestell-moderner-loungesessel\/\" \/>\n<meta property=\"og:site_name\" content=\"Minh Duc Furniture\" \/>\n<meta property=\"article:modified_time\" content=\"2026-02-25T07:05:20+00:00\" \/>\n<meta property=\"og:image\" content=\"https:\/\/minhducfurniture.com\/wp-content\/uploads\/2025\/09\/small-upholstered-armchair.jpg\" \/>\n\t<meta property=\"og:image:width\" content=\"750\" \/>\n\t<meta property=\"og:image:height\" content=\"750\" \/>\n\t<meta property=\"og:image:type\" content=\"image\/jpeg\" \/>\n<meta name=\"twitter:card\" content=\"summary_large_image\" \/>\n<meta name=\"twitter:label1\" content=\"Gesch\u00e4tzte Lesezeit\" \/>\n\t<meta name=\"twitter:data1\" content=\"1\u00a0Minute\" \/>\n<script type=\"application\/ld+json\" class=\"yoast-schema-graph\">{\"@context\":\"https:\/\/schema.org\",\"@graph\":[{\"@type\":\"WebPage\",\"@id\":\"https:\/\/minhducfurniture.com\/de\/product\/kleiner-gepolsterter-sessel-metallgestell-moderner-loungesessel\/\",\"url\":\"https:\/\/minhducfurniture.com\/de\/product\/kleiner-gepolsterter-sessel-metallgestell-moderner-loungesessel\/\",\"name\":\"Kleiner gepolsterter Sessel Metallgestell moderner Loungesessel - Minh Duc Furniture\",\"isPartOf\":{\"@id\":\"https:\/\/minhducfurniture.com\/de\/#website\"},\"primaryImageOfPage\":{\"@id\":\"https:\/\/minhducfurniture.com\/de\/product\/kleiner-gepolsterter-sessel-metallgestell-moderner-loungesessel\/#primaryimage\"},\"image\":{\"@id\":\"https:\/\/minhducfurniture.com\/de\/product\/kleiner-gepolsterter-sessel-metallgestell-moderner-loungesessel\/#primaryimage\"},\"thumbnailUrl\":\"https:\/\/minhducfurniture.com\/wp-content\/uploads\/2025\/09\/small-upholstered-armchair.jpg\",\"datePublished\":\"2025-09-20T07:20:38+00:00\",\"dateModified\":\"2026-02-25T07:05:20+00:00\",\"description\":\"Dieser kleine gepolsterte Sessel kombiniert klare Linien mit einem k\u00fchnen Design, das ihn zu einem Statement f\u00fcr jeden Wohnbereich macht. Ausgestattet mit einem pulverbeschichteten Rohrgestell\",\"breadcrumb\":{\"@id\":\"https:\/\/minhducfurniture.com\/de\/product\/kleiner-gepolsterter-sessel-metallgestell-moderner-loungesessel\/#breadcrumb\"},\"inLanguage\":\"de\",\"potentialAction\":[{\"@type\":\"ReadAction\",\"target\":[\"https:\/\/minhducfurniture.com\/de\/product\/kleiner-gepolsterter-sessel-metallgestell-moderner-loungesessel\/\"]}]},{\"@type\":\"ImageObject\",\"inLanguage\":\"de\",\"@id\":\"https:\/\/minhducfurniture.com\/de\/product\/kleiner-gepolsterter-sessel-metallgestell-moderner-loungesessel\/#primaryimage\",\"url\":\"https:\/\/minhducfurniture.com\/wp-content\/uploads\/2025\/09\/small-upholstered-armchair.jpg\",\"contentUrl\":\"https:\/\/minhducfurniture.com\/wp-content\/uploads\/2025\/09\/small-upholstered-armchair.jpg\",\"width\":750,\"height\":750,\"caption\":\"kleiner gepolsterter Sessel\"},{\"@type\":\"BreadcrumbList\",\"@id\":\"https:\/\/minhducfurniture.com\/de\/product\/kleiner-gepolsterter-sessel-metallgestell-moderner-loungesessel\/#breadcrumb\",\"itemListElement\":[{\"@type\":\"ListItem\",\"position\":1,\"name\":\"Home\",\"item\":\"https:\/\/minhducfurniture.com\/de\/\"},{\"@type\":\"ListItem\",\"position\":2,\"name\":\"Shop\",\"item\":\"https:\/\/minhducfurniture.com\/shop\/\"},{\"@type\":\"ListItem\",\"position\":3,\"name\":\"Kleiner gepolsterter Sessel Metallgestell moderner Loungesessel\"}]},{\"@type\":\"WebSite\",\"@id\":\"https:\/\/minhducfurniture.com\/de\/#website\",\"url\":\"https:\/\/minhducfurniture.com\/de\/\",\"name\":\"Minh Duc Furniture\",\"description\":\"Vietnam Furniture Supplier\",\"publisher\":{\"@id\":\"https:\/\/minhducfurniture.com\/de\/#organization\"},\"alternateName\":\"Vietnam Online Shop\",\"potentialAction\":[{\"@type\":\"SearchAction\",\"target\":{\"@type\":\"EntryPoint\",\"urlTemplate\":\"https:\/\/minhducfurniture.com\/de\/?s={search_term_string}\"},\"query-input\":{\"@type\":\"PropertyValueSpecification\",\"valueRequired\":true,\"valueName\":\"search_term_string\"}}],\"inLanguage\":\"de\"},{\"@type\":\"Organization\",\"@id\":\"https:\/\/minhducfurniture.com\/de\/#organization\",\"name\":\"Minh Duc Furniture\",\"alternateName\":\"Vietnam Furniture Export\",\"url\":\"https:\/\/minhducfurniture.com\/de\/\",\"logo\":{\"@type\":\"ImageObject\",\"inLanguage\":\"de\",\"@id\":\"https:\/\/minhducfurniture.com\/de\/#\/schema\/logo\/image\/\",\"url\":\"\",\"contentUrl\":\"\",\"caption\":\"Minh Duc Furniture\"},\"image\":{\"@id\":\"https:\/\/minhducfurniture.com\/de\/#\/schema\/logo\/image\/\"},\"sameAs\":[\"https:\/\/www.pinterest.com\/hienthaoshop\/pins\/\"]}]}<\/script>\n<!-- \/ Yoast SEO plugin. -->","yoast_head_json":{"title":"Kleiner gepolsterter Sessel Metallgestell moderner Loungesessel - Minh Duc Furniture","description":"Dieser kleine gepolsterte Sessel kombiniert klare Linien mit einem k\u00fchnen Design, das ihn zu einem Statement f\u00fcr jeden Wohnbereich macht. Ausgestattet mit einem pulverbeschichteten Rohrgestell","robots":{"index":"index","follow":"follow","max-snippet":"max-snippet:-1","max-image-preview":"max-image-preview:large","max-video-preview":"max-video-preview:-1"},"canonical":"https:\/\/minhducfurniture.com\/de\/product\/kleiner-gepolsterter-sessel-metallgestell-moderner-loungesessel\/","og_locale":"de_DE","og_type":"article","og_title":"Kleiner gepolsterter Sessel Metallgestell moderner Loungesessel - Minh Duc Furniture","og_description":"Dieser kleine gepolsterte Sessel kombiniert klare Linien mit einem k\u00fchnen Design, das ihn zu einem Statement f\u00fcr jeden Wohnbereich macht. Ausgestattet mit einem pulverbeschichteten Rohrgestell","og_url":"https:\/\/minhducfurniture.com\/de\/product\/kleiner-gepolsterter-sessel-metallgestell-moderner-loungesessel\/","og_site_name":"Minh Duc Furniture","article_modified_time":"2026-02-25T07:05:20+00:00","og_image":[{"width":750,"height":750,"url":"https:\/\/minhducfurniture.com\/wp-content\/uploads\/2025\/09\/small-upholstered-armchair.jpg","type":"image\/jpeg"}],"twitter_card":"summary_large_image","twitter_misc":{"Gesch\u00e4tzte Lesezeit":"1\u00a0Minute"},"schema":{"@context":"https:\/\/schema.org","@graph":[{"@type":"WebPage","@id":"https:\/\/minhducfurniture.com\/de\/product\/kleiner-gepolsterter-sessel-metallgestell-moderner-loungesessel\/","url":"https:\/\/minhducfurniture.com\/de\/product\/kleiner-gepolsterter-sessel-metallgestell-moderner-loungesessel\/","name":"Kleiner gepolsterter Sessel Metallgestell moderner Loungesessel - Minh Duc Furniture","isPartOf":{"@id":"https:\/\/minhducfurniture.com\/de\/#website"},"primaryImageOfPage":{"@id":"https:\/\/minhducfurniture.com\/de\/product\/kleiner-gepolsterter-sessel-metallgestell-moderner-loungesessel\/#primaryimage"},"image":{"@id":"https:\/\/minhducfurniture.com\/de\/product\/kleiner-gepolsterter-sessel-metallgestell-moderner-loungesessel\/#primaryimage"},"thumbnailUrl":"https:\/\/minhducfurniture.com\/wp-content\/uploads\/2025\/09\/small-upholstered-armchair.jpg","datePublished":"2025-09-20T07:20:38+00:00","dateModified":"2026-02-25T07:05:20+00:00","description":"Dieser kleine gepolsterte Sessel kombiniert klare Linien mit einem k\u00fchnen Design, das ihn zu einem Statement f\u00fcr jeden Wohnbereich macht. Ausgestattet mit einem pulverbeschichteten Rohrgestell","breadcrumb":{"@id":"https:\/\/minhducfurniture.com\/de\/product\/kleiner-gepolsterter-sessel-metallgestell-moderner-loungesessel\/#breadcrumb"},"inLanguage":"de","potentialAction":[{"@type":"ReadAction","target":["https:\/\/minhducfurniture.com\/de\/product\/kleiner-gepolsterter-sessel-metallgestell-moderner-loungesessel\/"]}]},{"@type":"ImageObject","inLanguage":"de","@id":"https:\/\/minhducfurniture.com\/de\/product\/kleiner-gepolsterter-sessel-metallgestell-moderner-loungesessel\/#primaryimage","url":"https:\/\/minhducfurniture.com\/wp-content\/uploads\/2025\/09\/small-upholstered-armchair.jpg","contentUrl":"https:\/\/minhducfurniture.com\/wp-content\/uploads\/2025\/09\/small-upholstered-armchair.jpg","width":750,"height":750,"caption":"kleiner gepolsterter Sessel"},{"@type":"BreadcrumbList","@id":"https:\/\/minhducfurniture.com\/de\/product\/kleiner-gepolsterter-sessel-metallgestell-moderner-loungesessel\/#breadcrumb","itemListElement":[{"@type":"ListItem","position":1,"name":"Home","item":"https:\/\/minhducfurniture.com\/de\/"},{"@type":"ListItem","position":2,"name":"Shop","item":"https:\/\/minhducfurniture.com\/shop\/"},{"@type":"ListItem","position":3,"name":"Kleiner gepolsterter Sessel Metallgestell moderner Loungesessel"}]},{"@type":"WebSite","@id":"https:\/\/minhducfurniture.com\/de\/#website","url":"https:\/\/minhducfurniture.com\/de\/","name":"Minh Duc Furniture","description":"Vietnam Furniture Supplier","publisher":{"@id":"https:\/\/minhducfurniture.com\/de\/#organization"},"alternateName":"Vietnam Online Shop","potentialAction":[{"@type":"SearchAction","target":{"@type":"EntryPoint","urlTemplate":"https:\/\/minhducfurniture.com\/de\/?s={search_term_string}"},"query-input":{"@type":"PropertyValueSpecification","valueRequired":true,"valueName":"search_term_string"}}],"inLanguage":"de"},{"@type":"Organization","@id":"https:\/\/minhducfurniture.com\/de\/#organization","name":"Minh Duc Furniture","alternateName":"Vietnam Furniture Export","url":"https:\/\/minhducfurniture.com\/de\/","logo":{"@type":"ImageObject","inLanguage":"de","@id":"https:\/\/minhducfurniture.com\/de\/#\/schema\/logo\/image\/","url":"","contentUrl":"","caption":"Minh Duc Furniture"},"image":{"@id":"https:\/\/minhducfurniture.com\/de\/#\/schema\/logo\/image\/"},"sameAs":["https:\/\/www.pinterest.com\/hienthaoshop\/pins\/"]}]}},"_links":{"self":[{"href":"https:\/\/minhducfurniture.com\/de\/wp-json\/wp\/v2\/product\/54898","targetHints":{"allow":["GET"]}}],"collection":[{"href":"https:\/\/minhducfurniture.com\/de\/wp-json\/wp\/v2\/product"}],"about":[{"href":"https:\/\/minhducfurniture.com\/de\/wp-json\/wp\/v2\/types\/product"}],"replies":[{"embeddable":true,"href":"https:\/\/minhducfurniture.com\/de\/wp-json\/wp\/v2\/comments?post=54898"}],"wp:featuredmedia":[{"embeddable":true,"href":"https:\/\/minhducfurniture.com\/de\/wp-json\/wp\/v2\/media\/54897"}],"wp:attachment":[{"href":"https:\/\/minhducfurniture.com\/de\/wp-json\/wp\/v2\/media?parent=54898"}],"wp:term":[{"taxonomy":"product_brand","embeddable":true,"href":"https:\/\/minhducfurniture.com\/de\/wp-json\/wp\/v2\/product_brand?post=54898"},{"taxonomy":"product_cat","embeddable":true,"href":"https:\/\/minhducfurniture.com\/de\/wp-json\/wp\/v2\/product_cat?post=54898"},{"taxonomy":"product_tag","embeddable":true,"href":"https:\/\/minhducfurniture.com\/de\/wp-json\/wp\/v2\/product_tag?post=54898"}],"curies":[{"name":"wp","href":"https:\/\/api.w.org\/{rel}","templated":true}]}}