{"id":54892,"date":"2025-11-30T22:08:06","date_gmt":"2025-11-30T15:08:06","guid":{"rendered":"https:\/\/minhducfurniture.com\/product\/gruene-gartenstuehle-aus-kunststoff-fuer-den-innen-und-aussenbereich-mehrfarbige-optionen\/"},"modified":"2026-02-25T14:29:14","modified_gmt":"2026-02-25T07:29:14","slug":"gruene-gartenstuehle-aus-kunststoff-fuer-den-innen-und-aussenbereich-mehrfarbige-optionen","status":"publish","type":"product","link":"https:\/\/minhducfurniture.com\/de\/product\/gruene-gartenstuehle-aus-kunststoff-fuer-den-innen-und-aussenbereich-mehrfarbige-optionen\/","title":{"rendered":"Gr\u00fcne Gartenst\u00fchle aus Kunststoff, f\u00fcr den Innen- und Au\u00dfenbereich, mehrfarbige Optionen"},"content":{"rendered":"<h2>Gr\u00fcne Kunststoff-Gartenst\u00fchle &#8211; Mehrzweck-Sitzm\u00f6bel f\u00fcr drinnen und drau\u00dfen<\/h2>\n<p>Versch\u00f6nern Sie Ihren Au\u00dfenbereich mit stilvollen <strong>gr\u00fcnen Kunststoff-Gartenst\u00fchlen<\/strong> aus langlebigem Polypropylen (PP). Diese St\u00fchle verf\u00fcgen \u00fcber ein einzigartiges k\u00fcnstlerisches Design der R\u00fcckenlehne, das sowohl Komfort als auch einen modernen Look bietet. Leicht, wetterbest\u00e4ndig und pflegeleicht &#8211; perfekt f\u00fcr G\u00e4rten, Balkone, Terrassen, Caf\u00e9s und Sitzgelegenheiten am Pool. Die St\u00fchle sind stapelbar f\u00fcr eine bequeme Aufbewahrung und vielseitig f\u00fcr den Innen- und Au\u00dfenbereich einsetzbar.   \t<div id=\"gap-1777876353\" class=\"gap-element clearfix\" style=\"display:block; height:auto;\">\n\t\t\n<style>\n#gap-1777876353 {\n  padding-top: 15px;\n}\n<\/style>\n\t<\/div>\n\t\n<figure id=\"attachment_54887\" aria-describedby=\"caption-attachment-54887\" style=\"width: 850px\" class=\"wp-caption aligncenter\"><img decoding=\"async\" class=\"size-full wp-image-54408\" src=\"https:\/\/minhducfurniture.com\/wp-content\/uploads\/2025\/11\/Green-plastic-chairs-with-table.jpg\" alt=\"Gr\u00fcne Plastikst\u00fchle mit Tisch\" width=\"850\" height=\"597\" srcset=\"https:\/\/minhducfurniture.com\/wp-content\/uploads\/2025\/11\/Green-plastic-chairs-with-table.jpg 850w, https:\/\/minhducfurniture.com\/wp-content\/uploads\/2025\/11\/Green-plastic-chairs-with-table-570x400.jpg 570w, https:\/\/minhducfurniture.com\/wp-content\/uploads\/2025\/11\/Green-plastic-chairs-with-table-768x539.jpg 768w, https:\/\/minhducfurniture.com\/wp-content\/uploads\/2025\/11\/Green-plastic-chairs-with-table-510x358.jpg 510w\" sizes=\"(max-width: 850px) 100vw, 850px\" \/><figcaption id=\"caption-attachment-54887\" class=\"wp-caption-text\">Gr\u00fcne Plastikst\u00fchle mit Tisch<\/figcaption><\/figure>\n<h3>Wichtigste Produktmerkmale<\/h3>\n<ul>\n<li>Hochwertiger PP-Kunststoff: stark, robust und leicht zu reinigen<\/li>\n<li>Stapelbares Design f\u00fcr bequeme Aufbewahrung und platzsparende Layouts<\/li>\n<li>Wetterbest\u00e4ndig: f\u00fcr Innen- und Au\u00dfenbereiche geeignet<\/li>\n<li>Leicht und dennoch stabil f\u00fcr flexible Sitzgelegenheiten<\/li>\n<li>Mehrere Farbauswahlen f\u00fcr moderne, stilvolle Inneneinrichtungen<\/li>\n<\/ul>\n<figure id=\"attachment_54888\" aria-describedby=\"caption-attachment-54888\" style=\"width: 850px\" class=\"wp-caption aligncenter\"><img decoding=\"async\" class=\"size-full wp-image-54405\" src=\"https:\/\/minhducfurniture.com\/wp-content\/uploads\/2025\/11\/Orange-plastic-garden-chair.jpg\" alt=\"Orangefarbener Gartenstuhl aus Kunststoff\" width=\"850\" height=\"569\" srcset=\"https:\/\/minhducfurniture.com\/wp-content\/uploads\/2025\/11\/Orange-plastic-garden-chair.jpg 850w, https:\/\/minhducfurniture.com\/wp-content\/uploads\/2025\/11\/Orange-plastic-garden-chair-598x400.jpg 598w, https:\/\/minhducfurniture.com\/wp-content\/uploads\/2025\/11\/Orange-plastic-garden-chair-768x514.jpg 768w, https:\/\/minhducfurniture.com\/wp-content\/uploads\/2025\/11\/Orange-plastic-garden-chair-510x341.jpg 510w\" sizes=\"(max-width: 850px) 100vw, 850px\" \/><figcaption id=\"caption-attachment-54888\" class=\"wp-caption-text\">Orangefarbener Gartenstuhl aus Kunststoff<\/figcaption><\/figure>\n<h4>Beschreibung des Produkts<\/h4>\n<ul>\n<li>Produkt-Code: MDS-3008<\/li>\n<li>Gr\u00f6\u00dfe des Stuhls: H840mm*SH460mm*B540mm*T550mm<\/li>\n<li>100% PP-Kunststoff mit UV-Schutzbeschichtung<\/li>\n<li>Ladegewicht: 120kg\/ 264.5lbs<\/li>\n<li>Herkunft des Produkts: Vietnam<\/li>\n<\/ul>\n<figure id=\"attachment_54889\" aria-describedby=\"caption-attachment-54889\" style=\"width: 850px\" class=\"wp-caption aligncenter\"><img decoding=\"async\" class=\"wp-image-54404 size-full\" src=\"https:\/\/minhducfurniture.com\/wp-content\/uploads\/2025\/11\/Plastic-chair-in-tropical-garden.jpg\" alt=\"Plastikst\u00fchle im tropischen Garten\" width=\"850\" height=\"585\" srcset=\"https:\/\/minhducfurniture.com\/wp-content\/uploads\/2025\/11\/Plastic-chair-in-tropical-garden.jpg 850w, https:\/\/minhducfurniture.com\/wp-content\/uploads\/2025\/11\/Plastic-chair-in-tropical-garden-581x400.jpg 581w, https:\/\/minhducfurniture.com\/wp-content\/uploads\/2025\/11\/Plastic-chair-in-tropical-garden-768x529.jpg 768w, https:\/\/minhducfurniture.com\/wp-content\/uploads\/2025\/11\/Plastic-chair-in-tropical-garden-510x351.jpg 510w\" sizes=\"(max-width: 850px) 100vw, 850px\" \/><figcaption id=\"caption-attachment-54889\" class=\"wp-caption-text\">Plastikst\u00fchle im tropischen Garten<\/figcaption><\/figure>\n<h4>Bestellinformationen<\/h4>\n<ul>\n<li>Mindestbestellmenge (MOQ): 50 St\u00fcck<\/li>\n<li>Vorlaufzeit: 30-35 Tage nach Anzahlung<\/li>\n<li>Liefertermin: FOB Hai Phong Hafen, Vietnam<\/li>\n<li>Zahlungsbedingungen: T\/T 30% Anzahlung, 70% Restbetrag vor Versand<\/li>\n<li>Wenn Sie ein eigenes Design haben und eine Massenproduktion ben\u00f6tigen, kontaktieren Sie uns bitte f\u00fcr weitere Unterst\u00fctzung.<\/li>\n<\/ul>\n<figure id=\"attachment_54890\" aria-describedby=\"caption-attachment-54890\" style=\"width: 850px\" class=\"wp-caption aligncenter\"><img decoding=\"async\" class=\"size-full wp-image-54406\" src=\"https:\/\/minhducfurniture.com\/wp-content\/uploads\/2025\/11\/Various-colors-of-plastic-chairs.jpg\" alt=\"Verschiedene Farben von Plastikst\u00fchlen\" width=\"850\" height=\"634\" srcset=\"https:\/\/minhducfurniture.com\/wp-content\/uploads\/2025\/11\/Various-colors-of-plastic-chairs.jpg 850w, https:\/\/minhducfurniture.com\/wp-content\/uploads\/2025\/11\/Various-colors-of-plastic-chairs-536x400.jpg 536w, https:\/\/minhducfurniture.com\/wp-content\/uploads\/2025\/11\/Various-colors-of-plastic-chairs-768x573.jpg 768w, https:\/\/minhducfurniture.com\/wp-content\/uploads\/2025\/11\/Various-colors-of-plastic-chairs-510x380.jpg 510w\" sizes=\"(max-width: 850px) 100vw, 850px\" \/><figcaption id=\"caption-attachment-54890\" class=\"wp-caption-text\">Verschiedene Farben von Plastikst\u00fchlen<\/figcaption><\/figure>\n<h4>Kontaktinformationen<\/h4>\n<ul>\n<li>Minh Duc Public Furniture Co, Ltd.<\/li>\n<li>Adresse: Villa H02-L11 An Phu, Duong Noi, Ha Dong, Hanoi, Vietnam<\/li>\n<li>Telefon\/WhatsApp\/Zalo: +84 908 314 939<\/li>\n<\/ul>\n<p>Mehr aus unseren Kollektionen<\/p>\n<ul>\n<li><span style=\"color: #008080\"><a style=\"color: #008080\" href=\"https:\/\/minhducfurniture.com\/de\/product\/weisse-kunststoff-rasenstuehle-mit-rattan-stil-fuer-draussen-und-drinnen\/\">Wei\u00dfe Kunststoff-Rasenst\u00fchle mit Rattan-Stil f\u00fcr drau\u00dfen und drinnen<\/a><\/span><\/li>\n<li><span style=\"color: #008080\"><a style=\"color: #008080\" href=\"https:\/\/minhducfurniture.com\/de\/product\/verandastuehle-aus-kunststoff-leicht-und-stapelbar\/\">Verandast\u00fchle aus Kunststoff leicht und stapelbar<\/a><\/span><\/li>\n<\/ul>\n<div class=\"social-icons share-icons share-row relative\" ><a href=\"whatsapp:\/\/send?text=Gr%C3%BCne%20Gartenst%C3%BChle%20aus%20Kunststoff%2C%20f%C3%BCr%20den%20Innen-%20und%20Au%C3%9Fenbereich%2C%20mehrfarbige%20Optionen - https:\/\/minhducfurniture.com\/de\/product\/gruene-gartenstuehle-aus-kunststoff-fuer-den-innen-und-aussenbereich-mehrfarbige-optionen\/\" data-action=\"share\/whatsapp\/share\" class=\"icon primary button round tooltip whatsapp show-for-medium\" title=\"Auf WhatsApp teilen\" aria-label=\"Auf WhatsApp teilen\"><i class=\"icon-whatsapp\" aria-hidden=\"true\"><\/i><\/a><a href=\"https:\/\/www.facebook.com\/sharer.php?u=https:\/\/minhducfurniture.com\/de\/product\/gruene-gartenstuehle-aus-kunststoff-fuer-den-innen-und-aussenbereich-mehrfarbige-optionen\/\" data-label=\"Facebook\" onclick=\"window.open(this.href,this.title,'width=500,height=500,top=300px,left=300px'); return false;\" target=\"_blank\" class=\"icon primary button round tooltip facebook\" title=\"Auf Facebook teilen\" aria-label=\"Auf Facebook teilen\" rel=\"noopener nofollow\"><i class=\"icon-facebook\" aria-hidden=\"true\"><\/i><\/a><a href=\"https:\/\/twitter.com\/share?url=https:\/\/minhducfurniture.com\/de\/product\/gruene-gartenstuehle-aus-kunststoff-fuer-den-innen-und-aussenbereich-mehrfarbige-optionen\/\" onclick=\"window.open(this.href,this.title,'width=500,height=500,top=300px,left=300px'); return false;\" target=\"_blank\" class=\"icon primary button round tooltip twitter\" title=\"Auf Twitter teilen\" aria-label=\"Auf Twitter teilen\" rel=\"noopener nofollow\"><i class=\"icon-twitter\" aria-hidden=\"true\"><\/i><\/a><a href=\"mailto:?subject=Gr%C3%BCne%20Gartenst%C3%BChle%20aus%20Kunststoff%2C%20f%C3%BCr%20den%20Innen-%20und%20Au%C3%9Fenbereich%2C%20mehrfarbige%20Optionen&body=Schau%20dir%20das%20an%3A%20https%3A%2F%2Fminhducfurniture.com%2Fde%2Fproduct%2Fgruene-gartenstuehle-aus-kunststoff-fuer-den-innen-und-aussenbereich-mehrfarbige-optionen%2F\" class=\"icon primary button round tooltip email\" title=\"E-mail an einen Freund senden\" aria-label=\"E-mail an einen Freund senden\" rel=\"nofollow\"><i class=\"icon-envelop\" aria-hidden=\"true\"><\/i><\/a><a href=\"https:\/\/pinterest.com\/pin\/create\/button?url=https:\/\/minhducfurniture.com\/de\/product\/gruene-gartenstuehle-aus-kunststoff-fuer-den-innen-und-aussenbereich-mehrfarbige-optionen\/&media=https:\/\/minhducfurniture.com\/wp-content\/uploads\/2025\/11\/Green-plastic-garden-chairs.jpg&description=Gr%C3%BCne%20Gartenst%C3%BChle%20aus%20Kunststoff%2C%20f%C3%BCr%20den%20Innen-%20und%20Au%C3%9Fenbereich%2C%20mehrfarbige%20Optionen\" onclick=\"window.open(this.href,this.title,'width=500,height=500,top=300px,left=300px'); return false;\" target=\"_blank\" class=\"icon primary button round tooltip pinterest\" title=\"Pinterest Pin erstellen\" aria-label=\"Pinterest Pin erstellen\" rel=\"noopener nofollow\"><i class=\"icon-pinterest\" aria-hidden=\"true\"><\/i><\/a><a href=\"https:\/\/www.linkedin.com\/shareArticle?mini=true&url=https:\/\/minhducfurniture.com\/de\/product\/gruene-gartenstuehle-aus-kunststoff-fuer-den-innen-und-aussenbereich-mehrfarbige-optionen\/&title=Gr%C3%BCne%20Gartenst%C3%BChle%20aus%20Kunststoff%2C%20f%C3%BCr%20den%20Innen-%20und%20Au%C3%9Fenbereich%2C%20mehrfarbige%20Optionen\" onclick=\"window.open(this.href,this.title,'width=500,height=500,top=300px,left=300px'); return false;\" target=\"_blank\" class=\"icon primary button round tooltip linkedin\" title=\"Auf LinkedIn teilen\" aria-label=\"Auf LinkedIn teilen\" rel=\"noopener nofollow\"><i class=\"icon-linkedin\" aria-hidden=\"true\"><\/i><\/a><\/div>\n","protected":false},"excerpt":{"rendered":"<ul>\n<li>Produkt-Code: MDS-3008<\/li>\n<li>Gr\u00f6\u00dfe des Stuhls: H840mm*SH460mm*B540mm*T550mm<\/li>\n<li>100% PP-Kunststoff mit UV-Schutzbeschichtung<\/li>\n<li>Ladegewicht: 120kg\/ 264.5lbs<\/li>\n<li>Herkunft des Produkts: Vietnam<\/li>\n<li>Hotline\/ WhatsApp:+84908314939<\/li>\n<\/ul>\n","protected":false},"featured_media":54891,"comment_status":"open","ping_status":"closed","template":"","meta":[],"product_brand":[],"product_cat":[13081],"product_tag":[13082],"class_list":{"0":"post-54892","1":"product","2":"type-product","3":"status-publish","4":"has-post-thumbnail","6":"product_cat-plastik-stuhle","7":"product_tag-outdoor-stuhle","9":"first","10":"instock","11":"shipping-taxable","12":"product-type-simple"},"yoast_head":"<!-- This site is optimized with the Yoast SEO plugin v27.0 - https:\/\/yoast.com\/product\/yoast-seo-wordpress\/ -->\n<title>Gr\u00fcne Gartenst\u00fchle aus Kunststoff, f\u00fcr den Innen- und Au\u00dfenbereich, mehrfarbige Optionen - Minh Duc Furniture<\/title>\n<meta name=\"description\" content=\"Versch\u00f6nern Sie Ihren Au\u00dfenbereich mit stilvollen gr\u00fcnen Kunststoff-Gartenst\u00fchlen aus langlebigem Polypropylen (PP). Diese St\u00fchle haben ein einzigartiges\" \/>\n<meta name=\"robots\" content=\"index, follow, max-snippet:-1, max-image-preview:large, max-video-preview:-1\" \/>\n<link rel=\"canonical\" href=\"https:\/\/minhducfurniture.com\/de\/product\/gruene-gartenstuehle-aus-kunststoff-fuer-den-innen-und-aussenbereich-mehrfarbige-optionen\/\" \/>\n<meta property=\"og:locale\" content=\"de_DE\" \/>\n<meta property=\"og:type\" content=\"article\" \/>\n<meta property=\"og:title\" content=\"Gr\u00fcne Gartenst\u00fchle aus Kunststoff, f\u00fcr den Innen- und Au\u00dfenbereich, mehrfarbige Optionen - Minh Duc Furniture\" \/>\n<meta property=\"og:description\" content=\"Versch\u00f6nern Sie Ihren Au\u00dfenbereich mit stilvollen gr\u00fcnen Kunststoff-Gartenst\u00fchlen aus langlebigem Polypropylen (PP). Diese St\u00fchle haben ein einzigartiges\" \/>\n<meta property=\"og:url\" content=\"https:\/\/minhducfurniture.com\/de\/product\/gruene-gartenstuehle-aus-kunststoff-fuer-den-innen-und-aussenbereich-mehrfarbige-optionen\/\" \/>\n<meta property=\"og:site_name\" content=\"Minh Duc Furniture\" \/>\n<meta property=\"article:modified_time\" content=\"2026-02-25T07:29:14+00:00\" \/>\n<meta property=\"og:image\" content=\"https:\/\/minhducfurniture.com\/wp-content\/uploads\/2025\/11\/Green-plastic-garden-chairs.jpg\" \/>\n\t<meta property=\"og:image:width\" content=\"650\" \/>\n\t<meta property=\"og:image:height\" content=\"650\" \/>\n\t<meta property=\"og:image:type\" content=\"image\/jpeg\" \/>\n<meta name=\"twitter:card\" content=\"summary_large_image\" \/>\n<meta name=\"twitter:label1\" content=\"Gesch\u00e4tzte Lesezeit\" \/>\n\t<meta name=\"twitter:data1\" content=\"2\u00a0Minuten\" \/>\n<script type=\"application\/ld+json\" class=\"yoast-schema-graph\">{\"@context\":\"https:\/\/schema.org\",\"@graph\":[{\"@type\":\"WebPage\",\"@id\":\"https:\/\/minhducfurniture.com\/de\/product\/gruene-gartenstuehle-aus-kunststoff-fuer-den-innen-und-aussenbereich-mehrfarbige-optionen\/\",\"url\":\"https:\/\/minhducfurniture.com\/de\/product\/gruene-gartenstuehle-aus-kunststoff-fuer-den-innen-und-aussenbereich-mehrfarbige-optionen\/\",\"name\":\"Gr\u00fcne Gartenst\u00fchle aus Kunststoff, f\u00fcr den Innen- und Au\u00dfenbereich, mehrfarbige Optionen - Minh Duc Furniture\",\"isPartOf\":{\"@id\":\"https:\/\/minhducfurniture.com\/de\/#website\"},\"primaryImageOfPage\":{\"@id\":\"https:\/\/minhducfurniture.com\/de\/product\/gruene-gartenstuehle-aus-kunststoff-fuer-den-innen-und-aussenbereich-mehrfarbige-optionen\/#primaryimage\"},\"image\":{\"@id\":\"https:\/\/minhducfurniture.com\/de\/product\/gruene-gartenstuehle-aus-kunststoff-fuer-den-innen-und-aussenbereich-mehrfarbige-optionen\/#primaryimage\"},\"thumbnailUrl\":\"https:\/\/minhducfurniture.com\/wp-content\/uploads\/2025\/11\/Green-plastic-garden-chairs.jpg\",\"datePublished\":\"2025-11-30T15:08:06+00:00\",\"dateModified\":\"2026-02-25T07:29:14+00:00\",\"description\":\"Versch\u00f6nern Sie Ihren Au\u00dfenbereich mit stilvollen gr\u00fcnen Kunststoff-Gartenst\u00fchlen aus langlebigem Polypropylen (PP). Diese St\u00fchle haben ein einzigartiges\",\"breadcrumb\":{\"@id\":\"https:\/\/minhducfurniture.com\/de\/product\/gruene-gartenstuehle-aus-kunststoff-fuer-den-innen-und-aussenbereich-mehrfarbige-optionen\/#breadcrumb\"},\"inLanguage\":\"de\",\"potentialAction\":[{\"@type\":\"ReadAction\",\"target\":[\"https:\/\/minhducfurniture.com\/de\/product\/gruene-gartenstuehle-aus-kunststoff-fuer-den-innen-und-aussenbereich-mehrfarbige-optionen\/\"]}]},{\"@type\":\"ImageObject\",\"inLanguage\":\"de\",\"@id\":\"https:\/\/minhducfurniture.com\/de\/product\/gruene-gartenstuehle-aus-kunststoff-fuer-den-innen-und-aussenbereich-mehrfarbige-optionen\/#primaryimage\",\"url\":\"https:\/\/minhducfurniture.com\/wp-content\/uploads\/2025\/11\/Green-plastic-garden-chairs.jpg\",\"contentUrl\":\"https:\/\/minhducfurniture.com\/wp-content\/uploads\/2025\/11\/Green-plastic-garden-chairs.jpg\",\"width\":650,\"height\":650,\"caption\":\"Gr\u00fcne Gartenst\u00fchle aus Kunststoff\"},{\"@type\":\"BreadcrumbList\",\"@id\":\"https:\/\/minhducfurniture.com\/de\/product\/gruene-gartenstuehle-aus-kunststoff-fuer-den-innen-und-aussenbereich-mehrfarbige-optionen\/#breadcrumb\",\"itemListElement\":[{\"@type\":\"ListItem\",\"position\":1,\"name\":\"Home\",\"item\":\"https:\/\/minhducfurniture.com\/de\/\"},{\"@type\":\"ListItem\",\"position\":2,\"name\":\"Shop\",\"item\":\"https:\/\/minhducfurniture.com\/shop\/\"},{\"@type\":\"ListItem\",\"position\":3,\"name\":\"Gr\u00fcne Gartenst\u00fchle aus Kunststoff, f\u00fcr den Innen- und Au\u00dfenbereich, mehrfarbige Optionen\"}]},{\"@type\":\"WebSite\",\"@id\":\"https:\/\/minhducfurniture.com\/de\/#website\",\"url\":\"https:\/\/minhducfurniture.com\/de\/\",\"name\":\"Minh Duc Furniture\",\"description\":\"Vietnam Furniture Supplier\",\"publisher\":{\"@id\":\"https:\/\/minhducfurniture.com\/de\/#organization\"},\"alternateName\":\"Vietnam Online Shop\",\"potentialAction\":[{\"@type\":\"SearchAction\",\"target\":{\"@type\":\"EntryPoint\",\"urlTemplate\":\"https:\/\/minhducfurniture.com\/de\/?s={search_term_string}\"},\"query-input\":{\"@type\":\"PropertyValueSpecification\",\"valueRequired\":true,\"valueName\":\"search_term_string\"}}],\"inLanguage\":\"de\"},{\"@type\":\"Organization\",\"@id\":\"https:\/\/minhducfurniture.com\/de\/#organization\",\"name\":\"Minh Duc Furniture\",\"alternateName\":\"Vietnam Furniture Export\",\"url\":\"https:\/\/minhducfurniture.com\/de\/\",\"logo\":{\"@type\":\"ImageObject\",\"inLanguage\":\"de\",\"@id\":\"https:\/\/minhducfurniture.com\/de\/#\/schema\/logo\/image\/\",\"url\":\"\",\"contentUrl\":\"\",\"caption\":\"Minh Duc Furniture\"},\"image\":{\"@id\":\"https:\/\/minhducfurniture.com\/de\/#\/schema\/logo\/image\/\"},\"sameAs\":[\"https:\/\/www.pinterest.com\/hienthaoshop\/pins\/\"]}]}<\/script>\n<!-- \/ Yoast SEO plugin. -->","yoast_head_json":{"title":"Gr\u00fcne Gartenst\u00fchle aus Kunststoff, f\u00fcr den Innen- und Au\u00dfenbereich, mehrfarbige Optionen - Minh Duc Furniture","description":"Versch\u00f6nern Sie Ihren Au\u00dfenbereich mit stilvollen gr\u00fcnen Kunststoff-Gartenst\u00fchlen aus langlebigem Polypropylen (PP). Diese St\u00fchle haben ein einzigartiges","robots":{"index":"index","follow":"follow","max-snippet":"max-snippet:-1","max-image-preview":"max-image-preview:large","max-video-preview":"max-video-preview:-1"},"canonical":"https:\/\/minhducfurniture.com\/de\/product\/gruene-gartenstuehle-aus-kunststoff-fuer-den-innen-und-aussenbereich-mehrfarbige-optionen\/","og_locale":"de_DE","og_type":"article","og_title":"Gr\u00fcne Gartenst\u00fchle aus Kunststoff, f\u00fcr den Innen- und Au\u00dfenbereich, mehrfarbige Optionen - Minh Duc Furniture","og_description":"Versch\u00f6nern Sie Ihren Au\u00dfenbereich mit stilvollen gr\u00fcnen Kunststoff-Gartenst\u00fchlen aus langlebigem Polypropylen (PP). Diese St\u00fchle haben ein einzigartiges","og_url":"https:\/\/minhducfurniture.com\/de\/product\/gruene-gartenstuehle-aus-kunststoff-fuer-den-innen-und-aussenbereich-mehrfarbige-optionen\/","og_site_name":"Minh Duc Furniture","article_modified_time":"2026-02-25T07:29:14+00:00","og_image":[{"width":650,"height":650,"url":"https:\/\/minhducfurniture.com\/wp-content\/uploads\/2025\/11\/Green-plastic-garden-chairs.jpg","type":"image\/jpeg"}],"twitter_card":"summary_large_image","twitter_misc":{"Gesch\u00e4tzte Lesezeit":"2\u00a0Minuten"},"schema":{"@context":"https:\/\/schema.org","@graph":[{"@type":"WebPage","@id":"https:\/\/minhducfurniture.com\/de\/product\/gruene-gartenstuehle-aus-kunststoff-fuer-den-innen-und-aussenbereich-mehrfarbige-optionen\/","url":"https:\/\/minhducfurniture.com\/de\/product\/gruene-gartenstuehle-aus-kunststoff-fuer-den-innen-und-aussenbereich-mehrfarbige-optionen\/","name":"Gr\u00fcne Gartenst\u00fchle aus Kunststoff, f\u00fcr den Innen- und Au\u00dfenbereich, mehrfarbige Optionen - Minh Duc Furniture","isPartOf":{"@id":"https:\/\/minhducfurniture.com\/de\/#website"},"primaryImageOfPage":{"@id":"https:\/\/minhducfurniture.com\/de\/product\/gruene-gartenstuehle-aus-kunststoff-fuer-den-innen-und-aussenbereich-mehrfarbige-optionen\/#primaryimage"},"image":{"@id":"https:\/\/minhducfurniture.com\/de\/product\/gruene-gartenstuehle-aus-kunststoff-fuer-den-innen-und-aussenbereich-mehrfarbige-optionen\/#primaryimage"},"thumbnailUrl":"https:\/\/minhducfurniture.com\/wp-content\/uploads\/2025\/11\/Green-plastic-garden-chairs.jpg","datePublished":"2025-11-30T15:08:06+00:00","dateModified":"2026-02-25T07:29:14+00:00","description":"Versch\u00f6nern Sie Ihren Au\u00dfenbereich mit stilvollen gr\u00fcnen Kunststoff-Gartenst\u00fchlen aus langlebigem Polypropylen (PP). Diese St\u00fchle haben ein einzigartiges","breadcrumb":{"@id":"https:\/\/minhducfurniture.com\/de\/product\/gruene-gartenstuehle-aus-kunststoff-fuer-den-innen-und-aussenbereich-mehrfarbige-optionen\/#breadcrumb"},"inLanguage":"de","potentialAction":[{"@type":"ReadAction","target":["https:\/\/minhducfurniture.com\/de\/product\/gruene-gartenstuehle-aus-kunststoff-fuer-den-innen-und-aussenbereich-mehrfarbige-optionen\/"]}]},{"@type":"ImageObject","inLanguage":"de","@id":"https:\/\/minhducfurniture.com\/de\/product\/gruene-gartenstuehle-aus-kunststoff-fuer-den-innen-und-aussenbereich-mehrfarbige-optionen\/#primaryimage","url":"https:\/\/minhducfurniture.com\/wp-content\/uploads\/2025\/11\/Green-plastic-garden-chairs.jpg","contentUrl":"https:\/\/minhducfurniture.com\/wp-content\/uploads\/2025\/11\/Green-plastic-garden-chairs.jpg","width":650,"height":650,"caption":"Gr\u00fcne Gartenst\u00fchle aus Kunststoff"},{"@type":"BreadcrumbList","@id":"https:\/\/minhducfurniture.com\/de\/product\/gruene-gartenstuehle-aus-kunststoff-fuer-den-innen-und-aussenbereich-mehrfarbige-optionen\/#breadcrumb","itemListElement":[{"@type":"ListItem","position":1,"name":"Home","item":"https:\/\/minhducfurniture.com\/de\/"},{"@type":"ListItem","position":2,"name":"Shop","item":"https:\/\/minhducfurniture.com\/shop\/"},{"@type":"ListItem","position":3,"name":"Gr\u00fcne Gartenst\u00fchle aus Kunststoff, f\u00fcr den Innen- und Au\u00dfenbereich, mehrfarbige Optionen"}]},{"@type":"WebSite","@id":"https:\/\/minhducfurniture.com\/de\/#website","url":"https:\/\/minhducfurniture.com\/de\/","name":"Minh Duc Furniture","description":"Vietnam Furniture Supplier","publisher":{"@id":"https:\/\/minhducfurniture.com\/de\/#organization"},"alternateName":"Vietnam Online Shop","potentialAction":[{"@type":"SearchAction","target":{"@type":"EntryPoint","urlTemplate":"https:\/\/minhducfurniture.com\/de\/?s={search_term_string}"},"query-input":{"@type":"PropertyValueSpecification","valueRequired":true,"valueName":"search_term_string"}}],"inLanguage":"de"},{"@type":"Organization","@id":"https:\/\/minhducfurniture.com\/de\/#organization","name":"Minh Duc Furniture","alternateName":"Vietnam Furniture Export","url":"https:\/\/minhducfurniture.com\/de\/","logo":{"@type":"ImageObject","inLanguage":"de","@id":"https:\/\/minhducfurniture.com\/de\/#\/schema\/logo\/image\/","url":"","contentUrl":"","caption":"Minh Duc Furniture"},"image":{"@id":"https:\/\/minhducfurniture.com\/de\/#\/schema\/logo\/image\/"},"sameAs":["https:\/\/www.pinterest.com\/hienthaoshop\/pins\/"]}]}},"_links":{"self":[{"href":"https:\/\/minhducfurniture.com\/de\/wp-json\/wp\/v2\/product\/54892","targetHints":{"allow":["GET"]}}],"collection":[{"href":"https:\/\/minhducfurniture.com\/de\/wp-json\/wp\/v2\/product"}],"about":[{"href":"https:\/\/minhducfurniture.com\/de\/wp-json\/wp\/v2\/types\/product"}],"replies":[{"embeddable":true,"href":"https:\/\/minhducfurniture.com\/de\/wp-json\/wp\/v2\/comments?post=54892"}],"wp:featuredmedia":[{"embeddable":true,"href":"https:\/\/minhducfurniture.com\/de\/wp-json\/wp\/v2\/media\/54891"}],"wp:attachment":[{"href":"https:\/\/minhducfurniture.com\/de\/wp-json\/wp\/v2\/media?parent=54892"}],"wp:term":[{"taxonomy":"product_brand","embeddable":true,"href":"https:\/\/minhducfurniture.com\/de\/wp-json\/wp\/v2\/product_brand?post=54892"},{"taxonomy":"product_cat","embeddable":true,"href":"https:\/\/minhducfurniture.com\/de\/wp-json\/wp\/v2\/product_cat?post=54892"},{"taxonomy":"product_tag","embeddable":true,"href":"https:\/\/minhducfurniture.com\/de\/wp-json\/wp\/v2\/product_tag?post=54892"}],"curies":[{"name":"wp","href":"https:\/\/api.w.org\/{rel}","templated":true}]}}