{"id":54865,"date":"2025-12-01T14:04:00","date_gmt":"2025-12-01T07:04:00","guid":{"rendered":"https:\/\/minhducfurniture.com\/product\/stuehle-aus-polypropylen-fuer-den-aussenbereich-perfekt-fuer-cafes-wohnungen-und-terrassen\/"},"modified":"2026-02-25T14:42:52","modified_gmt":"2026-02-25T07:42:52","slug":"stuehle-aus-polypropylen-fuer-den-aussenbereich-perfekt-fuer-cafes-wohnungen-und-terrassen","status":"publish","type":"product","link":"https:\/\/minhducfurniture.com\/de\/product\/stuehle-aus-polypropylen-fuer-den-aussenbereich-perfekt-fuer-cafes-wohnungen-und-terrassen\/","title":{"rendered":"St\u00fchle aus Polypropylen f\u00fcr den Au\u00dfenbereich, perfekt f\u00fcr Caf\u00e9s, Wohnungen und Terrassen"},"content":{"rendered":"<h2>Moderne St\u00fchle aus Polypropylen f\u00fcr den Au\u00dfenbereich, entworfen f\u00fcr Komfort und Vielseitigkeit<\/h2>\n<p>Diese aus hochwertigem PP gefertigten <strong>Polypropylen-St\u00fchle f\u00fcr den Au\u00dfenbereich<\/strong> bieten Haltbarkeit, Komfort und einen klaren, modernen Look. Die St\u00fchle sind sowohl f\u00fcr den privaten als auch f\u00fcr den kommerziellen Gebrauch geeignet und verf\u00fcgen \u00fcber weiche, ergonomische Linien, eine bel\u00fcftete R\u00fcckenlehne f\u00fcr eine bessere Luftzirkulation und eine robuste Struktur, die dem t\u00e4glichen Gebrauch standh\u00e4lt.<br \/>\nDie pulverbeschichteten Stahlbeine bieten au\u00dfergew\u00f6hnliche Stabilit\u00e4t und Korrosionsbest\u00e4ndigkeit, so dass sich die St\u00fchle f\u00fcr Terrassen, G\u00e4rten, Balkone, Restaurants und Caf\u00e9s im Freien eignen. Dank der leichten Konstruktion und der lebhaften Farboptionen lassen sie sich leicht bewegen, stapeln und in jeder Umgebung stilvoll einsetzen.  <\/p>\n<figure id=\"attachment_54860\" aria-describedby=\"caption-attachment-54860\" style=\"width: 850px\" class=\"wp-caption aligncenter\"><img decoding=\"async\" class=\"size-full wp-image-54426\" src=\"https:\/\/minhducfurniture.com\/wp-content\/uploads\/2025\/12\/PP-plastic-chairs-in-the-office.jpg\" alt=\"PP-Plastikst\u00fchle im B\u00fcro\" width=\"850\" height=\"564\" srcset=\"https:\/\/minhducfurniture.com\/wp-content\/uploads\/2025\/12\/PP-plastic-chairs-in-the-office.jpg 850w, https:\/\/minhducfurniture.com\/wp-content\/uploads\/2025\/12\/PP-plastic-chairs-in-the-office-603x400.jpg 603w, https:\/\/minhducfurniture.com\/wp-content\/uploads\/2025\/12\/PP-plastic-chairs-in-the-office-768x510.jpg 768w, https:\/\/minhducfurniture.com\/wp-content\/uploads\/2025\/12\/PP-plastic-chairs-in-the-office-510x338.jpg 510w\" sizes=\"(max-width: 850px) 100vw, 850px\" \/><figcaption id=\"caption-attachment-54860\" class=\"wp-caption-text\">PP-Plastikst\u00fchle im B\u00fcro<\/figcaption><\/figure>\n<h3>Wichtigste Produktmerkmale<\/h3>\n<ul>\n<li>Hochwertiges Polypropylen: wasserdicht, UV-best\u00e4ndig und leicht zu reinigen<\/li>\n<li>Pulverbeschichtete Stahlbeine: stabil, rostbest\u00e4ndig, langlebig<\/li>\n<li>Die bel\u00fcftete R\u00fcckenlehne verbessert den Komfort in warmen Umgebungen im Freien<\/li>\n<li>Leicht und einfach aufzustellen oder umzustellen<\/li>\n<li>Moderne Farbpalette: Pastellrosa, Mintgr\u00fcn, Hellgelb<\/li>\n<li>Geeignet f\u00fcr Sitzpl\u00e4tze im Innen- und Au\u00dfenbereich<\/li>\n<li>Ideal f\u00fcr Caf\u00e9s, Speises\u00e4le, Terrassen, G\u00e4rten, Balkone, B\u00fcros<\/li>\n<\/ul>\n<figure id=\"attachment_54861\" aria-describedby=\"caption-attachment-54861\" style=\"width: 850px\" class=\"wp-caption aligncenter\"><img decoding=\"async\" class=\"size-full wp-image-54427\" src=\"https:\/\/minhducfurniture.com\/wp-content\/uploads\/2025\/12\/PP-plastic-chair-in-pantry-counter.jpg\" alt=\"PP-Kunststoffstuhl in der Speisekammer\" width=\"850\" height=\"581\" srcset=\"https:\/\/minhducfurniture.com\/wp-content\/uploads\/2025\/12\/PP-plastic-chair-in-pantry-counter.jpg 850w, https:\/\/minhducfurniture.com\/wp-content\/uploads\/2025\/12\/PP-plastic-chair-in-pantry-counter-585x400.jpg 585w, https:\/\/minhducfurniture.com\/wp-content\/uploads\/2025\/12\/PP-plastic-chair-in-pantry-counter-768x525.jpg 768w, https:\/\/minhducfurniture.com\/wp-content\/uploads\/2025\/12\/PP-plastic-chair-in-pantry-counter-510x349.jpg 510w\" sizes=\"(max-width: 850px) 100vw, 850px\" \/><figcaption id=\"caption-attachment-54861\" class=\"wp-caption-text\">PP-Kunststoffstuhl in der Speisekammer<\/figcaption><\/figure>\n<h4>Beschreibung des Produkts<\/h4>\n<ul>\n<li>Produkt-Code: MDS-3003A<\/li>\n<li>Gr\u00f6\u00dfe des Stuhls: H830mm*SH470m*B425mm*D460<\/li>\n<li>100% PP-Kunststoff mit UV-Schutzbeschichtung<\/li>\n<li>Stahlrahmen mit Pulverbeschichtung<\/li>\n<li>Ladegewicht: 120kg\/ 264.5lbs<\/li>\n<li>Herkunft des Produkts: Vietnam<\/li>\n<\/ul>\n<figure id=\"attachment_54862\" aria-describedby=\"caption-attachment-54862\" style=\"width: 850px\" class=\"wp-caption aligncenter\"><img decoding=\"async\" class=\"size-full wp-image-54430\" src=\"https:\/\/minhducfurniture.com\/wp-content\/uploads\/2025\/12\/PP-plastic-chairs-in-coffee-shops.jpg\" alt=\"PP-Plastikst\u00fchle in Caf\u00e9s\" width=\"850\" height=\"586\" srcset=\"https:\/\/minhducfurniture.com\/wp-content\/uploads\/2025\/12\/PP-plastic-chairs-in-coffee-shops.jpg 850w, https:\/\/minhducfurniture.com\/wp-content\/uploads\/2025\/12\/PP-plastic-chairs-in-coffee-shops-580x400.jpg 580w, https:\/\/minhducfurniture.com\/wp-content\/uploads\/2025\/12\/PP-plastic-chairs-in-coffee-shops-768x529.jpg 768w, https:\/\/minhducfurniture.com\/wp-content\/uploads\/2025\/12\/PP-plastic-chairs-in-coffee-shops-510x352.jpg 510w\" sizes=\"(max-width: 850px) 100vw, 850px\" \/><figcaption id=\"caption-attachment-54862\" class=\"wp-caption-text\">PP-Plastikst\u00fchle in Caf\u00e9s<\/figcaption><\/figure>\n<h4>Bestellinformationen<\/h4>\n<ul>\n<li>Mindestbestellmenge (MOQ): 50 St\u00fcck<\/li>\n<li>Vorlaufzeit: 30-35 Tage nach Anzahlung<\/li>\n<li>Liefertermin: FOB Hai Phong Hafen, Vietnam<\/li>\n<li>Zahlungsbedingungen: T\/T 30% Anzahlung, 70% Restbetrag vor Versand<\/li>\n<li>Wenn Sie ein eigenes Design haben und eine Massenproduktion ben\u00f6tigen, kontaktieren Sie uns bitte f\u00fcr weitere Unterst\u00fctzung.<\/li>\n<\/ul>\n<figure id=\"attachment_54863\" aria-describedby=\"caption-attachment-54863\" style=\"width: 850px\" class=\"wp-caption aligncenter\"><img decoding=\"async\" class=\"size-full wp-image-54429\" src=\"https:\/\/minhducfurniture.com\/wp-content\/uploads\/2025\/12\/PP-plastic-chairs-5-color-samples-1.jpg\" alt=\"PP Kunststoffst\u00fchle 5 Farbmuster\" width=\"850\" height=\"526\" srcset=\"https:\/\/minhducfurniture.com\/wp-content\/uploads\/2025\/12\/PP-plastic-chairs-5-color-samples-1.jpg 850w, https:\/\/minhducfurniture.com\/wp-content\/uploads\/2025\/12\/PP-plastic-chairs-5-color-samples-1-646x400.jpg 646w, https:\/\/minhducfurniture.com\/wp-content\/uploads\/2025\/12\/PP-plastic-chairs-5-color-samples-1-768x475.jpg 768w, https:\/\/minhducfurniture.com\/wp-content\/uploads\/2025\/12\/PP-plastic-chairs-5-color-samples-1-510x316.jpg 510w\" sizes=\"(max-width: 850px) 100vw, 850px\" \/><figcaption id=\"caption-attachment-54863\" class=\"wp-caption-text\">PP Kunststoffst\u00fchle 5 Farbmuster<\/figcaption><\/figure>\n<h4>Kontaktinformationen<\/h4>\n<ul>\n<li>Minh Duc Public Furniture Co, Ltd.<\/li>\n<li>Adresse: Villa H02-L11 An Phu, Duong Noi, Ha Dong, Hanoi, Vietnam<\/li>\n<li>Telefon\/WhatsApp\/Zalo: +84 908 314 939<\/li>\n<\/ul>\n<h4><span style=\"color: #282828\">Mehr aus unseren Kollektionen<\/span><\/h4>\n<ul>\n<li><span style=\"color: #008080\"><a style=\"color: #008080\" href=\"https:\/\/minhducfurniture.com\/de\/product\/weisse-stapelbare-stuehle-aus-kunststoff-fuer-veranstaltungen-cafes-und-den-hausgebrauch\/\">Wei\u00dfe, stapelbare St\u00fchle aus Kunststoff f\u00fcr Veranstaltungen, Caf\u00e9s und den Hausgebrauch<\/a><\/span><\/li>\n<li><span style=\"color: #008080\"><a style=\"color: #008080\" href=\"https:\/\/minhducfurniture.com\/de\/product\/tische-aus-polypropylen-fuer-den-aussenbereich-im-minimalistischen-design-fuer-moderne-raeume\/\">Tische aus Polypropylen f\u00fcr den Au\u00dfenbereich im minimalistischen Design f\u00fcr moderne R\u00e4ume<\/a><\/span><\/li>\n<\/ul>\n<div class=\"social-icons share-icons share-row relative\" ><a href=\"whatsapp:\/\/send?text=St%C3%BChle%20aus%20Polypropylen%20f%C3%BCr%20den%20Au%C3%9Fenbereich%2C%20perfekt%20f%C3%BCr%20Caf%C3%A9s%2C%20Wohnungen%20und%20Terrassen - https:\/\/minhducfurniture.com\/de\/product\/stuehle-aus-polypropylen-fuer-den-aussenbereich-perfekt-fuer-cafes-wohnungen-und-terrassen\/\" data-action=\"share\/whatsapp\/share\" class=\"icon primary button round tooltip whatsapp show-for-medium\" title=\"Auf WhatsApp teilen\" aria-label=\"Auf WhatsApp teilen\"><i class=\"icon-whatsapp\" aria-hidden=\"true\"><\/i><\/a><a href=\"https:\/\/www.facebook.com\/sharer.php?u=https:\/\/minhducfurniture.com\/de\/product\/stuehle-aus-polypropylen-fuer-den-aussenbereich-perfekt-fuer-cafes-wohnungen-und-terrassen\/\" data-label=\"Facebook\" onclick=\"window.open(this.href,this.title,'width=500,height=500,top=300px,left=300px'); return false;\" target=\"_blank\" class=\"icon primary button round tooltip facebook\" title=\"Auf Facebook teilen\" aria-label=\"Auf Facebook teilen\" rel=\"noopener nofollow\"><i class=\"icon-facebook\" aria-hidden=\"true\"><\/i><\/a><a href=\"https:\/\/twitter.com\/share?url=https:\/\/minhducfurniture.com\/de\/product\/stuehle-aus-polypropylen-fuer-den-aussenbereich-perfekt-fuer-cafes-wohnungen-und-terrassen\/\" onclick=\"window.open(this.href,this.title,'width=500,height=500,top=300px,left=300px'); return false;\" target=\"_blank\" class=\"icon primary button round tooltip twitter\" title=\"Auf Twitter teilen\" aria-label=\"Auf Twitter teilen\" rel=\"noopener nofollow\"><i class=\"icon-twitter\" aria-hidden=\"true\"><\/i><\/a><a href=\"mailto:?subject=St%C3%BChle%20aus%20Polypropylen%20f%C3%BCr%20den%20Au%C3%9Fenbereich%2C%20perfekt%20f%C3%BCr%20Caf%C3%A9s%2C%20Wohnungen%20und%20Terrassen&body=Schau%20dir%20das%20an%3A%20https%3A%2F%2Fminhducfurniture.com%2Fde%2Fproduct%2Fstuehle-aus-polypropylen-fuer-den-aussenbereich-perfekt-fuer-cafes-wohnungen-und-terrassen%2F\" class=\"icon primary button round tooltip email\" title=\"E-mail an einen Freund senden\" aria-label=\"E-mail an einen Freund senden\" rel=\"nofollow\"><i class=\"icon-envelop\" aria-hidden=\"true\"><\/i><\/a><a href=\"https:\/\/pinterest.com\/pin\/create\/button?url=https:\/\/minhducfurniture.com\/de\/product\/stuehle-aus-polypropylen-fuer-den-aussenbereich-perfekt-fuer-cafes-wohnungen-und-terrassen\/&media=https:\/\/minhducfurniture.com\/wp-content\/uploads\/2025\/12\/Polypropylene-outdoor-chairs.jpg&description=St%C3%BChle%20aus%20Polypropylen%20f%C3%BCr%20den%20Au%C3%9Fenbereich%2C%20perfekt%20f%C3%BCr%20Caf%C3%A9s%2C%20Wohnungen%20und%20Terrassen\" onclick=\"window.open(this.href,this.title,'width=500,height=500,top=300px,left=300px'); return false;\" target=\"_blank\" class=\"icon primary button round tooltip pinterest\" title=\"Pinterest Pin erstellen\" aria-label=\"Pinterest Pin erstellen\" rel=\"noopener nofollow\"><i class=\"icon-pinterest\" aria-hidden=\"true\"><\/i><\/a><a href=\"https:\/\/www.linkedin.com\/shareArticle?mini=true&url=https:\/\/minhducfurniture.com\/de\/product\/stuehle-aus-polypropylen-fuer-den-aussenbereich-perfekt-fuer-cafes-wohnungen-und-terrassen\/&title=St%C3%BChle%20aus%20Polypropylen%20f%C3%BCr%20den%20Au%C3%9Fenbereich%2C%20perfekt%20f%C3%BCr%20Caf%C3%A9s%2C%20Wohnungen%20und%20Terrassen\" onclick=\"window.open(this.href,this.title,'width=500,height=500,top=300px,left=300px'); return false;\" target=\"_blank\" class=\"icon primary button round tooltip linkedin\" title=\"Auf LinkedIn teilen\" aria-label=\"Auf LinkedIn teilen\" rel=\"noopener nofollow\"><i class=\"icon-linkedin\" aria-hidden=\"true\"><\/i><\/a><\/div>\n","protected":false},"excerpt":{"rendered":"<ul>\n<li>Produkt-Code: MDS-3003A<\/li>\n<li>Gr\u00f6\u00dfe des Stuhls: H830mm*SH470m*B425mm*D460<\/li>\n<li>100% PP-Kunststoff mit UV-Schutzbeschichtung<\/li>\n<li>Stahlrahmen mit Pulverbeschichtung<\/li>\n<li>Ladegewicht: 120kg\/ 264.5lbs<\/li>\n<li>Herkunft des Produkts: Vietnam<\/li>\n<li>Hotline\/ WhatsApp:+84908314939<\/li>\n<\/ul>\n","protected":false},"featured_media":54864,"comment_status":"open","ping_status":"closed","template":"","meta":[],"product_brand":[],"product_cat":[13081],"product_tag":[13082],"class_list":{"0":"post-54865","1":"product","2":"type-product","3":"status-publish","4":"has-post-thumbnail","6":"product_cat-plastik-stuhle","7":"product_tag-outdoor-stuhle","9":"first","10":"instock","11":"shipping-taxable","12":"product-type-simple"},"yoast_head":"<!-- This site is optimized with the Yoast SEO plugin v27.0 - https:\/\/yoast.com\/product\/yoast-seo-wordpress\/ -->\n<title>St\u00fchle aus Polypropylen f\u00fcr den Au\u00dfenbereich, perfekt f\u00fcr Caf\u00e9s, Wohnungen und Terrassen - Minh Duc Furniture<\/title>\n<meta name=\"description\" content=\"Mit ihrer glatten, ergonomischen Silhouette bieten diese St\u00fchle aus Polypropylen f\u00fcr den Au\u00dfenbereich sowohl \u00c4sthetik als auch Komfort. Die klaren Linien und die raffinierte\" \/>\n<meta name=\"robots\" content=\"index, follow, max-snippet:-1, max-image-preview:large, max-video-preview:-1\" \/>\n<link rel=\"canonical\" href=\"https:\/\/minhducfurniture.com\/de\/product\/stuehle-aus-polypropylen-fuer-den-aussenbereich-perfekt-fuer-cafes-wohnungen-und-terrassen\/\" \/>\n<meta property=\"og:locale\" content=\"de_DE\" \/>\n<meta property=\"og:type\" content=\"article\" \/>\n<meta property=\"og:title\" content=\"St\u00fchle aus Polypropylen f\u00fcr den Au\u00dfenbereich, perfekt f\u00fcr Caf\u00e9s, Wohnungen und Terrassen - Minh Duc Furniture\" \/>\n<meta property=\"og:description\" content=\"Mit ihrer glatten, ergonomischen Silhouette bieten diese St\u00fchle aus Polypropylen f\u00fcr den Au\u00dfenbereich sowohl \u00c4sthetik als auch Komfort. Die klaren Linien und die raffinierte\" \/>\n<meta property=\"og:url\" content=\"https:\/\/minhducfurniture.com\/de\/product\/stuehle-aus-polypropylen-fuer-den-aussenbereich-perfekt-fuer-cafes-wohnungen-und-terrassen\/\" \/>\n<meta property=\"og:site_name\" content=\"Minh Duc Furniture\" \/>\n<meta property=\"article:modified_time\" content=\"2026-02-25T07:42:52+00:00\" \/>\n<meta property=\"og:image\" content=\"https:\/\/minhducfurniture.com\/wp-content\/uploads\/2025\/12\/Polypropylene-outdoor-chairs.jpg\" \/>\n\t<meta property=\"og:image:width\" content=\"700\" \/>\n\t<meta property=\"og:image:height\" content=\"700\" \/>\n\t<meta property=\"og:image:type\" content=\"image\/jpeg\" \/>\n<meta name=\"twitter:card\" content=\"summary_large_image\" \/>\n<meta name=\"twitter:label1\" content=\"Gesch\u00e4tzte Lesezeit\" \/>\n\t<meta name=\"twitter:data1\" content=\"2\u00a0Minuten\" \/>\n<script type=\"application\/ld+json\" class=\"yoast-schema-graph\">{\"@context\":\"https:\/\/schema.org\",\"@graph\":[{\"@type\":\"WebPage\",\"@id\":\"https:\/\/minhducfurniture.com\/de\/product\/stuehle-aus-polypropylen-fuer-den-aussenbereich-perfekt-fuer-cafes-wohnungen-und-terrassen\/\",\"url\":\"https:\/\/minhducfurniture.com\/de\/product\/stuehle-aus-polypropylen-fuer-den-aussenbereich-perfekt-fuer-cafes-wohnungen-und-terrassen\/\",\"name\":\"St\u00fchle aus Polypropylen f\u00fcr den Au\u00dfenbereich, perfekt f\u00fcr Caf\u00e9s, Wohnungen und Terrassen - Minh Duc Furniture\",\"isPartOf\":{\"@id\":\"https:\/\/minhducfurniture.com\/de\/#website\"},\"primaryImageOfPage\":{\"@id\":\"https:\/\/minhducfurniture.com\/de\/product\/stuehle-aus-polypropylen-fuer-den-aussenbereich-perfekt-fuer-cafes-wohnungen-und-terrassen\/#primaryimage\"},\"image\":{\"@id\":\"https:\/\/minhducfurniture.com\/de\/product\/stuehle-aus-polypropylen-fuer-den-aussenbereich-perfekt-fuer-cafes-wohnungen-und-terrassen\/#primaryimage\"},\"thumbnailUrl\":\"https:\/\/minhducfurniture.com\/wp-content\/uploads\/2025\/12\/Polypropylene-outdoor-chairs.jpg\",\"datePublished\":\"2025-12-01T07:04:00+00:00\",\"dateModified\":\"2026-02-25T07:42:52+00:00\",\"description\":\"Mit ihrer glatten, ergonomischen Silhouette bieten diese St\u00fchle aus Polypropylen f\u00fcr den Au\u00dfenbereich sowohl \u00c4sthetik als auch Komfort. Die klaren Linien und die raffinierte\",\"breadcrumb\":{\"@id\":\"https:\/\/minhducfurniture.com\/de\/product\/stuehle-aus-polypropylen-fuer-den-aussenbereich-perfekt-fuer-cafes-wohnungen-und-terrassen\/#breadcrumb\"},\"inLanguage\":\"de\",\"potentialAction\":[{\"@type\":\"ReadAction\",\"target\":[\"https:\/\/minhducfurniture.com\/de\/product\/stuehle-aus-polypropylen-fuer-den-aussenbereich-perfekt-fuer-cafes-wohnungen-und-terrassen\/\"]}]},{\"@type\":\"ImageObject\",\"inLanguage\":\"de\",\"@id\":\"https:\/\/minhducfurniture.com\/de\/product\/stuehle-aus-polypropylen-fuer-den-aussenbereich-perfekt-fuer-cafes-wohnungen-und-terrassen\/#primaryimage\",\"url\":\"https:\/\/minhducfurniture.com\/wp-content\/uploads\/2025\/12\/Polypropylene-outdoor-chairs.jpg\",\"contentUrl\":\"https:\/\/minhducfurniture.com\/wp-content\/uploads\/2025\/12\/Polypropylene-outdoor-chairs.jpg\",\"width\":700,\"height\":700,\"caption\":\"St\u00fchle f\u00fcr den Au\u00dfenbereich aus Polypropylen\"},{\"@type\":\"BreadcrumbList\",\"@id\":\"https:\/\/minhducfurniture.com\/de\/product\/stuehle-aus-polypropylen-fuer-den-aussenbereich-perfekt-fuer-cafes-wohnungen-und-terrassen\/#breadcrumb\",\"itemListElement\":[{\"@type\":\"ListItem\",\"position\":1,\"name\":\"Home\",\"item\":\"https:\/\/minhducfurniture.com\/de\/\"},{\"@type\":\"ListItem\",\"position\":2,\"name\":\"Shop\",\"item\":\"https:\/\/minhducfurniture.com\/shop\/\"},{\"@type\":\"ListItem\",\"position\":3,\"name\":\"St\u00fchle aus Polypropylen f\u00fcr den Au\u00dfenbereich, perfekt f\u00fcr Caf\u00e9s, Wohnungen und Terrassen\"}]},{\"@type\":\"WebSite\",\"@id\":\"https:\/\/minhducfurniture.com\/de\/#website\",\"url\":\"https:\/\/minhducfurniture.com\/de\/\",\"name\":\"Minh Duc Furniture\",\"description\":\"Vietnam Furniture Supplier\",\"publisher\":{\"@id\":\"https:\/\/minhducfurniture.com\/de\/#organization\"},\"alternateName\":\"Vietnam Online Shop\",\"potentialAction\":[{\"@type\":\"SearchAction\",\"target\":{\"@type\":\"EntryPoint\",\"urlTemplate\":\"https:\/\/minhducfurniture.com\/de\/?s={search_term_string}\"},\"query-input\":{\"@type\":\"PropertyValueSpecification\",\"valueRequired\":true,\"valueName\":\"search_term_string\"}}],\"inLanguage\":\"de\"},{\"@type\":\"Organization\",\"@id\":\"https:\/\/minhducfurniture.com\/de\/#organization\",\"name\":\"Minh Duc Furniture\",\"alternateName\":\"Vietnam Furniture Export\",\"url\":\"https:\/\/minhducfurniture.com\/de\/\",\"logo\":{\"@type\":\"ImageObject\",\"inLanguage\":\"de\",\"@id\":\"https:\/\/minhducfurniture.com\/de\/#\/schema\/logo\/image\/\",\"url\":\"\",\"contentUrl\":\"\",\"caption\":\"Minh Duc Furniture\"},\"image\":{\"@id\":\"https:\/\/minhducfurniture.com\/de\/#\/schema\/logo\/image\/\"},\"sameAs\":[\"https:\/\/www.pinterest.com\/hienthaoshop\/pins\/\"]}]}<\/script>\n<!-- \/ Yoast SEO plugin. -->","yoast_head_json":{"title":"St\u00fchle aus Polypropylen f\u00fcr den Au\u00dfenbereich, perfekt f\u00fcr Caf\u00e9s, Wohnungen und Terrassen - Minh Duc Furniture","description":"Mit ihrer glatten, ergonomischen Silhouette bieten diese St\u00fchle aus Polypropylen f\u00fcr den Au\u00dfenbereich sowohl \u00c4sthetik als auch Komfort. Die klaren Linien und die raffinierte","robots":{"index":"index","follow":"follow","max-snippet":"max-snippet:-1","max-image-preview":"max-image-preview:large","max-video-preview":"max-video-preview:-1"},"canonical":"https:\/\/minhducfurniture.com\/de\/product\/stuehle-aus-polypropylen-fuer-den-aussenbereich-perfekt-fuer-cafes-wohnungen-und-terrassen\/","og_locale":"de_DE","og_type":"article","og_title":"St\u00fchle aus Polypropylen f\u00fcr den Au\u00dfenbereich, perfekt f\u00fcr Caf\u00e9s, Wohnungen und Terrassen - Minh Duc Furniture","og_description":"Mit ihrer glatten, ergonomischen Silhouette bieten diese St\u00fchle aus Polypropylen f\u00fcr den Au\u00dfenbereich sowohl \u00c4sthetik als auch Komfort. Die klaren Linien und die raffinierte","og_url":"https:\/\/minhducfurniture.com\/de\/product\/stuehle-aus-polypropylen-fuer-den-aussenbereich-perfekt-fuer-cafes-wohnungen-und-terrassen\/","og_site_name":"Minh Duc Furniture","article_modified_time":"2026-02-25T07:42:52+00:00","og_image":[{"width":700,"height":700,"url":"https:\/\/minhducfurniture.com\/wp-content\/uploads\/2025\/12\/Polypropylene-outdoor-chairs.jpg","type":"image\/jpeg"}],"twitter_card":"summary_large_image","twitter_misc":{"Gesch\u00e4tzte Lesezeit":"2\u00a0Minuten"},"schema":{"@context":"https:\/\/schema.org","@graph":[{"@type":"WebPage","@id":"https:\/\/minhducfurniture.com\/de\/product\/stuehle-aus-polypropylen-fuer-den-aussenbereich-perfekt-fuer-cafes-wohnungen-und-terrassen\/","url":"https:\/\/minhducfurniture.com\/de\/product\/stuehle-aus-polypropylen-fuer-den-aussenbereich-perfekt-fuer-cafes-wohnungen-und-terrassen\/","name":"St\u00fchle aus Polypropylen f\u00fcr den Au\u00dfenbereich, perfekt f\u00fcr Caf\u00e9s, Wohnungen und Terrassen - Minh Duc Furniture","isPartOf":{"@id":"https:\/\/minhducfurniture.com\/de\/#website"},"primaryImageOfPage":{"@id":"https:\/\/minhducfurniture.com\/de\/product\/stuehle-aus-polypropylen-fuer-den-aussenbereich-perfekt-fuer-cafes-wohnungen-und-terrassen\/#primaryimage"},"image":{"@id":"https:\/\/minhducfurniture.com\/de\/product\/stuehle-aus-polypropylen-fuer-den-aussenbereich-perfekt-fuer-cafes-wohnungen-und-terrassen\/#primaryimage"},"thumbnailUrl":"https:\/\/minhducfurniture.com\/wp-content\/uploads\/2025\/12\/Polypropylene-outdoor-chairs.jpg","datePublished":"2025-12-01T07:04:00+00:00","dateModified":"2026-02-25T07:42:52+00:00","description":"Mit ihrer glatten, ergonomischen Silhouette bieten diese St\u00fchle aus Polypropylen f\u00fcr den Au\u00dfenbereich sowohl \u00c4sthetik als auch Komfort. Die klaren Linien und die raffinierte","breadcrumb":{"@id":"https:\/\/minhducfurniture.com\/de\/product\/stuehle-aus-polypropylen-fuer-den-aussenbereich-perfekt-fuer-cafes-wohnungen-und-terrassen\/#breadcrumb"},"inLanguage":"de","potentialAction":[{"@type":"ReadAction","target":["https:\/\/minhducfurniture.com\/de\/product\/stuehle-aus-polypropylen-fuer-den-aussenbereich-perfekt-fuer-cafes-wohnungen-und-terrassen\/"]}]},{"@type":"ImageObject","inLanguage":"de","@id":"https:\/\/minhducfurniture.com\/de\/product\/stuehle-aus-polypropylen-fuer-den-aussenbereich-perfekt-fuer-cafes-wohnungen-und-terrassen\/#primaryimage","url":"https:\/\/minhducfurniture.com\/wp-content\/uploads\/2025\/12\/Polypropylene-outdoor-chairs.jpg","contentUrl":"https:\/\/minhducfurniture.com\/wp-content\/uploads\/2025\/12\/Polypropylene-outdoor-chairs.jpg","width":700,"height":700,"caption":"St\u00fchle f\u00fcr den Au\u00dfenbereich aus Polypropylen"},{"@type":"BreadcrumbList","@id":"https:\/\/minhducfurniture.com\/de\/product\/stuehle-aus-polypropylen-fuer-den-aussenbereich-perfekt-fuer-cafes-wohnungen-und-terrassen\/#breadcrumb","itemListElement":[{"@type":"ListItem","position":1,"name":"Home","item":"https:\/\/minhducfurniture.com\/de\/"},{"@type":"ListItem","position":2,"name":"Shop","item":"https:\/\/minhducfurniture.com\/shop\/"},{"@type":"ListItem","position":3,"name":"St\u00fchle aus Polypropylen f\u00fcr den Au\u00dfenbereich, perfekt f\u00fcr Caf\u00e9s, Wohnungen und Terrassen"}]},{"@type":"WebSite","@id":"https:\/\/minhducfurniture.com\/de\/#website","url":"https:\/\/minhducfurniture.com\/de\/","name":"Minh Duc Furniture","description":"Vietnam Furniture Supplier","publisher":{"@id":"https:\/\/minhducfurniture.com\/de\/#organization"},"alternateName":"Vietnam Online Shop","potentialAction":[{"@type":"SearchAction","target":{"@type":"EntryPoint","urlTemplate":"https:\/\/minhducfurniture.com\/de\/?s={search_term_string}"},"query-input":{"@type":"PropertyValueSpecification","valueRequired":true,"valueName":"search_term_string"}}],"inLanguage":"de"},{"@type":"Organization","@id":"https:\/\/minhducfurniture.com\/de\/#organization","name":"Minh Duc Furniture","alternateName":"Vietnam Furniture Export","url":"https:\/\/minhducfurniture.com\/de\/","logo":{"@type":"ImageObject","inLanguage":"de","@id":"https:\/\/minhducfurniture.com\/de\/#\/schema\/logo\/image\/","url":"","contentUrl":"","caption":"Minh Duc Furniture"},"image":{"@id":"https:\/\/minhducfurniture.com\/de\/#\/schema\/logo\/image\/"},"sameAs":["https:\/\/www.pinterest.com\/hienthaoshop\/pins\/"]}]}},"_links":{"self":[{"href":"https:\/\/minhducfurniture.com\/de\/wp-json\/wp\/v2\/product\/54865","targetHints":{"allow":["GET"]}}],"collection":[{"href":"https:\/\/minhducfurniture.com\/de\/wp-json\/wp\/v2\/product"}],"about":[{"href":"https:\/\/minhducfurniture.com\/de\/wp-json\/wp\/v2\/types\/product"}],"replies":[{"embeddable":true,"href":"https:\/\/minhducfurniture.com\/de\/wp-json\/wp\/v2\/comments?post=54865"}],"wp:featuredmedia":[{"embeddable":true,"href":"https:\/\/minhducfurniture.com\/de\/wp-json\/wp\/v2\/media\/54864"}],"wp:attachment":[{"href":"https:\/\/minhducfurniture.com\/de\/wp-json\/wp\/v2\/media?parent=54865"}],"wp:term":[{"taxonomy":"product_brand","embeddable":true,"href":"https:\/\/minhducfurniture.com\/de\/wp-json\/wp\/v2\/product_brand?post=54865"},{"taxonomy":"product_cat","embeddable":true,"href":"https:\/\/minhducfurniture.com\/de\/wp-json\/wp\/v2\/product_cat?post=54865"},{"taxonomy":"product_tag","embeddable":true,"href":"https:\/\/minhducfurniture.com\/de\/wp-json\/wp\/v2\/product_tag?post=54865"}],"curies":[{"name":"wp","href":"https:\/\/api.w.org\/{rel}","templated":true}]}}