{"id":54852,"date":"2025-12-02T14:19:45","date_gmt":"2025-12-02T07:19:45","guid":{"rendered":"https:\/\/minhducfurniture.com\/product\/graue-plastik-esszimmerstuehle-gepolsterter-sitz-benutzerdefinierte-farboptionen\/"},"modified":"2026-02-25T13:53:37","modified_gmt":"2026-02-25T06:53:37","slug":"graue-plastik-esszimmerstuehle-gepolsterter-sitz-benutzerdefinierte-farboptionen","status":"publish","type":"product","link":"https:\/\/minhducfurniture.com\/de\/product\/graue-plastik-esszimmerstuehle-gepolsterter-sitz-benutzerdefinierte-farboptionen\/","title":{"rendered":"Graue Plastik Esszimmerst\u00fchle gepolsterter Sitz benutzerdefinierte Farboptionen"},"content":{"rendered":"<h2><span style=\"font-size: 90%\">Esstischst\u00fchle aus grauem Kunststoff &#8211; Ergonomisches Design mit verbessertem Sitzkomfort<\/span><\/h2>\n<p>Die <strong>grauen Kunststoff-Esszimmerst\u00fchle<\/strong> sind sowohl f\u00fcr private Esszimmer als auch f\u00fcr gewerbliche Umgebungen geeignet und bieten Haltbarkeit, Komfort und moderne Eleganz. Die integrierte gepolsterte Sitzfl\u00e4che sorgt f\u00fcr mehr Komfort, w\u00e4hrend sie gleichzeitig einen klaren, minimalistischen Look beibeh\u00e4lt, wodurch sie sich ideal f\u00fcr t\u00e4gliche Mahlzeiten und eine hohe Beanspruchung eignen.<br \/>\nEine gro\u00dfe Auswahl an Schalen- und Polsterfarben steht zur Verf\u00fcgung, so dass Sie die perfekte Kombination f\u00fcr Ihr Dekor ausw\u00e4hlen k\u00f6nnen. Zu den Polsterungsoptionen geh\u00f6ren Leinenstoff, Samt und PU-Leder. Kunden k\u00f6nnen auch ihre eigenen Stoffe zur Verf\u00fcgung stellen, um eine ganz pers\u00f6nliche und stimmige Inneneinrichtung zu gew\u00e4hrleisten.   \t<div id=\"gap-1082207693\" class=\"gap-element clearfix\" style=\"display:block; height:auto;\">\n\t\t\n<style>\n#gap-1082207693 {\n  padding-top: 15px;\n}\n<\/style>\n\t<\/div>\n\t\n<figure id=\"attachment_54847\" aria-describedby=\"caption-attachment-54847\" style=\"width: 850px\" class=\"wp-caption aligncenter\"><img decoding=\"async\" class=\"size-full wp-image-54437\" src=\"https:\/\/minhducfurniture.com\/wp-content\/uploads\/2025\/12\/Plastic-dining-chairs-in-cafes-2.jpg\" alt=\"Plastik-Esszimmerst\u00fchle in Caf\u00e9s 2\" width=\"850\" height=\"670\" srcset=\"https:\/\/minhducfurniture.com\/wp-content\/uploads\/2025\/12\/Plastic-dining-chairs-in-cafes-2.jpg 850w, https:\/\/minhducfurniture.com\/wp-content\/uploads\/2025\/12\/Plastic-dining-chairs-in-cafes-2-507x400.jpg 507w, https:\/\/minhducfurniture.com\/wp-content\/uploads\/2025\/12\/Plastic-dining-chairs-in-cafes-2-768x605.jpg 768w, https:\/\/minhducfurniture.com\/wp-content\/uploads\/2025\/12\/Plastic-dining-chairs-in-cafes-2-510x402.jpg 510w\" sizes=\"(max-width: 850px) 100vw, 850px\" \/><figcaption id=\"caption-attachment-54847\" class=\"wp-caption-text\">Plastik-Esszimmerst\u00fchle in Caf\u00e9s 2<\/figcaption><\/figure>\n<h3>Hauptmerkmale der<span style=\"font-size: 90%\">grauen Kunststoff-Esszimmerst\u00fchle<\/span><\/h3>\n<ul>\n<li>Strapazierf\u00e4higer Voll-PP-Rahmen: Robust, leicht und widerstandsf\u00e4hig gegen Feuchtigkeit und t\u00e4gliche Abnutzung<\/li>\n<li>Ergonomisch geschwungene R\u00fcckenlehne: Unterst\u00fctzt die nat\u00fcrliche Sitzhaltung f\u00fcr mehr Komfort<\/li>\n<li>Integrierte gepolsterte Sitzfl\u00e4che: Mehr Weichheit f\u00fcr l\u00e4ngeres Sitzen<\/li>\n<li>Festes gepolstertes Kissen: Die Sitzpolsterung ist sicher befestigt und sorgt f\u00fcr einen sauberen und raffinierten Look<\/li>\n<li>Anpassbare Oberfl\u00e4chen: Mehrere Schalenfarben und Polsterungsoptionen: Leinenstoff, Samt oder PU-Leder<\/li>\n<li>Leicht zu reinigende Oberfl\u00e4che: Geeignet f\u00fcr belebte Umgebungen in Restaurants und Gastst\u00e4tten<\/li>\n<li>Vielseitig einsetzbar: Ideal f\u00fcr Wohnungen, Caf\u00e9s, Restaurants und Pausenr\u00e4ume im B\u00fcro<\/li>\n<\/ul>\n<figure id=\"attachment_54848\" aria-describedby=\"caption-attachment-54848\" style=\"width: 850px\" class=\"wp-caption aligncenter\"><img decoding=\"async\" class=\"size-full wp-image-54434\" src=\"https:\/\/minhducfurniture.com\/wp-content\/uploads\/2025\/12\/Plastic-dining-chairs-in-banquet-hall.jpg\" alt=\"Plastikst\u00fchle im Bankettsaal\" width=\"850\" height=\"616\" srcset=\"https:\/\/minhducfurniture.com\/wp-content\/uploads\/2025\/12\/Plastic-dining-chairs-in-banquet-hall.jpg 850w, https:\/\/minhducfurniture.com\/wp-content\/uploads\/2025\/12\/Plastic-dining-chairs-in-banquet-hall-552x400.jpg 552w, https:\/\/minhducfurniture.com\/wp-content\/uploads\/2025\/12\/Plastic-dining-chairs-in-banquet-hall-768x557.jpg 768w, https:\/\/minhducfurniture.com\/wp-content\/uploads\/2025\/12\/Plastic-dining-chairs-in-banquet-hall-510x370.jpg 510w\" sizes=\"(max-width: 850px) 100vw, 850px\" \/><figcaption id=\"caption-attachment-54848\" class=\"wp-caption-text\">Plastikst\u00fchle im Bankettsaal<\/figcaption><\/figure>\n<h4>Beschreibung des Produkts<\/h4>\n<ul>\n<li>Produkt-Code: MDS-GAI 52<\/li>\n<li>Gr\u00f6\u00dfe des Stuhls: H810mm*SH450mm*B540mm*T450mm<\/li>\n<li>100% PP-Kunststoff mit UV-Schutzbeschichtung<\/li>\n<li>Eingebauter gepolsterter Sitz mit optionalen Farben f\u00fcr die Polsterung.<\/li>\n<li>Ladegewicht: 120kg\/ 264.5lbs<\/li>\n<li>Herkunft des Produkts: Vietnam<\/li>\n<\/ul>\n<figure id=\"attachment_54849\" aria-describedby=\"caption-attachment-54849\" style=\"width: 850px\" class=\"wp-caption aligncenter\"><img decoding=\"async\" class=\"size-full wp-image-54435\" src=\"https:\/\/minhducfurniture.com\/wp-content\/uploads\/2025\/12\/Plastic-dining-chairs-in-office-break-areas.jpg\" alt=\"Plastik-Esszimmerst\u00fchle in den Pausenbereichen der B\u00fcros\" width=\"850\" height=\"573\" srcset=\"https:\/\/minhducfurniture.com\/wp-content\/uploads\/2025\/12\/Plastic-dining-chairs-in-office-break-areas.jpg 850w, https:\/\/minhducfurniture.com\/wp-content\/uploads\/2025\/12\/Plastic-dining-chairs-in-office-break-areas-593x400.jpg 593w, https:\/\/minhducfurniture.com\/wp-content\/uploads\/2025\/12\/Plastic-dining-chairs-in-office-break-areas-768x518.jpg 768w, https:\/\/minhducfurniture.com\/wp-content\/uploads\/2025\/12\/Plastic-dining-chairs-in-office-break-areas-510x344.jpg 510w\" sizes=\"(max-width: 850px) 100vw, 850px\" \/><figcaption id=\"caption-attachment-54849\" class=\"wp-caption-text\">Plastik-Esszimmerst\u00fchle in den Pausenbereichen der B\u00fcros<\/figcaption><\/figure>\n<h4>Bestellinformationen<\/h4>\n<ul>\n<li>Mindestbestellmenge (MOQ): 50 St\u00fcck<\/li>\n<li>Vorlaufzeit: 30-35 Tage nach Anzahlung<\/li>\n<li>Liefertermin: FOB Hai Phong Hafen, Vietnam<\/li>\n<li>Zahlungsbedingungen: T\/T 30% Anzahlung, 70% Restbetrag vor Versand<\/li>\n<li>Wenn Sie ein eigenes Design haben und eine Massenproduktion ben\u00f6tigen, kontaktieren Sie uns bitte f\u00fcr weitere Unterst\u00fctzung.<\/li>\n<\/ul>\n<figure id=\"attachment_54850\" aria-describedby=\"caption-attachment-54850\" style=\"width: 850px\" class=\"wp-caption aligncenter\"><img decoding=\"async\" class=\"size-full wp-image-54433\" src=\"https:\/\/minhducfurniture.com\/wp-content\/uploads\/2025\/12\/Plastic-dining-chairs-for-weddings.jpg\" alt=\"Plastik Esszimmerst\u00fchle f\u00fcr Hochzeiten\" width=\"850\" height=\"650\" srcset=\"https:\/\/minhducfurniture.com\/wp-content\/uploads\/2025\/12\/Plastic-dining-chairs-for-weddings.jpg 850w, https:\/\/minhducfurniture.com\/wp-content\/uploads\/2025\/12\/Plastic-dining-chairs-for-weddings-523x400.jpg 523w, https:\/\/minhducfurniture.com\/wp-content\/uploads\/2025\/12\/Plastic-dining-chairs-for-weddings-768x587.jpg 768w, https:\/\/minhducfurniture.com\/wp-content\/uploads\/2025\/12\/Plastic-dining-chairs-for-weddings-510x390.jpg 510w\" sizes=\"(max-width: 850px) 100vw, 850px\" \/><figcaption id=\"caption-attachment-54850\" class=\"wp-caption-text\">Plastik Esszimmerst\u00fchle f\u00fcr Hochzeiten<\/figcaption><\/figure>\n<h4>Kontaktinformationen<\/h4>\n<ul>\n<li>Minh Duc Public Furniture Co, Ltd.<\/li>\n<li>Adresse: Villa H02-L11 An Phu, Duong Noi, Ha Dong, Hanoi, Vietnam<\/li>\n<li>Telefon\/WhatsApp\/Zalo: +84 908 314 939<\/li>\n<\/ul>\n<p>Mehr aus unseren Kollektionen<\/p>\n<ul>\n<li><span style=\"color: #008080\"><a style=\"color: #008080\" href=\"https:\/\/minhducfurniture.com\/de\/product\/stuehle-aus-polypropylen-fuer-den-aussenbereich-perfekt-fuer-cafes-wohnungen-und-terrassen\/\">St\u00fchle aus Polypropylen f\u00fcr den Au\u00dfenbereich, perfekt f\u00fcr Caf\u00e9s, Wohnungen und Terrassen<\/a><\/span><\/li>\n<li><span style=\"color: #008080\"><a style=\"color: #008080\" href=\"https:\/\/minhducfurniture.com\/de\/product\/schwarze-gartenstuehle-aus-kunststoff-moderne-sitzgelegenheiten-fuer-draussen\/\">Schwarze Kunststoff-Gartenst\u00fchle, elegante zeitgen\u00f6ssische Sitzgelegenheiten f\u00fcr drau\u00dfen<\/a><\/span><\/li>\n<\/ul>\n<div class=\"social-icons share-icons share-row relative\" ><a href=\"whatsapp:\/\/send?text=Graue%20Plastik%20Esszimmerst%C3%BChle%20gepolsterter%20Sitz%20benutzerdefinierte%20Farboptionen - https:\/\/minhducfurniture.com\/de\/product\/graue-plastik-esszimmerstuehle-gepolsterter-sitz-benutzerdefinierte-farboptionen\/\" data-action=\"share\/whatsapp\/share\" class=\"icon primary button round tooltip whatsapp show-for-medium\" title=\"Auf WhatsApp teilen\" aria-label=\"Auf WhatsApp teilen\"><i class=\"icon-whatsapp\" aria-hidden=\"true\"><\/i><\/a><a href=\"https:\/\/www.facebook.com\/sharer.php?u=https:\/\/minhducfurniture.com\/de\/product\/graue-plastik-esszimmerstuehle-gepolsterter-sitz-benutzerdefinierte-farboptionen\/\" data-label=\"Facebook\" onclick=\"window.open(this.href,this.title,'width=500,height=500,top=300px,left=300px'); return false;\" target=\"_blank\" class=\"icon primary button round tooltip facebook\" title=\"Auf Facebook teilen\" aria-label=\"Auf Facebook teilen\" rel=\"noopener nofollow\"><i class=\"icon-facebook\" aria-hidden=\"true\"><\/i><\/a><a href=\"https:\/\/twitter.com\/share?url=https:\/\/minhducfurniture.com\/de\/product\/graue-plastik-esszimmerstuehle-gepolsterter-sitz-benutzerdefinierte-farboptionen\/\" onclick=\"window.open(this.href,this.title,'width=500,height=500,top=300px,left=300px'); return false;\" target=\"_blank\" class=\"icon primary button round tooltip twitter\" title=\"Auf Twitter teilen\" aria-label=\"Auf Twitter teilen\" rel=\"noopener nofollow\"><i class=\"icon-twitter\" aria-hidden=\"true\"><\/i><\/a><a href=\"mailto:?subject=Graue%20Plastik%20Esszimmerst%C3%BChle%20gepolsterter%20Sitz%20benutzerdefinierte%20Farboptionen&body=Schau%20dir%20das%20an%3A%20https%3A%2F%2Fminhducfurniture.com%2Fde%2Fproduct%2Fgraue-plastik-esszimmerstuehle-gepolsterter-sitz-benutzerdefinierte-farboptionen%2F\" class=\"icon primary button round tooltip email\" title=\"E-mail an einen Freund senden\" aria-label=\"E-mail an einen Freund senden\" rel=\"nofollow\"><i class=\"icon-envelop\" aria-hidden=\"true\"><\/i><\/a><a href=\"https:\/\/pinterest.com\/pin\/create\/button?url=https:\/\/minhducfurniture.com\/de\/product\/graue-plastik-esszimmerstuehle-gepolsterter-sitz-benutzerdefinierte-farboptionen\/&media=https:\/\/minhducfurniture.com\/wp-content\/uploads\/2025\/12\/Grey-plastic-dining-chairs.jpg&description=Graue%20Plastik%20Esszimmerst%C3%BChle%20gepolsterter%20Sitz%20benutzerdefinierte%20Farboptionen\" onclick=\"window.open(this.href,this.title,'width=500,height=500,top=300px,left=300px'); return false;\" target=\"_blank\" class=\"icon primary button round tooltip pinterest\" title=\"Pinterest Pin erstellen\" aria-label=\"Pinterest Pin erstellen\" rel=\"noopener nofollow\"><i class=\"icon-pinterest\" aria-hidden=\"true\"><\/i><\/a><a href=\"https:\/\/www.linkedin.com\/shareArticle?mini=true&url=https:\/\/minhducfurniture.com\/de\/product\/graue-plastik-esszimmerstuehle-gepolsterter-sitz-benutzerdefinierte-farboptionen\/&title=Graue%20Plastik%20Esszimmerst%C3%BChle%20gepolsterter%20Sitz%20benutzerdefinierte%20Farboptionen\" onclick=\"window.open(this.href,this.title,'width=500,height=500,top=300px,left=300px'); return false;\" target=\"_blank\" class=\"icon primary button round tooltip linkedin\" title=\"Auf LinkedIn teilen\" aria-label=\"Auf LinkedIn teilen\" rel=\"noopener nofollow\"><i class=\"icon-linkedin\" aria-hidden=\"true\"><\/i><\/a><\/div>\n","protected":false},"excerpt":{"rendered":"<ul>\n<li>Produkt-Code: MDS-GAI 52<\/li>\n<li>Gr\u00f6\u00dfe des Stuhls: H810mm*SH450mm*B540mm*T450mm<\/li>\n<li>100% PP-Kunststoff mit UV-Schutzbeschichtung<\/li>\n<li>Eingebauter gepolsterter Sitz mit optionalen Farben f\u00fcr die Polsterung.<\/li>\n<li>Ladegewicht: 120kg\/ 264.5lbs<\/li>\n<li>Herkunft des Produkts: Vietnam<\/li>\n<li>Hotline\/ WhatsApp:+84908314939<\/li>\n<\/ul>\n","protected":false},"featured_media":54851,"comment_status":"open","ping_status":"closed","template":"","meta":[],"product_brand":[],"product_cat":[13081],"product_tag":[13082],"class_list":{"0":"post-54852","1":"product","2":"type-product","3":"status-publish","4":"has-post-thumbnail","6":"product_cat-plastik-stuhle","7":"product_tag-outdoor-stuhle","9":"first","10":"instock","11":"shipping-taxable","12":"product-type-simple"},"yoast_head":"<!-- This site is optimized with the Yoast SEO plugin v27.0 - https:\/\/yoast.com\/product\/yoast-seo-wordpress\/ -->\n<title>Graue Plastik Esszimmerst\u00fchle gepolsterter Sitz benutzerdefinierte Farboptionen - Minh Duc Furniture<\/title>\n<meta name=\"description\" content=\"Die grauen Kunststoff-Esszimmerst\u00fchle sind sowohl f\u00fcr private Esszimmer als auch f\u00fcr gewerbliche Umgebungen geeignet und bieten Haltbarkeit, Komfort und moderne Eleganz.\" \/>\n<meta name=\"robots\" content=\"index, follow, max-snippet:-1, max-image-preview:large, max-video-preview:-1\" \/>\n<link rel=\"canonical\" href=\"https:\/\/minhducfurniture.com\/de\/product\/graue-plastik-esszimmerstuehle-gepolsterter-sitz-benutzerdefinierte-farboptionen\/\" \/>\n<meta property=\"og:locale\" content=\"de_DE\" \/>\n<meta property=\"og:type\" content=\"article\" \/>\n<meta property=\"og:title\" content=\"Graue Plastik Esszimmerst\u00fchle gepolsterter Sitz benutzerdefinierte Farboptionen - Minh Duc Furniture\" \/>\n<meta property=\"og:description\" content=\"Die grauen Kunststoff-Esszimmerst\u00fchle sind sowohl f\u00fcr private Esszimmer als auch f\u00fcr gewerbliche Umgebungen geeignet und bieten Haltbarkeit, Komfort und moderne Eleganz.\" \/>\n<meta property=\"og:url\" content=\"https:\/\/minhducfurniture.com\/de\/product\/graue-plastik-esszimmerstuehle-gepolsterter-sitz-benutzerdefinierte-farboptionen\/\" \/>\n<meta property=\"og:site_name\" content=\"Minh Duc Furniture\" \/>\n<meta property=\"article:modified_time\" content=\"2026-02-25T06:53:37+00:00\" \/>\n<meta property=\"og:image\" content=\"https:\/\/minhducfurniture.com\/wp-content\/uploads\/2025\/12\/Grey-plastic-dining-chairs.jpg\" \/>\n\t<meta property=\"og:image:width\" content=\"650\" \/>\n\t<meta property=\"og:image:height\" content=\"650\" \/>\n\t<meta property=\"og:image:type\" content=\"image\/jpeg\" \/>\n<meta name=\"twitter:card\" content=\"summary_large_image\" \/>\n<meta name=\"twitter:label1\" content=\"Gesch\u00e4tzte Lesezeit\" \/>\n\t<meta name=\"twitter:data1\" content=\"2\u00a0Minuten\" \/>\n<script type=\"application\/ld+json\" class=\"yoast-schema-graph\">{\"@context\":\"https:\/\/schema.org\",\"@graph\":[{\"@type\":\"WebPage\",\"@id\":\"https:\/\/minhducfurniture.com\/de\/product\/graue-plastik-esszimmerstuehle-gepolsterter-sitz-benutzerdefinierte-farboptionen\/\",\"url\":\"https:\/\/minhducfurniture.com\/de\/product\/graue-plastik-esszimmerstuehle-gepolsterter-sitz-benutzerdefinierte-farboptionen\/\",\"name\":\"Graue Plastik Esszimmerst\u00fchle gepolsterter Sitz benutzerdefinierte Farboptionen - Minh Duc Furniture\",\"isPartOf\":{\"@id\":\"https:\/\/minhducfurniture.com\/de\/#website\"},\"primaryImageOfPage\":{\"@id\":\"https:\/\/minhducfurniture.com\/de\/product\/graue-plastik-esszimmerstuehle-gepolsterter-sitz-benutzerdefinierte-farboptionen\/#primaryimage\"},\"image\":{\"@id\":\"https:\/\/minhducfurniture.com\/de\/product\/graue-plastik-esszimmerstuehle-gepolsterter-sitz-benutzerdefinierte-farboptionen\/#primaryimage\"},\"thumbnailUrl\":\"https:\/\/minhducfurniture.com\/wp-content\/uploads\/2025\/12\/Grey-plastic-dining-chairs.jpg\",\"datePublished\":\"2025-12-02T07:19:45+00:00\",\"dateModified\":\"2026-02-25T06:53:37+00:00\",\"description\":\"Die grauen Kunststoff-Esszimmerst\u00fchle sind sowohl f\u00fcr private Esszimmer als auch f\u00fcr gewerbliche Umgebungen geeignet und bieten Haltbarkeit, Komfort und moderne Eleganz.\",\"breadcrumb\":{\"@id\":\"https:\/\/minhducfurniture.com\/de\/product\/graue-plastik-esszimmerstuehle-gepolsterter-sitz-benutzerdefinierte-farboptionen\/#breadcrumb\"},\"inLanguage\":\"de\",\"potentialAction\":[{\"@type\":\"ReadAction\",\"target\":[\"https:\/\/minhducfurniture.com\/de\/product\/graue-plastik-esszimmerstuehle-gepolsterter-sitz-benutzerdefinierte-farboptionen\/\"]}]},{\"@type\":\"ImageObject\",\"inLanguage\":\"de\",\"@id\":\"https:\/\/minhducfurniture.com\/de\/product\/graue-plastik-esszimmerstuehle-gepolsterter-sitz-benutzerdefinierte-farboptionen\/#primaryimage\",\"url\":\"https:\/\/minhducfurniture.com\/wp-content\/uploads\/2025\/12\/Grey-plastic-dining-chairs.jpg\",\"contentUrl\":\"https:\/\/minhducfurniture.com\/wp-content\/uploads\/2025\/12\/Grey-plastic-dining-chairs.jpg\",\"width\":650,\"height\":650,\"caption\":\"Graue Plastik Esszimmerst\u00fchle\"},{\"@type\":\"BreadcrumbList\",\"@id\":\"https:\/\/minhducfurniture.com\/de\/product\/graue-plastik-esszimmerstuehle-gepolsterter-sitz-benutzerdefinierte-farboptionen\/#breadcrumb\",\"itemListElement\":[{\"@type\":\"ListItem\",\"position\":1,\"name\":\"Home\",\"item\":\"https:\/\/minhducfurniture.com\/de\/\"},{\"@type\":\"ListItem\",\"position\":2,\"name\":\"Shop\",\"item\":\"https:\/\/minhducfurniture.com\/shop\/\"},{\"@type\":\"ListItem\",\"position\":3,\"name\":\"Graue Plastik Esszimmerst\u00fchle gepolsterter Sitz benutzerdefinierte Farboptionen\"}]},{\"@type\":\"WebSite\",\"@id\":\"https:\/\/minhducfurniture.com\/de\/#website\",\"url\":\"https:\/\/minhducfurniture.com\/de\/\",\"name\":\"Minh Duc Furniture\",\"description\":\"Vietnam Furniture Supplier\",\"publisher\":{\"@id\":\"https:\/\/minhducfurniture.com\/de\/#organization\"},\"alternateName\":\"Vietnam Online Shop\",\"potentialAction\":[{\"@type\":\"SearchAction\",\"target\":{\"@type\":\"EntryPoint\",\"urlTemplate\":\"https:\/\/minhducfurniture.com\/de\/?s={search_term_string}\"},\"query-input\":{\"@type\":\"PropertyValueSpecification\",\"valueRequired\":true,\"valueName\":\"search_term_string\"}}],\"inLanguage\":\"de\"},{\"@type\":\"Organization\",\"@id\":\"https:\/\/minhducfurniture.com\/de\/#organization\",\"name\":\"Minh Duc Furniture\",\"alternateName\":\"Vietnam Furniture Export\",\"url\":\"https:\/\/minhducfurniture.com\/de\/\",\"logo\":{\"@type\":\"ImageObject\",\"inLanguage\":\"de\",\"@id\":\"https:\/\/minhducfurniture.com\/de\/#\/schema\/logo\/image\/\",\"url\":\"\",\"contentUrl\":\"\",\"caption\":\"Minh Duc Furniture\"},\"image\":{\"@id\":\"https:\/\/minhducfurniture.com\/de\/#\/schema\/logo\/image\/\"},\"sameAs\":[\"https:\/\/www.pinterest.com\/hienthaoshop\/pins\/\"]}]}<\/script>\n<!-- \/ Yoast SEO plugin. -->","yoast_head_json":{"title":"Graue Plastik Esszimmerst\u00fchle gepolsterter Sitz benutzerdefinierte Farboptionen - Minh Duc Furniture","description":"Die grauen Kunststoff-Esszimmerst\u00fchle sind sowohl f\u00fcr private Esszimmer als auch f\u00fcr gewerbliche Umgebungen geeignet und bieten Haltbarkeit, Komfort und moderne Eleganz.","robots":{"index":"index","follow":"follow","max-snippet":"max-snippet:-1","max-image-preview":"max-image-preview:large","max-video-preview":"max-video-preview:-1"},"canonical":"https:\/\/minhducfurniture.com\/de\/product\/graue-plastik-esszimmerstuehle-gepolsterter-sitz-benutzerdefinierte-farboptionen\/","og_locale":"de_DE","og_type":"article","og_title":"Graue Plastik Esszimmerst\u00fchle gepolsterter Sitz benutzerdefinierte Farboptionen - Minh Duc Furniture","og_description":"Die grauen Kunststoff-Esszimmerst\u00fchle sind sowohl f\u00fcr private Esszimmer als auch f\u00fcr gewerbliche Umgebungen geeignet und bieten Haltbarkeit, Komfort und moderne Eleganz.","og_url":"https:\/\/minhducfurniture.com\/de\/product\/graue-plastik-esszimmerstuehle-gepolsterter-sitz-benutzerdefinierte-farboptionen\/","og_site_name":"Minh Duc Furniture","article_modified_time":"2026-02-25T06:53:37+00:00","og_image":[{"width":650,"height":650,"url":"https:\/\/minhducfurniture.com\/wp-content\/uploads\/2025\/12\/Grey-plastic-dining-chairs.jpg","type":"image\/jpeg"}],"twitter_card":"summary_large_image","twitter_misc":{"Gesch\u00e4tzte Lesezeit":"2\u00a0Minuten"},"schema":{"@context":"https:\/\/schema.org","@graph":[{"@type":"WebPage","@id":"https:\/\/minhducfurniture.com\/de\/product\/graue-plastik-esszimmerstuehle-gepolsterter-sitz-benutzerdefinierte-farboptionen\/","url":"https:\/\/minhducfurniture.com\/de\/product\/graue-plastik-esszimmerstuehle-gepolsterter-sitz-benutzerdefinierte-farboptionen\/","name":"Graue Plastik Esszimmerst\u00fchle gepolsterter Sitz benutzerdefinierte Farboptionen - Minh Duc Furniture","isPartOf":{"@id":"https:\/\/minhducfurniture.com\/de\/#website"},"primaryImageOfPage":{"@id":"https:\/\/minhducfurniture.com\/de\/product\/graue-plastik-esszimmerstuehle-gepolsterter-sitz-benutzerdefinierte-farboptionen\/#primaryimage"},"image":{"@id":"https:\/\/minhducfurniture.com\/de\/product\/graue-plastik-esszimmerstuehle-gepolsterter-sitz-benutzerdefinierte-farboptionen\/#primaryimage"},"thumbnailUrl":"https:\/\/minhducfurniture.com\/wp-content\/uploads\/2025\/12\/Grey-plastic-dining-chairs.jpg","datePublished":"2025-12-02T07:19:45+00:00","dateModified":"2026-02-25T06:53:37+00:00","description":"Die grauen Kunststoff-Esszimmerst\u00fchle sind sowohl f\u00fcr private Esszimmer als auch f\u00fcr gewerbliche Umgebungen geeignet und bieten Haltbarkeit, Komfort und moderne Eleganz.","breadcrumb":{"@id":"https:\/\/minhducfurniture.com\/de\/product\/graue-plastik-esszimmerstuehle-gepolsterter-sitz-benutzerdefinierte-farboptionen\/#breadcrumb"},"inLanguage":"de","potentialAction":[{"@type":"ReadAction","target":["https:\/\/minhducfurniture.com\/de\/product\/graue-plastik-esszimmerstuehle-gepolsterter-sitz-benutzerdefinierte-farboptionen\/"]}]},{"@type":"ImageObject","inLanguage":"de","@id":"https:\/\/minhducfurniture.com\/de\/product\/graue-plastik-esszimmerstuehle-gepolsterter-sitz-benutzerdefinierte-farboptionen\/#primaryimage","url":"https:\/\/minhducfurniture.com\/wp-content\/uploads\/2025\/12\/Grey-plastic-dining-chairs.jpg","contentUrl":"https:\/\/minhducfurniture.com\/wp-content\/uploads\/2025\/12\/Grey-plastic-dining-chairs.jpg","width":650,"height":650,"caption":"Graue Plastik Esszimmerst\u00fchle"},{"@type":"BreadcrumbList","@id":"https:\/\/minhducfurniture.com\/de\/product\/graue-plastik-esszimmerstuehle-gepolsterter-sitz-benutzerdefinierte-farboptionen\/#breadcrumb","itemListElement":[{"@type":"ListItem","position":1,"name":"Home","item":"https:\/\/minhducfurniture.com\/de\/"},{"@type":"ListItem","position":2,"name":"Shop","item":"https:\/\/minhducfurniture.com\/shop\/"},{"@type":"ListItem","position":3,"name":"Graue Plastik Esszimmerst\u00fchle gepolsterter Sitz benutzerdefinierte Farboptionen"}]},{"@type":"WebSite","@id":"https:\/\/minhducfurniture.com\/de\/#website","url":"https:\/\/minhducfurniture.com\/de\/","name":"Minh Duc Furniture","description":"Vietnam Furniture Supplier","publisher":{"@id":"https:\/\/minhducfurniture.com\/de\/#organization"},"alternateName":"Vietnam Online Shop","potentialAction":[{"@type":"SearchAction","target":{"@type":"EntryPoint","urlTemplate":"https:\/\/minhducfurniture.com\/de\/?s={search_term_string}"},"query-input":{"@type":"PropertyValueSpecification","valueRequired":true,"valueName":"search_term_string"}}],"inLanguage":"de"},{"@type":"Organization","@id":"https:\/\/minhducfurniture.com\/de\/#organization","name":"Minh Duc Furniture","alternateName":"Vietnam Furniture Export","url":"https:\/\/minhducfurniture.com\/de\/","logo":{"@type":"ImageObject","inLanguage":"de","@id":"https:\/\/minhducfurniture.com\/de\/#\/schema\/logo\/image\/","url":"","contentUrl":"","caption":"Minh Duc Furniture"},"image":{"@id":"https:\/\/minhducfurniture.com\/de\/#\/schema\/logo\/image\/"},"sameAs":["https:\/\/www.pinterest.com\/hienthaoshop\/pins\/"]}]}},"_links":{"self":[{"href":"https:\/\/minhducfurniture.com\/de\/wp-json\/wp\/v2\/product\/54852","targetHints":{"allow":["GET"]}}],"collection":[{"href":"https:\/\/minhducfurniture.com\/de\/wp-json\/wp\/v2\/product"}],"about":[{"href":"https:\/\/minhducfurniture.com\/de\/wp-json\/wp\/v2\/types\/product"}],"replies":[{"embeddable":true,"href":"https:\/\/minhducfurniture.com\/de\/wp-json\/wp\/v2\/comments?post=54852"}],"wp:featuredmedia":[{"embeddable":true,"href":"https:\/\/minhducfurniture.com\/de\/wp-json\/wp\/v2\/media\/54851"}],"wp:attachment":[{"href":"https:\/\/minhducfurniture.com\/de\/wp-json\/wp\/v2\/media?parent=54852"}],"wp:term":[{"taxonomy":"product_brand","embeddable":true,"href":"https:\/\/minhducfurniture.com\/de\/wp-json\/wp\/v2\/product_brand?post=54852"},{"taxonomy":"product_cat","embeddable":true,"href":"https:\/\/minhducfurniture.com\/de\/wp-json\/wp\/v2\/product_cat?post=54852"},{"taxonomy":"product_tag","embeddable":true,"href":"https:\/\/minhducfurniture.com\/de\/wp-json\/wp\/v2\/product_tag?post=54852"}],"curies":[{"name":"wp","href":"https:\/\/api.w.org\/{rel}","templated":true}]}}