{"id":54844,"date":"2025-09-14T15:03:37","date_gmt":"2025-09-14T08:03:37","guid":{"rendered":"https:\/\/minhducfurniture.com\/minh-duc-geschaeftsphilosophie\/"},"modified":"2026-02-25T13:50:56","modified_gmt":"2026-02-25T06:50:56","slug":"minh-duc-geschaeftsphilosophie","status":"publish","type":"page","link":"https:\/\/minhducfurniture.com\/de\/minh-duc-geschaeftsphilosophie\/","title":{"rendered":"Minh Duc Gesch\u00e4ftsphilosophie"},"content":{"rendered":"<h2><span style=\"font-size: 95%;\">Unsere Gesch\u00e4ftsphilosophie<\/span><\/h2>\n<p>Wir bei Minh Duc Public Furniture glauben, dass M\u00f6bel mehr als nur ein Produkt sind &#8211; sie sind ein Ausdruck von Verantwortung, Handwerkskunst und Vertrauen. Unsere Gesch\u00e4ftsphilosophie basiert auf drei Grunds\u00e4tzen: Kundenbetreuung, kompromisslose Qualit\u00e4t und Nachhaltigkeit. <\/p>\n<h3>Kunden an die erste Stelle setzen<\/h3>\n<p>Unsere Kunden sind die Grundlage f\u00fcr unseren Erfolg. Wir h\u00f6ren ihnen genau zu und bieten L\u00f6sungen an, die einen echten Mehrwert bieten &#8211; ob es sich um flexible M\u00f6bel f\u00fcr moderne B\u00fcros, bequeme Sitzm\u00f6bel f\u00fcr \u00f6ffentliche R\u00e4ume oder langlebige M\u00f6bel f\u00fcr Bildungseinrichtungen handelt. Wir verkaufen nicht nur Produkte, sondern bauen langfristige Beziehungen auf, die auf Zuverl\u00e4ssigkeit, Transparenz und gegenseitigem Respekt basieren.  <\/p>\n<h3>Vertrauen aufbauen, Werte schaffen<\/h3>\n<p>Indem wir Nachhaltigkeit, Qualit\u00e4t und Kundenbetreuung vereinen, wollen wir M\u00f6bel schaffen, die Vertrauen erwecken und jedem Kunden einen Mehrwert bieten. Unsere Mission ist einfach: Wir wollen den Menschen helfen, besser zu leben und zu arbeiten &#8211; mit Produkten, die sicher, nachhaltig und durchdacht gestaltet sind. <\/p>\n<h4>Engagement f\u00fcr Nachhaltigkeit<\/h4>\n<p>Wir wissen, wie wichtig es ist, die Umwelt f\u00fcr zuk\u00fcnftige Generationen zu sch\u00fctzen. Deshalb bem\u00fchen wir uns aktiv um nachhaltige Materialien, umweltfreundliche Produktionsmethoden und effiziente Prozesse, die den Abfall und den Energieverbrauch minimieren. Indem wir innovatives Design mit \u00f6kologischer Verantwortung verbinden, schaffen wir M\u00f6bel, die nicht nur gut aussehen, sondern auch gut f\u00fcr unseren Planeten sind.  <\/p>\n<p>Wir wissen Ihre wertvolle Zeit mit uns zu sch\u00e4tzen! Suchen Sie nach Produktinformationen? Bitte besuchen Sie unsere <span style=\"color: #008080;\"><a style=\"color: #008080;\" href=\"https:\/\/minhducfurniture.com\/de\/\">Home Seite<\/a><\/span><\/p>\n<div class=\"social-icons share-icons share-row relative\" ><a href=\"whatsapp:\/\/send?text=Minh%20Duc%20Gesch%C3%A4ftsphilosophie - https:\/\/minhducfurniture.com\/de\/minh-duc-geschaeftsphilosophie\/\" data-action=\"share\/whatsapp\/share\" class=\"icon primary button round tooltip whatsapp show-for-medium\" title=\"Auf WhatsApp teilen\" aria-label=\"Auf WhatsApp teilen\"><i class=\"icon-whatsapp\" aria-hidden=\"true\"><\/i><\/a><a href=\"https:\/\/www.facebook.com\/sharer.php?u=https:\/\/minhducfurniture.com\/de\/minh-duc-geschaeftsphilosophie\/\" data-label=\"Facebook\" onclick=\"window.open(this.href,this.title,'width=500,height=500,top=300px,left=300px'); return false;\" target=\"_blank\" class=\"icon primary button round tooltip facebook\" title=\"Auf Facebook teilen\" aria-label=\"Auf Facebook teilen\" rel=\"noopener nofollow\"><i class=\"icon-facebook\" aria-hidden=\"true\"><\/i><\/a><a href=\"https:\/\/twitter.com\/share?url=https:\/\/minhducfurniture.com\/de\/minh-duc-geschaeftsphilosophie\/\" onclick=\"window.open(this.href,this.title,'width=500,height=500,top=300px,left=300px'); return false;\" target=\"_blank\" class=\"icon primary button round tooltip twitter\" title=\"Auf Twitter teilen\" aria-label=\"Auf Twitter teilen\" rel=\"noopener nofollow\"><i class=\"icon-twitter\" aria-hidden=\"true\"><\/i><\/a><a href=\"mailto:?subject=Minh%20Duc%20Gesch%C3%A4ftsphilosophie&body=Schau%20dir%20das%20an%3A%20https%3A%2F%2Fminhducfurniture.com%2Fde%2Fminh-duc-geschaeftsphilosophie%2F\" class=\"icon primary button round tooltip email\" title=\"E-mail an einen Freund senden\" aria-label=\"E-mail an einen Freund senden\" rel=\"nofollow\"><i class=\"icon-envelop\" aria-hidden=\"true\"><\/i><\/a><a href=\"https:\/\/pinterest.com\/pin\/create\/button?url=https:\/\/minhducfurniture.com\/de\/minh-duc-geschaeftsphilosophie\/&media=https:\/\/minhducfurniture.com\/wp-content\/uploads\/2025\/09\/Minh-Duc-Business-Philosophy.jpg&description=Minh%20Duc%20Gesch%C3%A4ftsphilosophie\" onclick=\"window.open(this.href,this.title,'width=500,height=500,top=300px,left=300px'); return false;\" target=\"_blank\" class=\"icon primary button round tooltip pinterest\" title=\"Pinterest Pin erstellen\" aria-label=\"Pinterest Pin erstellen\" rel=\"noopener nofollow\"><i class=\"icon-pinterest\" aria-hidden=\"true\"><\/i><\/a><a href=\"https:\/\/www.linkedin.com\/shareArticle?mini=true&url=https:\/\/minhducfurniture.com\/de\/minh-duc-geschaeftsphilosophie\/&title=Minh%20Duc%20Gesch%C3%A4ftsphilosophie\" onclick=\"window.open(this.href,this.title,'width=500,height=500,top=300px,left=300px'); return false;\" target=\"_blank\" class=\"icon primary button round tooltip linkedin\" title=\"Auf LinkedIn teilen\" aria-label=\"Auf LinkedIn teilen\" rel=\"noopener nofollow\"><i class=\"icon-linkedin\" aria-hidden=\"true\"><\/i><\/a><\/div>\n","protected":false},"excerpt":{"rendered":"<p>Unsere Gesch\u00e4ftsphilosophie Wir bei Minh Duc Public Furniture glauben, dass M\u00f6bel mehr als nur ein Produkt sind &#8211; sie sind ein Ausdruck von Verantwortung, Handwerkskunst und Vertrauen. Unsere Gesch\u00e4ftsphilosophie basiert auf drei Grunds\u00e4tzen: Kundenbetreuung, kompromisslose Qualit\u00e4t und Nachhaltigkeit. Kunden an die erste Stelle setzen Unsere Kunden sind die Grundlage f\u00fcr unseren Erfolg. Wir h\u00f6ren ihnen [&#8230;]\n","protected":false},"author":1,"featured_media":54843,"parent":0,"menu_order":0,"comment_status":"closed","ping_status":"closed","template":"","meta":{"footnotes":""},"class_list":["post-54844","page","type-page","status-publish","has-post-thumbnail","hentry"],"yoast_head":"<!-- This site is optimized with the Yoast SEO plugin v27.0 - https:\/\/yoast.com\/product\/yoast-seo-wordpress\/ -->\n<title>Minh Duc Gesch\u00e4ftsphilosophie - Minh Duc Furniture<\/title>\n<meta name=\"description\" content=\"Wir glauben, dass M\u00f6bel mehr sind als nur ein Produkt - sie sind eine Verantwortung, Handwerkskunst und Vertrauen. Unsere Gesch\u00e4ftsphilosophie\" \/>\n<meta name=\"robots\" content=\"index, follow, max-snippet:-1, max-image-preview:large, max-video-preview:-1\" \/>\n<link rel=\"canonical\" href=\"https:\/\/minhducfurniture.com\/de\/minh-duc-geschaeftsphilosophie\/\" \/>\n<meta property=\"og:locale\" content=\"de_DE\" \/>\n<meta property=\"og:type\" content=\"article\" \/>\n<meta property=\"og:title\" content=\"Minh Duc Gesch\u00e4ftsphilosophie - Minh Duc Furniture\" \/>\n<meta property=\"og:description\" content=\"Wir glauben, dass M\u00f6bel mehr sind als nur ein Produkt - sie sind eine Verantwortung, Handwerkskunst und Vertrauen. Unsere Gesch\u00e4ftsphilosophie\" \/>\n<meta property=\"og:url\" content=\"https:\/\/minhducfurniture.com\/de\/minh-duc-geschaeftsphilosophie\/\" \/>\n<meta property=\"og:site_name\" content=\"Minh Duc Furniture\" \/>\n<meta property=\"article:modified_time\" content=\"2026-02-25T06:50:56+00:00\" \/>\n<meta property=\"og:image\" content=\"https:\/\/minhducfurniture.com\/wp-content\/uploads\/2025\/09\/Minh-Duc-Business-Philosophy.jpg\" \/>\n\t<meta property=\"og:image:width\" content=\"800\" \/>\n\t<meta property=\"og:image:height\" content=\"531\" \/>\n\t<meta property=\"og:image:type\" content=\"image\/jpeg\" \/>\n<meta name=\"twitter:card\" content=\"summary_large_image\" \/>\n<meta name=\"twitter:label1\" content=\"Gesch\u00e4tzte Lesezeit\" \/>\n\t<meta name=\"twitter:data1\" content=\"1\u00a0Minute\" \/>\n<script type=\"application\/ld+json\" class=\"yoast-schema-graph\">{\"@context\":\"https:\/\/schema.org\",\"@graph\":[{\"@type\":\"WebPage\",\"@id\":\"https:\/\/minhducfurniture.com\/de\/minh-duc-geschaeftsphilosophie\/\",\"url\":\"https:\/\/minhducfurniture.com\/de\/minh-duc-geschaeftsphilosophie\/\",\"name\":\"Minh Duc Gesch\u00e4ftsphilosophie - Minh Duc Furniture\",\"isPartOf\":{\"@id\":\"https:\/\/minhducfurniture.com\/de\/#website\"},\"primaryImageOfPage\":{\"@id\":\"https:\/\/minhducfurniture.com\/de\/minh-duc-geschaeftsphilosophie\/#primaryimage\"},\"image\":{\"@id\":\"https:\/\/minhducfurniture.com\/de\/minh-duc-geschaeftsphilosophie\/#primaryimage\"},\"thumbnailUrl\":\"https:\/\/minhducfurniture.com\/wp-content\/uploads\/2025\/09\/Minh-Duc-Business-Philosophy.jpg\",\"datePublished\":\"2025-09-14T08:03:37+00:00\",\"dateModified\":\"2026-02-25T06:50:56+00:00\",\"description\":\"Wir glauben, dass M\u00f6bel mehr sind als nur ein Produkt - sie sind eine Verantwortung, Handwerkskunst und Vertrauen. Unsere Gesch\u00e4ftsphilosophie\",\"breadcrumb\":{\"@id\":\"https:\/\/minhducfurniture.com\/de\/minh-duc-geschaeftsphilosophie\/#breadcrumb\"},\"inLanguage\":\"de\",\"potentialAction\":[{\"@type\":\"ReadAction\",\"target\":[\"https:\/\/minhducfurniture.com\/de\/minh-duc-geschaeftsphilosophie\/\"]}]},{\"@type\":\"ImageObject\",\"inLanguage\":\"de\",\"@id\":\"https:\/\/minhducfurniture.com\/de\/minh-duc-geschaeftsphilosophie\/#primaryimage\",\"url\":\"https:\/\/minhducfurniture.com\/wp-content\/uploads\/2025\/09\/Minh-Duc-Business-Philosophy.jpg\",\"contentUrl\":\"https:\/\/minhducfurniture.com\/wp-content\/uploads\/2025\/09\/Minh-Duc-Business-Philosophy.jpg\",\"width\":800,\"height\":531,\"caption\":\"Minh Duc Gesch\u00e4ftsphilosophie\"},{\"@type\":\"BreadcrumbList\",\"@id\":\"https:\/\/minhducfurniture.com\/de\/minh-duc-geschaeftsphilosophie\/#breadcrumb\",\"itemListElement\":[{\"@type\":\"ListItem\",\"position\":1,\"name\":\"Home\",\"item\":\"https:\/\/minhducfurniture.com\/de\/vietnam-moebel-lieferant-oem-und-odm-moebelherstellung\/\"},{\"@type\":\"ListItem\",\"position\":2,\"name\":\"Minh Duc Gesch\u00e4ftsphilosophie\"}]},{\"@type\":\"WebSite\",\"@id\":\"https:\/\/minhducfurniture.com\/de\/#website\",\"url\":\"https:\/\/minhducfurniture.com\/de\/\",\"name\":\"Minh Duc Furniture\",\"description\":\"Vietnam Furniture Supplier\",\"publisher\":{\"@id\":\"https:\/\/minhducfurniture.com\/de\/#organization\"},\"alternateName\":\"Vietnam Online Shop\",\"potentialAction\":[{\"@type\":\"SearchAction\",\"target\":{\"@type\":\"EntryPoint\",\"urlTemplate\":\"https:\/\/minhducfurniture.com\/de\/?s={search_term_string}\"},\"query-input\":{\"@type\":\"PropertyValueSpecification\",\"valueRequired\":true,\"valueName\":\"search_term_string\"}}],\"inLanguage\":\"de\"},{\"@type\":\"Organization\",\"@id\":\"https:\/\/minhducfurniture.com\/de\/#organization\",\"name\":\"Minh Duc Furniture\",\"alternateName\":\"Vietnam Furniture Export\",\"url\":\"https:\/\/minhducfurniture.com\/de\/\",\"logo\":{\"@type\":\"ImageObject\",\"inLanguage\":\"de\",\"@id\":\"https:\/\/minhducfurniture.com\/de\/#\/schema\/logo\/image\/\",\"url\":\"\",\"contentUrl\":\"\",\"caption\":\"Minh Duc Furniture\"},\"image\":{\"@id\":\"https:\/\/minhducfurniture.com\/de\/#\/schema\/logo\/image\/\"},\"sameAs\":[\"https:\/\/www.pinterest.com\/hienthaoshop\/pins\/\"]}]}<\/script>\n<!-- \/ Yoast SEO plugin. -->","yoast_head_json":{"title":"Minh Duc Gesch\u00e4ftsphilosophie - Minh Duc Furniture","description":"Wir glauben, dass M\u00f6bel mehr sind als nur ein Produkt - sie sind eine Verantwortung, Handwerkskunst und Vertrauen. Unsere Gesch\u00e4ftsphilosophie","robots":{"index":"index","follow":"follow","max-snippet":"max-snippet:-1","max-image-preview":"max-image-preview:large","max-video-preview":"max-video-preview:-1"},"canonical":"https:\/\/minhducfurniture.com\/de\/minh-duc-geschaeftsphilosophie\/","og_locale":"de_DE","og_type":"article","og_title":"Minh Duc Gesch\u00e4ftsphilosophie - Minh Duc Furniture","og_description":"Wir glauben, dass M\u00f6bel mehr sind als nur ein Produkt - sie sind eine Verantwortung, Handwerkskunst und Vertrauen. Unsere Gesch\u00e4ftsphilosophie","og_url":"https:\/\/minhducfurniture.com\/de\/minh-duc-geschaeftsphilosophie\/","og_site_name":"Minh Duc Furniture","article_modified_time":"2026-02-25T06:50:56+00:00","og_image":[{"width":800,"height":531,"url":"https:\/\/minhducfurniture.com\/wp-content\/uploads\/2025\/09\/Minh-Duc-Business-Philosophy.jpg","type":"image\/jpeg"}],"twitter_card":"summary_large_image","twitter_misc":{"Gesch\u00e4tzte Lesezeit":"1\u00a0Minute"},"schema":{"@context":"https:\/\/schema.org","@graph":[{"@type":"WebPage","@id":"https:\/\/minhducfurniture.com\/de\/minh-duc-geschaeftsphilosophie\/","url":"https:\/\/minhducfurniture.com\/de\/minh-duc-geschaeftsphilosophie\/","name":"Minh Duc Gesch\u00e4ftsphilosophie - Minh Duc Furniture","isPartOf":{"@id":"https:\/\/minhducfurniture.com\/de\/#website"},"primaryImageOfPage":{"@id":"https:\/\/minhducfurniture.com\/de\/minh-duc-geschaeftsphilosophie\/#primaryimage"},"image":{"@id":"https:\/\/minhducfurniture.com\/de\/minh-duc-geschaeftsphilosophie\/#primaryimage"},"thumbnailUrl":"https:\/\/minhducfurniture.com\/wp-content\/uploads\/2025\/09\/Minh-Duc-Business-Philosophy.jpg","datePublished":"2025-09-14T08:03:37+00:00","dateModified":"2026-02-25T06:50:56+00:00","description":"Wir glauben, dass M\u00f6bel mehr sind als nur ein Produkt - sie sind eine Verantwortung, Handwerkskunst und Vertrauen. Unsere Gesch\u00e4ftsphilosophie","breadcrumb":{"@id":"https:\/\/minhducfurniture.com\/de\/minh-duc-geschaeftsphilosophie\/#breadcrumb"},"inLanguage":"de","potentialAction":[{"@type":"ReadAction","target":["https:\/\/minhducfurniture.com\/de\/minh-duc-geschaeftsphilosophie\/"]}]},{"@type":"ImageObject","inLanguage":"de","@id":"https:\/\/minhducfurniture.com\/de\/minh-duc-geschaeftsphilosophie\/#primaryimage","url":"https:\/\/minhducfurniture.com\/wp-content\/uploads\/2025\/09\/Minh-Duc-Business-Philosophy.jpg","contentUrl":"https:\/\/minhducfurniture.com\/wp-content\/uploads\/2025\/09\/Minh-Duc-Business-Philosophy.jpg","width":800,"height":531,"caption":"Minh Duc Gesch\u00e4ftsphilosophie"},{"@type":"BreadcrumbList","@id":"https:\/\/minhducfurniture.com\/de\/minh-duc-geschaeftsphilosophie\/#breadcrumb","itemListElement":[{"@type":"ListItem","position":1,"name":"Home","item":"https:\/\/minhducfurniture.com\/de\/vietnam-moebel-lieferant-oem-und-odm-moebelherstellung\/"},{"@type":"ListItem","position":2,"name":"Minh Duc Gesch\u00e4ftsphilosophie"}]},{"@type":"WebSite","@id":"https:\/\/minhducfurniture.com\/de\/#website","url":"https:\/\/minhducfurniture.com\/de\/","name":"Minh Duc Furniture","description":"Vietnam Furniture Supplier","publisher":{"@id":"https:\/\/minhducfurniture.com\/de\/#organization"},"alternateName":"Vietnam Online Shop","potentialAction":[{"@type":"SearchAction","target":{"@type":"EntryPoint","urlTemplate":"https:\/\/minhducfurniture.com\/de\/?s={search_term_string}"},"query-input":{"@type":"PropertyValueSpecification","valueRequired":true,"valueName":"search_term_string"}}],"inLanguage":"de"},{"@type":"Organization","@id":"https:\/\/minhducfurniture.com\/de\/#organization","name":"Minh Duc Furniture","alternateName":"Vietnam Furniture Export","url":"https:\/\/minhducfurniture.com\/de\/","logo":{"@type":"ImageObject","inLanguage":"de","@id":"https:\/\/minhducfurniture.com\/de\/#\/schema\/logo\/image\/","url":"","contentUrl":"","caption":"Minh Duc Furniture"},"image":{"@id":"https:\/\/minhducfurniture.com\/de\/#\/schema\/logo\/image\/"},"sameAs":["https:\/\/www.pinterest.com\/hienthaoshop\/pins\/"]}]}},"_links":{"self":[{"href":"https:\/\/minhducfurniture.com\/de\/wp-json\/wp\/v2\/pages\/54844","targetHints":{"allow":["GET"]}}],"collection":[{"href":"https:\/\/minhducfurniture.com\/de\/wp-json\/wp\/v2\/pages"}],"about":[{"href":"https:\/\/minhducfurniture.com\/de\/wp-json\/wp\/v2\/types\/page"}],"author":[{"embeddable":true,"href":"https:\/\/minhducfurniture.com\/de\/wp-json\/wp\/v2\/users\/1"}],"replies":[{"embeddable":true,"href":"https:\/\/minhducfurniture.com\/de\/wp-json\/wp\/v2\/comments?post=54844"}],"version-history":[{"count":2,"href":"https:\/\/minhducfurniture.com\/de\/wp-json\/wp\/v2\/pages\/54844\/revisions"}],"predecessor-version":[{"id":54846,"href":"https:\/\/minhducfurniture.com\/de\/wp-json\/wp\/v2\/pages\/54844\/revisions\/54846"}],"wp:featuredmedia":[{"embeddable":true,"href":"https:\/\/minhducfurniture.com\/de\/wp-json\/wp\/v2\/media\/54843"}],"wp:attachment":[{"href":"https:\/\/minhducfurniture.com\/de\/wp-json\/wp\/v2\/media?parent=54844"}],"curies":[{"name":"wp","href":"https:\/\/api.w.org\/{rel}","templated":true}]}}