{"id":54838,"date":"2025-09-16T17:40:40","date_gmt":"2025-09-16T10:40:40","guid":{"rendered":"https:\/\/minhducfurniture.com\/ueber-uns\/"},"modified":"2026-02-25T13:49:57","modified_gmt":"2026-02-25T06:49:57","slug":"ueber-uns","status":"publish","type":"page","link":"https:\/\/minhducfurniture.com\/de\/ueber-uns\/","title":{"rendered":"\u00dcber uns"},"content":{"rendered":"<h1><span style=\"font-size: 90%;\">\u00dcber uns<\/span><\/h1>\n<div>\n<p>Minh Duc Public Furniture Co., Ltd. ist ein professioneller Hersteller und Lieferant von \u00f6ffentlichen und B\u00fcrom\u00f6beln in Vietnam. Mit modernen Einrichtungen und erfahrenen Ingenieuren liefern wir sowohl lose als auch feste M\u00f6bell\u00f6sungen, die internationalen Standards entsprechen. <\/p>\n<div>\n<p>Zu unseren Hauptprodukten geh\u00f6ren B\u00fcrotische und -st\u00fchle, Schulm\u00f6bel, H\u00f6rsaalst\u00fchle, Warteb\u00e4nke und ma\u00dfgeschneiderte Projektm\u00f6bel. Wir bieten auch OEM- und ODM-Dienstleistungen an, die Design, Stahlverarbeitung, Polsterung und internationalen Versand umfassen. <\/p>\n<div>\n<p>Minh Duc Furniture exportiert nach Europa, in die USA, nach Japan, Australien und in den Nahen Osten und bietet zuverl\u00e4ssige Qualit\u00e4t, wettbewerbsf\u00e4hige Preise und p\u00fcnktliche Lieferung. Unter dem Motto &#8222;Where Quality Meets Trust&#8220; (Wo Qualit\u00e4t auf Vertrauen trifft) verpflichten wir uns, dauerhafte Werte f\u00fcr unsere weltweiten Kunden zu schaffen. <\/p>\n<\/div>\n<figure id=\"attachment_54836\" aria-describedby=\"caption-attachment-54836\" style=\"width: 850px\" class=\"wp-caption aligncenter\"><img decoding=\"async\" class=\"size-full wp-image-52643\" src=\"https:\/\/minhducfurniture.com\/wp-content\/uploads\/2025\/08\/Outdoor-Garden-Bench-made-in-Vietnam-by-Minh-Duc.jpg\" alt=\"Gartenbank f\u00fcr drau\u00dfen aus Vietnam von Minh Duc\" width=\"850\" height=\"644\" srcset=\"https:\/\/minhducfurniture.com\/wp-content\/uploads\/2025\/08\/Outdoor-Garden-Bench-made-in-Vietnam-by-Minh-Duc.jpg 850w, https:\/\/minhducfurniture.com\/wp-content\/uploads\/2025\/08\/Outdoor-Garden-Bench-made-in-Vietnam-by-Minh-Duc-510x386.jpg 510w, https:\/\/minhducfurniture.com\/wp-content\/uploads\/2025\/08\/Outdoor-Garden-Bench-made-in-Vietnam-by-Minh-Duc-528x400.jpg 528w, https:\/\/minhducfurniture.com\/wp-content\/uploads\/2025\/08\/Outdoor-Garden-Bench-made-in-Vietnam-by-Minh-Duc-768x582.jpg 768w\" sizes=\"(max-width: 850px) 100vw, 850px\" \/><figcaption id=\"caption-attachment-54836\" class=\"wp-caption-text\">Gartenbank f\u00fcr drau\u00dfen aus Vietnam von Minh Duc<\/figcaption><\/figure>\n<\/div>\n<div>\n<h3>Unsere Hauptst\u00e4rke liegt in den Produktionsm\u00f6glichkeiten<\/h3>\n<ul>\n<li style=\"list-style-type: none;\">\n<ul>\n<li>Mechanische Teilefertigung &#8211; Pr\u00e4zisionsmetallrahmen und -strukturen.<\/li>\n<li>Polsterm\u00f6belveredelung &#8211; professioneller Stoff- und Lederbezug.<\/li>\n<li>Holzbearbeitung &#8211; feine Handwerkskunst mit hochwertigen Materialien.<\/li>\n<\/ul>\n<\/li>\n<\/ul>\n<p>Dar\u00fcber hinaus bietet Minh Duc einen ma\u00dfgeschneiderten Design-Service, der es uns erm\u00f6glicht, Ihre Ideen in praktische und marktreife M\u00f6belprodukte umzusetzen. Ganz gleich, ob Sie St\u00fchle, Tische, B\u00e4nke, Betten oder Schr\u00e4nke ben\u00f6tigen, wir k\u00f6nnen Ihnen L\u00f6sungen anbieten, die Haltbarkeit, Komfort und \u00c4sthetik miteinander verbinden. <\/p>\n<p>Mit strengen Qualit\u00e4tskontrollen, handwerklichem Geschick und starken Exportkapazit\u00e4ten ist Minh Duc zu einem vertrauensw\u00fcrdigen Partner f\u00fcr Kunden weltweit geworden. Wir sind bereit, Sie mit flexiblen Kooperationsmodellen zu unterst\u00fctzen &#8211; von der Verarbeitung von Teilkomponenten bis hin zur kompletten Herstellung von M\u00f6beln &#8211; alles, um Ihnen zu helfen, auf Ihrem Markt erfolgreich zu sein. <\/p>\n<\/div>\n<div>\n<h4>Nehmen Sie Kontakt mit uns auf<\/h4>\n<div>\n<div><a href=\"https:\/\/minhducfurniture.com\/de\/\"><b>MINH DUC PUBLIC FURNITURE CO.,LTD<\/b><\/a><\/div>\n<div>Adresse: Nr. 47\/2, Phu Do, Nam Tu Liem, Hanoi<\/div>\n<div>B\u00fcro: Villa H02-L11 An Phu, Duong Noi, Ha Dong, Hanoi<\/div>\n<div>Hotline\/ Zalo\/ Whatapp: +84 908314939.<\/div>\n<div>\t<div id=\"gap-1891919773\" class=\"gap-element clearfix\" style=\"display:block; height:auto;\">\n\t\t\n<style>\n#gap-1891919773 {\n  padding-top: 25px;\n}\n<\/style>\n\t<\/div>\n\t<\/div>\n<div><div class=\"social-icons share-icons share-row relative\" ><a href=\"whatsapp:\/\/send?text=%C3%9Cber%20uns - https:\/\/minhducfurniture.com\/de\/ueber-uns\/\" data-action=\"share\/whatsapp\/share\" class=\"icon primary button round tooltip whatsapp show-for-medium\" title=\"Auf WhatsApp teilen\" aria-label=\"Auf WhatsApp teilen\"><i class=\"icon-whatsapp\" aria-hidden=\"true\"><\/i><\/a><a href=\"https:\/\/www.facebook.com\/sharer.php?u=https:\/\/minhducfurniture.com\/de\/ueber-uns\/\" data-label=\"Facebook\" onclick=\"window.open(this.href,this.title,'width=500,height=500,top=300px,left=300px'); return false;\" target=\"_blank\" class=\"icon primary button round tooltip facebook\" title=\"Auf Facebook teilen\" aria-label=\"Auf Facebook teilen\" rel=\"noopener nofollow\"><i class=\"icon-facebook\" aria-hidden=\"true\"><\/i><\/a><a href=\"https:\/\/twitter.com\/share?url=https:\/\/minhducfurniture.com\/de\/ueber-uns\/\" onclick=\"window.open(this.href,this.title,'width=500,height=500,top=300px,left=300px'); return false;\" target=\"_blank\" class=\"icon primary button round tooltip twitter\" title=\"Auf Twitter teilen\" aria-label=\"Auf Twitter teilen\" rel=\"noopener nofollow\"><i class=\"icon-twitter\" aria-hidden=\"true\"><\/i><\/a><a href=\"mailto:?subject=%C3%9Cber%20uns&body=Schau%20dir%20das%20an%3A%20https%3A%2F%2Fminhducfurniture.com%2Fde%2Fueber-uns%2F\" class=\"icon primary button round tooltip email\" title=\"E-mail an einen Freund senden\" aria-label=\"E-mail an einen Freund senden\" rel=\"nofollow\"><i class=\"icon-envelop\" aria-hidden=\"true\"><\/i><\/a><a href=\"https:\/\/pinterest.com\/pin\/create\/button?url=https:\/\/minhducfurniture.com\/de\/ueber-uns\/&media=https:\/\/minhducfurniture.com\/wp-content\/uploads\/2025\/09\/About-us.jpg&description=%C3%9Cber%20uns\" onclick=\"window.open(this.href,this.title,'width=500,height=500,top=300px,left=300px'); return false;\" target=\"_blank\" class=\"icon primary button round tooltip pinterest\" title=\"Pinterest Pin erstellen\" aria-label=\"Pinterest Pin erstellen\" rel=\"noopener nofollow\"><i class=\"icon-pinterest\" aria-hidden=\"true\"><\/i><\/a><a href=\"https:\/\/www.linkedin.com\/shareArticle?mini=true&url=https:\/\/minhducfurniture.com\/de\/ueber-uns\/&title=%C3%9Cber%20uns\" onclick=\"window.open(this.href,this.title,'width=500,height=500,top=300px,left=300px'); return false;\" target=\"_blank\" class=\"icon primary button round tooltip linkedin\" title=\"Auf LinkedIn teilen\" aria-label=\"Auf LinkedIn teilen\" rel=\"noopener nofollow\"><i class=\"icon-linkedin\" aria-hidden=\"true\"><\/i><\/a><\/div><\/div>\n<\/div>\n<\/div>\n<\/div>\n","protected":false},"excerpt":{"rendered":"<p>\u00dcber uns Minh Duc Public Furniture Co., Ltd. ist ein professioneller Hersteller und Lieferant von \u00f6ffentlichen und B\u00fcrom\u00f6beln in Vietnam. Mit modernen Einrichtungen und erfahrenen Ingenieuren liefern wir sowohl lose als auch feste M\u00f6bell\u00f6sungen, die internationalen Standards entsprechen. Zu unseren Hauptprodukten geh\u00f6ren B\u00fcrotische und -st\u00fchle, Schulm\u00f6bel, H\u00f6rsaalst\u00fchle, Warteb\u00e4nke und ma\u00dfgeschneiderte Projektm\u00f6bel. Wir bieten auch OEM- [&#8230;]\n","protected":false},"author":1,"featured_media":54837,"parent":0,"menu_order":0,"comment_status":"closed","ping_status":"closed","template":"","meta":{"footnotes":""},"class_list":["post-54838","page","type-page","status-publish","has-post-thumbnail","hentry"],"yoast_head":"<!-- This site is optimized with the Yoast SEO plugin v27.0 - https:\/\/yoast.com\/product\/yoast-seo-wordpress\/ -->\n<title>\u00dcber uns - Minh Duc Furniture<\/title>\n<meta name=\"description\" content=\"\u00dcber uns: Minh Duc Public Furniture Co., Ltd. ist ein professioneller Hersteller und Lieferant von \u00f6ffentlichen und B\u00fcrom\u00f6beln in Vietnam.\" \/>\n<meta name=\"robots\" content=\"index, follow, max-snippet:-1, max-image-preview:large, max-video-preview:-1\" \/>\n<link rel=\"canonical\" href=\"https:\/\/minhducfurniture.com\/de\/ueber-uns\/\" \/>\n<meta property=\"og:locale\" content=\"de_DE\" \/>\n<meta property=\"og:type\" content=\"article\" \/>\n<meta property=\"og:title\" content=\"\u00dcber uns - Minh Duc Furniture\" \/>\n<meta property=\"og:description\" content=\"\u00dcber uns: Minh Duc Public Furniture Co., Ltd. ist ein professioneller Hersteller und Lieferant von \u00f6ffentlichen und B\u00fcrom\u00f6beln in Vietnam.\" \/>\n<meta property=\"og:url\" content=\"https:\/\/minhducfurniture.com\/de\/ueber-uns\/\" \/>\n<meta property=\"og:site_name\" content=\"Minh Duc Furniture\" \/>\n<meta property=\"article:modified_time\" content=\"2026-02-25T06:49:57+00:00\" \/>\n<meta property=\"og:image\" content=\"https:\/\/minhducfurniture.com\/wp-content\/uploads\/2025\/09\/About-us.jpg\" \/>\n\t<meta property=\"og:image:width\" content=\"750\" \/>\n\t<meta property=\"og:image:height\" content=\"514\" \/>\n\t<meta property=\"og:image:type\" content=\"image\/jpeg\" \/>\n<meta name=\"twitter:card\" content=\"summary_large_image\" \/>\n<meta name=\"twitter:label1\" content=\"Gesch\u00e4tzte Lesezeit\" \/>\n\t<meta name=\"twitter:data1\" content=\"2\u00a0Minuten\" \/>\n<script type=\"application\/ld+json\" class=\"yoast-schema-graph\">{\"@context\":\"https:\/\/schema.org\",\"@graph\":[{\"@type\":\"WebPage\",\"@id\":\"https:\/\/minhducfurniture.com\/de\/ueber-uns\/\",\"url\":\"https:\/\/minhducfurniture.com\/de\/ueber-uns\/\",\"name\":\"\u00dcber uns - Minh Duc Furniture\",\"isPartOf\":{\"@id\":\"https:\/\/minhducfurniture.com\/de\/#website\"},\"primaryImageOfPage\":{\"@id\":\"https:\/\/minhducfurniture.com\/de\/ueber-uns\/#primaryimage\"},\"image\":{\"@id\":\"https:\/\/minhducfurniture.com\/de\/ueber-uns\/#primaryimage\"},\"thumbnailUrl\":\"https:\/\/minhducfurniture.com\/wp-content\/uploads\/2025\/09\/About-us.jpg\",\"datePublished\":\"2025-09-16T10:40:40+00:00\",\"dateModified\":\"2026-02-25T06:49:57+00:00\",\"description\":\"\u00dcber uns: Minh Duc Public Furniture Co., Ltd. ist ein professioneller Hersteller und Lieferant von \u00f6ffentlichen und B\u00fcrom\u00f6beln in Vietnam.\",\"breadcrumb\":{\"@id\":\"https:\/\/minhducfurniture.com\/de\/ueber-uns\/#breadcrumb\"},\"inLanguage\":\"de\",\"potentialAction\":[{\"@type\":\"ReadAction\",\"target\":[\"https:\/\/minhducfurniture.com\/de\/ueber-uns\/\"]}]},{\"@type\":\"ImageObject\",\"inLanguage\":\"de\",\"@id\":\"https:\/\/minhducfurniture.com\/de\/ueber-uns\/#primaryimage\",\"url\":\"https:\/\/minhducfurniture.com\/wp-content\/uploads\/2025\/09\/About-us.jpg\",\"contentUrl\":\"https:\/\/minhducfurniture.com\/wp-content\/uploads\/2025\/09\/About-us.jpg\",\"width\":750,\"height\":514,\"caption\":\"\u00dcber uns\"},{\"@type\":\"BreadcrumbList\",\"@id\":\"https:\/\/minhducfurniture.com\/de\/ueber-uns\/#breadcrumb\",\"itemListElement\":[{\"@type\":\"ListItem\",\"position\":1,\"name\":\"Home\",\"item\":\"https:\/\/minhducfurniture.com\/de\/\"},{\"@type\":\"ListItem\",\"position\":2,\"name\":\"\u00dcber uns\"}]},{\"@type\":\"WebSite\",\"@id\":\"https:\/\/minhducfurniture.com\/de\/#website\",\"url\":\"https:\/\/minhducfurniture.com\/de\/\",\"name\":\"Minh Duc Furniture\",\"description\":\"Vietnam Furniture Supplier\",\"publisher\":{\"@id\":\"https:\/\/minhducfurniture.com\/de\/#organization\"},\"alternateName\":\"Vietnam Online Shop\",\"potentialAction\":[{\"@type\":\"SearchAction\",\"target\":{\"@type\":\"EntryPoint\",\"urlTemplate\":\"https:\/\/minhducfurniture.com\/de\/?s={search_term_string}\"},\"query-input\":{\"@type\":\"PropertyValueSpecification\",\"valueRequired\":true,\"valueName\":\"search_term_string\"}}],\"inLanguage\":\"de\"},{\"@type\":\"Organization\",\"@id\":\"https:\/\/minhducfurniture.com\/de\/#organization\",\"name\":\"Minh Duc Furniture\",\"alternateName\":\"Vietnam Furniture Export\",\"url\":\"https:\/\/minhducfurniture.com\/de\/\",\"logo\":{\"@type\":\"ImageObject\",\"inLanguage\":\"de\",\"@id\":\"https:\/\/minhducfurniture.com\/de\/#\/schema\/logo\/image\/\",\"url\":\"\",\"contentUrl\":\"\",\"caption\":\"Minh Duc Furniture\"},\"image\":{\"@id\":\"https:\/\/minhducfurniture.com\/de\/#\/schema\/logo\/image\/\"},\"sameAs\":[\"https:\/\/www.pinterest.com\/hienthaoshop\/pins\/\"]}]}<\/script>\n<!-- \/ Yoast SEO plugin. -->","yoast_head_json":{"title":"\u00dcber uns - Minh Duc Furniture","description":"\u00dcber uns: Minh Duc Public Furniture Co., Ltd. ist ein professioneller Hersteller und Lieferant von \u00f6ffentlichen und B\u00fcrom\u00f6beln in Vietnam.","robots":{"index":"index","follow":"follow","max-snippet":"max-snippet:-1","max-image-preview":"max-image-preview:large","max-video-preview":"max-video-preview:-1"},"canonical":"https:\/\/minhducfurniture.com\/de\/ueber-uns\/","og_locale":"de_DE","og_type":"article","og_title":"\u00dcber uns - Minh Duc Furniture","og_description":"\u00dcber uns: Minh Duc Public Furniture Co., Ltd. ist ein professioneller Hersteller und Lieferant von \u00f6ffentlichen und B\u00fcrom\u00f6beln in Vietnam.","og_url":"https:\/\/minhducfurniture.com\/de\/ueber-uns\/","og_site_name":"Minh Duc Furniture","article_modified_time":"2026-02-25T06:49:57+00:00","og_image":[{"width":750,"height":514,"url":"https:\/\/minhducfurniture.com\/wp-content\/uploads\/2025\/09\/About-us.jpg","type":"image\/jpeg"}],"twitter_card":"summary_large_image","twitter_misc":{"Gesch\u00e4tzte Lesezeit":"2\u00a0Minuten"},"schema":{"@context":"https:\/\/schema.org","@graph":[{"@type":"WebPage","@id":"https:\/\/minhducfurniture.com\/de\/ueber-uns\/","url":"https:\/\/minhducfurniture.com\/de\/ueber-uns\/","name":"\u00dcber uns - Minh Duc Furniture","isPartOf":{"@id":"https:\/\/minhducfurniture.com\/de\/#website"},"primaryImageOfPage":{"@id":"https:\/\/minhducfurniture.com\/de\/ueber-uns\/#primaryimage"},"image":{"@id":"https:\/\/minhducfurniture.com\/de\/ueber-uns\/#primaryimage"},"thumbnailUrl":"https:\/\/minhducfurniture.com\/wp-content\/uploads\/2025\/09\/About-us.jpg","datePublished":"2025-09-16T10:40:40+00:00","dateModified":"2026-02-25T06:49:57+00:00","description":"\u00dcber uns: Minh Duc Public Furniture Co., Ltd. ist ein professioneller Hersteller und Lieferant von \u00f6ffentlichen und B\u00fcrom\u00f6beln in Vietnam.","breadcrumb":{"@id":"https:\/\/minhducfurniture.com\/de\/ueber-uns\/#breadcrumb"},"inLanguage":"de","potentialAction":[{"@type":"ReadAction","target":["https:\/\/minhducfurniture.com\/de\/ueber-uns\/"]}]},{"@type":"ImageObject","inLanguage":"de","@id":"https:\/\/minhducfurniture.com\/de\/ueber-uns\/#primaryimage","url":"https:\/\/minhducfurniture.com\/wp-content\/uploads\/2025\/09\/About-us.jpg","contentUrl":"https:\/\/minhducfurniture.com\/wp-content\/uploads\/2025\/09\/About-us.jpg","width":750,"height":514,"caption":"\u00dcber uns"},{"@type":"BreadcrumbList","@id":"https:\/\/minhducfurniture.com\/de\/ueber-uns\/#breadcrumb","itemListElement":[{"@type":"ListItem","position":1,"name":"Home","item":"https:\/\/minhducfurniture.com\/de\/"},{"@type":"ListItem","position":2,"name":"\u00dcber uns"}]},{"@type":"WebSite","@id":"https:\/\/minhducfurniture.com\/de\/#website","url":"https:\/\/minhducfurniture.com\/de\/","name":"Minh Duc Furniture","description":"Vietnam Furniture Supplier","publisher":{"@id":"https:\/\/minhducfurniture.com\/de\/#organization"},"alternateName":"Vietnam Online Shop","potentialAction":[{"@type":"SearchAction","target":{"@type":"EntryPoint","urlTemplate":"https:\/\/minhducfurniture.com\/de\/?s={search_term_string}"},"query-input":{"@type":"PropertyValueSpecification","valueRequired":true,"valueName":"search_term_string"}}],"inLanguage":"de"},{"@type":"Organization","@id":"https:\/\/minhducfurniture.com\/de\/#organization","name":"Minh Duc Furniture","alternateName":"Vietnam Furniture Export","url":"https:\/\/minhducfurniture.com\/de\/","logo":{"@type":"ImageObject","inLanguage":"de","@id":"https:\/\/minhducfurniture.com\/de\/#\/schema\/logo\/image\/","url":"","contentUrl":"","caption":"Minh Duc Furniture"},"image":{"@id":"https:\/\/minhducfurniture.com\/de\/#\/schema\/logo\/image\/"},"sameAs":["https:\/\/www.pinterest.com\/hienthaoshop\/pins\/"]}]}},"_links":{"self":[{"href":"https:\/\/minhducfurniture.com\/de\/wp-json\/wp\/v2\/pages\/54838","targetHints":{"allow":["GET"]}}],"collection":[{"href":"https:\/\/minhducfurniture.com\/de\/wp-json\/wp\/v2\/pages"}],"about":[{"href":"https:\/\/minhducfurniture.com\/de\/wp-json\/wp\/v2\/types\/page"}],"author":[{"embeddable":true,"href":"https:\/\/minhducfurniture.com\/de\/wp-json\/wp\/v2\/users\/1"}],"replies":[{"embeddable":true,"href":"https:\/\/minhducfurniture.com\/de\/wp-json\/wp\/v2\/comments?post=54838"}],"version-history":[{"count":2,"href":"https:\/\/minhducfurniture.com\/de\/wp-json\/wp\/v2\/pages\/54838\/revisions"}],"predecessor-version":[{"id":54840,"href":"https:\/\/minhducfurniture.com\/de\/wp-json\/wp\/v2\/pages\/54838\/revisions\/54840"}],"wp:featuredmedia":[{"embeddable":true,"href":"https:\/\/minhducfurniture.com\/de\/wp-json\/wp\/v2\/media\/54837"}],"wp:attachment":[{"href":"https:\/\/minhducfurniture.com\/de\/wp-json\/wp\/v2\/media?parent=54838"}],"curies":[{"name":"wp","href":"https:\/\/api.w.org\/{rel}","templated":true}]}}