{"id":54822,"date":"2025-09-11T17:03:11","date_gmt":"2025-09-11T10:03:11","guid":{"rendered":"https:\/\/minhducfurniture.com\/dienstleistungen-in-der-moebelherstellung\/"},"modified":"2026-02-25T13:49:09","modified_gmt":"2026-02-25T06:49:09","slug":"dienstleistungen-in-der-moebelherstellung","status":"publish","type":"page","link":"https:\/\/minhducfurniture.com\/de\/dienstleistungen-in-der-moebelherstellung\/","title":{"rendered":"Dienstleistungen in der M\u00f6belherstellung"},"content":{"rendered":"<h2><span style=\"font-size: 90%\">M\u00f6belherstellung Dienstleistungen von Minh Duc<\/span><\/h2>\n<p>Minh Duc Public Furniture bietet umfassende <strong>Dienstleistungen im Bereich der M\u00f6belherstellung<\/strong> und bietet seinen Kunden eine Komplettl\u00f6sung vom Entwurf bis zum fertigen Produkt. Mit unserer voll ausgestatteten Fabrik sind wir in der Lage, jede Phase der Produktion zu steuern und sowohl Qualit\u00e4t als auch Effizienz zu gew\u00e4hrleisten. <\/p>\n<p><strong>Unsere Dienstleistungen umfassen<\/strong><\/p>\n<ul>\n<li>Metallverarbeitung &#8211; Pr\u00e4zisionsschneiden, Schwei\u00dfen und Pulverbeschichtung f\u00fcr starke und langlebige Stahlrahmen.<\/li>\n<li>Holzbearbeitung &#8211; Herstellung von hochwertigen Holzteilen mit modernen Maschinen und handwerklichem Geschick.<\/li>\n<li>Polster- und Schaumstoffarbeiten &#8211; professionelle Verarbeitung von Stoffen und Kissen f\u00fcr Komfort, Stil und dauerhafte Leistung.<\/li>\n<\/ul>\n<figure id=\"attachment_54820\" aria-describedby=\"caption-attachment-54820\" style=\"width: 800px\" class=\"wp-caption aligncenter\"><img decoding=\"async\" class=\"size-full wp-image-52881\" src=\"https:\/\/minhducfurniture.com\/wp-content\/uploads\/2025\/09\/Woodworking-factory.jpg\" alt=\"Holzverarbeitende Fabrik\" width=\"800\" height=\"528\" srcset=\"https:\/\/minhducfurniture.com\/wp-content\/uploads\/2025\/09\/Woodworking-factory.jpg 800w, https:\/\/minhducfurniture.com\/wp-content\/uploads\/2025\/09\/Woodworking-factory-510x337.jpg 510w, https:\/\/minhducfurniture.com\/wp-content\/uploads\/2025\/09\/Woodworking-factory-606x400.jpg 606w, https:\/\/minhducfurniture.com\/wp-content\/uploads\/2025\/09\/Woodworking-factory-768x507.jpg 768w\" sizes=\"(max-width: 800px) 100vw, 800px\" \/><figcaption id=\"caption-attachment-54820\" class=\"wp-caption-text\">Holzverarbeitende Fabrik<\/figcaption><\/figure>\n<p>Durch die Integration all dieser Prozesse im eigenen Haus garantiert Minh Duc kosteng\u00fcnstige, flexible OEM\/ODM-L\u00f6sungen mit strenger Qualit\u00e4tskontrolle und p\u00fcnktlicher Lieferung. Wir sind stolz darauf, ein vertrauensw\u00fcrdiger Partner f\u00fcr Kunden zu sein, die eine zuverl\u00e4ssige M\u00f6belherstellung und -verarbeitung suchen, die internationalen Standards entspricht. <\/p>\n<p>Wenn Sie mehr \u00fcber unser Verpackungs- und Versandverfahren erfahren m\u00f6chten, klicken Sie bitte <span style=\"color: #008080\"><a style=\"color: #008080\" href=\"https:\/\/minhducfurniture.com\/de\/einfacher-und-zuverlaessiger-internationaler-moebellieferservice\/\">hier<\/a><\/span> f\u00fcr Details<\/p>\n<p>Suchen Sie nach Informationen zu Produkten und anderen Dienstleistungen? Bitte besuchen Sie unsere <span style=\"color: #008080\"><a style=\"color: #008080\" href=\"https:\/\/minhducfurniture.com\/de\/\">HOME-SEITE<\/a><\/span><\/p>\n<div class=\"social-icons share-icons share-row relative\" ><a href=\"whatsapp:\/\/send?text=Dienstleistungen%20in%20der%20M%C3%B6belherstellung - https:\/\/minhducfurniture.com\/de\/dienstleistungen-in-der-moebelherstellung\/\" data-action=\"share\/whatsapp\/share\" class=\"icon primary button round tooltip whatsapp show-for-medium\" title=\"Auf WhatsApp teilen\" aria-label=\"Auf WhatsApp teilen\"><i class=\"icon-whatsapp\" aria-hidden=\"true\"><\/i><\/a><a href=\"https:\/\/www.facebook.com\/sharer.php?u=https:\/\/minhducfurniture.com\/de\/dienstleistungen-in-der-moebelherstellung\/\" data-label=\"Facebook\" onclick=\"window.open(this.href,this.title,'width=500,height=500,top=300px,left=300px'); return false;\" target=\"_blank\" class=\"icon primary button round tooltip facebook\" title=\"Auf Facebook teilen\" aria-label=\"Auf Facebook teilen\" rel=\"noopener nofollow\"><i class=\"icon-facebook\" aria-hidden=\"true\"><\/i><\/a><a href=\"https:\/\/twitter.com\/share?url=https:\/\/minhducfurniture.com\/de\/dienstleistungen-in-der-moebelherstellung\/\" onclick=\"window.open(this.href,this.title,'width=500,height=500,top=300px,left=300px'); return false;\" target=\"_blank\" class=\"icon primary button round tooltip twitter\" title=\"Auf Twitter teilen\" aria-label=\"Auf Twitter teilen\" rel=\"noopener nofollow\"><i class=\"icon-twitter\" aria-hidden=\"true\"><\/i><\/a><a href=\"mailto:?subject=Dienstleistungen%20in%20der%20M%C3%B6belherstellung&body=Schau%20dir%20das%20an%3A%20https%3A%2F%2Fminhducfurniture.com%2Fde%2Fdienstleistungen-in-der-moebelherstellung%2F\" class=\"icon primary button round tooltip email\" title=\"E-mail an einen Freund senden\" aria-label=\"E-mail an einen Freund senden\" rel=\"nofollow\"><i class=\"icon-envelop\" aria-hidden=\"true\"><\/i><\/a><a href=\"https:\/\/pinterest.com\/pin\/create\/button?url=https:\/\/minhducfurniture.com\/de\/dienstleistungen-in-der-moebelherstellung\/&media=https:\/\/minhducfurniture.com\/wp-content\/uploads\/2025\/09\/Furniture-Manufacturing-Services-by-Minh-Duc.jpg&description=Dienstleistungen%20in%20der%20M%C3%B6belherstellung\" onclick=\"window.open(this.href,this.title,'width=500,height=500,top=300px,left=300px'); return false;\" target=\"_blank\" class=\"icon primary button round tooltip pinterest\" title=\"Pinterest Pin erstellen\" aria-label=\"Pinterest Pin erstellen\" rel=\"noopener nofollow\"><i class=\"icon-pinterest\" aria-hidden=\"true\"><\/i><\/a><a href=\"https:\/\/www.linkedin.com\/shareArticle?mini=true&url=https:\/\/minhducfurniture.com\/de\/dienstleistungen-in-der-moebelherstellung\/&title=Dienstleistungen%20in%20der%20M%C3%B6belherstellung\" onclick=\"window.open(this.href,this.title,'width=500,height=500,top=300px,left=300px'); return false;\" target=\"_blank\" class=\"icon primary button round tooltip linkedin\" title=\"Auf LinkedIn teilen\" aria-label=\"Auf LinkedIn teilen\" rel=\"noopener nofollow\"><i class=\"icon-linkedin\" aria-hidden=\"true\"><\/i><\/a><\/div>\n","protected":false},"excerpt":{"rendered":"<p>M\u00f6belherstellung Dienstleistungen von Minh Duc Minh Duc Public Furniture bietet umfassende Dienstleistungen im Bereich der M\u00f6belherstellung und bietet seinen Kunden eine Komplettl\u00f6sung vom Entwurf bis zum fertigen Produkt. Mit unserer voll ausgestatteten Fabrik sind wir in der Lage, jede Phase der Produktion zu steuern und sowohl Qualit\u00e4t als auch Effizienz zu gew\u00e4hrleisten. Unsere Dienstleistungen umfassen [&#8230;]\n","protected":false},"author":1,"featured_media":54821,"parent":0,"menu_order":0,"comment_status":"closed","ping_status":"closed","template":"","meta":{"footnotes":""},"class_list":["post-54822","page","type-page","status-publish","has-post-thumbnail","hentry"],"yoast_head":"<!-- This site is optimized with the Yoast SEO plugin v27.0 - https:\/\/yoast.com\/product\/yoast-seo-wordpress\/ -->\n<title>Dienstleistungen in der M\u00f6belherstellung - Minh Duc Furniture<\/title>\n<meta name=\"description\" content=\"Minh Duc Public Furniture bietet umfassende Dienstleistungen im Bereich der M\u00f6belherstellung und bietet seinen Kunden eine Komplettl\u00f6sung vom Design\" \/>\n<meta name=\"robots\" content=\"index, follow, max-snippet:-1, max-image-preview:large, max-video-preview:-1\" \/>\n<link rel=\"canonical\" href=\"https:\/\/minhducfurniture.com\/de\/dienstleistungen-in-der-moebelherstellung\/\" \/>\n<meta property=\"og:locale\" content=\"de_DE\" \/>\n<meta property=\"og:type\" content=\"article\" \/>\n<meta property=\"og:title\" content=\"Dienstleistungen in der M\u00f6belherstellung - Minh Duc Furniture\" \/>\n<meta property=\"og:description\" content=\"Minh Duc Public Furniture bietet umfassende Dienstleistungen im Bereich der M\u00f6belherstellung und bietet seinen Kunden eine Komplettl\u00f6sung vom Design\" \/>\n<meta property=\"og:url\" content=\"https:\/\/minhducfurniture.com\/de\/dienstleistungen-in-der-moebelherstellung\/\" \/>\n<meta property=\"og:site_name\" content=\"Minh Duc Furniture\" \/>\n<meta property=\"article:modified_time\" content=\"2026-02-25T06:49:09+00:00\" \/>\n<meta property=\"og:image\" content=\"https:\/\/minhducfurniture.com\/wp-content\/uploads\/2025\/09\/Furniture-Manufacturing-Services-by-Minh-Duc.jpg\" \/>\n\t<meta property=\"og:image:width\" content=\"800\" \/>\n\t<meta property=\"og:image:height\" content=\"525\" \/>\n\t<meta property=\"og:image:type\" content=\"image\/jpeg\" \/>\n<meta name=\"twitter:card\" content=\"summary_large_image\" \/>\n<meta name=\"twitter:label1\" content=\"Gesch\u00e4tzte Lesezeit\" \/>\n\t<meta name=\"twitter:data1\" content=\"1\u00a0Minute\" \/>\n<script type=\"application\/ld+json\" class=\"yoast-schema-graph\">{\"@context\":\"https:\/\/schema.org\",\"@graph\":[{\"@type\":\"WebPage\",\"@id\":\"https:\/\/minhducfurniture.com\/de\/dienstleistungen-in-der-moebelherstellung\/\",\"url\":\"https:\/\/minhducfurniture.com\/de\/dienstleistungen-in-der-moebelherstellung\/\",\"name\":\"Dienstleistungen in der M\u00f6belherstellung - Minh Duc Furniture\",\"isPartOf\":{\"@id\":\"https:\/\/minhducfurniture.com\/de\/#website\"},\"primaryImageOfPage\":{\"@id\":\"https:\/\/minhducfurniture.com\/de\/dienstleistungen-in-der-moebelherstellung\/#primaryimage\"},\"image\":{\"@id\":\"https:\/\/minhducfurniture.com\/de\/dienstleistungen-in-der-moebelherstellung\/#primaryimage\"},\"thumbnailUrl\":\"https:\/\/minhducfurniture.com\/wp-content\/uploads\/2025\/09\/Furniture-Manufacturing-Services-by-Minh-Duc.jpg\",\"datePublished\":\"2025-09-11T10:03:11+00:00\",\"dateModified\":\"2026-02-25T06:49:09+00:00\",\"description\":\"Minh Duc Public Furniture bietet umfassende Dienstleistungen im Bereich der M\u00f6belherstellung und bietet seinen Kunden eine Komplettl\u00f6sung vom Design\",\"breadcrumb\":{\"@id\":\"https:\/\/minhducfurniture.com\/de\/dienstleistungen-in-der-moebelherstellung\/#breadcrumb\"},\"inLanguage\":\"de\",\"potentialAction\":[{\"@type\":\"ReadAction\",\"target\":[\"https:\/\/minhducfurniture.com\/de\/dienstleistungen-in-der-moebelherstellung\/\"]}]},{\"@type\":\"ImageObject\",\"inLanguage\":\"de\",\"@id\":\"https:\/\/minhducfurniture.com\/de\/dienstleistungen-in-der-moebelherstellung\/#primaryimage\",\"url\":\"https:\/\/minhducfurniture.com\/wp-content\/uploads\/2025\/09\/Furniture-Manufacturing-Services-by-Minh-Duc.jpg\",\"contentUrl\":\"https:\/\/minhducfurniture.com\/wp-content\/uploads\/2025\/09\/Furniture-Manufacturing-Services-by-Minh-Duc.jpg\",\"width\":800,\"height\":525,\"caption\":\"M\u00f6belherstellung Dienstleistungen von Minh Duc\"},{\"@type\":\"BreadcrumbList\",\"@id\":\"https:\/\/minhducfurniture.com\/de\/dienstleistungen-in-der-moebelherstellung\/#breadcrumb\",\"itemListElement\":[{\"@type\":\"ListItem\",\"position\":1,\"name\":\"Home\",\"item\":\"https:\/\/minhducfurniture.com\/de\/\"},{\"@type\":\"ListItem\",\"position\":2,\"name\":\"Dienstleistungen in der M\u00f6belherstellung\"}]},{\"@type\":\"WebSite\",\"@id\":\"https:\/\/minhducfurniture.com\/de\/#website\",\"url\":\"https:\/\/minhducfurniture.com\/de\/\",\"name\":\"Minh Duc Furniture\",\"description\":\"Vietnam Furniture Supplier\",\"publisher\":{\"@id\":\"https:\/\/minhducfurniture.com\/de\/#organization\"},\"alternateName\":\"Vietnam Online Shop\",\"potentialAction\":[{\"@type\":\"SearchAction\",\"target\":{\"@type\":\"EntryPoint\",\"urlTemplate\":\"https:\/\/minhducfurniture.com\/de\/?s={search_term_string}\"},\"query-input\":{\"@type\":\"PropertyValueSpecification\",\"valueRequired\":true,\"valueName\":\"search_term_string\"}}],\"inLanguage\":\"de\"},{\"@type\":\"Organization\",\"@id\":\"https:\/\/minhducfurniture.com\/de\/#organization\",\"name\":\"Minh Duc Furniture\",\"alternateName\":\"Vietnam Furniture Export\",\"url\":\"https:\/\/minhducfurniture.com\/de\/\",\"logo\":{\"@type\":\"ImageObject\",\"inLanguage\":\"de\",\"@id\":\"https:\/\/minhducfurniture.com\/de\/#\/schema\/logo\/image\/\",\"url\":\"\",\"contentUrl\":\"\",\"caption\":\"Minh Duc Furniture\"},\"image\":{\"@id\":\"https:\/\/minhducfurniture.com\/de\/#\/schema\/logo\/image\/\"},\"sameAs\":[\"https:\/\/www.pinterest.com\/hienthaoshop\/pins\/\"]}]}<\/script>\n<!-- \/ Yoast SEO plugin. -->","yoast_head_json":{"title":"Dienstleistungen in der M\u00f6belherstellung - Minh Duc Furniture","description":"Minh Duc Public Furniture bietet umfassende Dienstleistungen im Bereich der M\u00f6belherstellung und bietet seinen Kunden eine Komplettl\u00f6sung vom Design","robots":{"index":"index","follow":"follow","max-snippet":"max-snippet:-1","max-image-preview":"max-image-preview:large","max-video-preview":"max-video-preview:-1"},"canonical":"https:\/\/minhducfurniture.com\/de\/dienstleistungen-in-der-moebelherstellung\/","og_locale":"de_DE","og_type":"article","og_title":"Dienstleistungen in der M\u00f6belherstellung - Minh Duc Furniture","og_description":"Minh Duc Public Furniture bietet umfassende Dienstleistungen im Bereich der M\u00f6belherstellung und bietet seinen Kunden eine Komplettl\u00f6sung vom Design","og_url":"https:\/\/minhducfurniture.com\/de\/dienstleistungen-in-der-moebelherstellung\/","og_site_name":"Minh Duc Furniture","article_modified_time":"2026-02-25T06:49:09+00:00","og_image":[{"width":800,"height":525,"url":"https:\/\/minhducfurniture.com\/wp-content\/uploads\/2025\/09\/Furniture-Manufacturing-Services-by-Minh-Duc.jpg","type":"image\/jpeg"}],"twitter_card":"summary_large_image","twitter_misc":{"Gesch\u00e4tzte Lesezeit":"1\u00a0Minute"},"schema":{"@context":"https:\/\/schema.org","@graph":[{"@type":"WebPage","@id":"https:\/\/minhducfurniture.com\/de\/dienstleistungen-in-der-moebelherstellung\/","url":"https:\/\/minhducfurniture.com\/de\/dienstleistungen-in-der-moebelherstellung\/","name":"Dienstleistungen in der M\u00f6belherstellung - Minh Duc Furniture","isPartOf":{"@id":"https:\/\/minhducfurniture.com\/de\/#website"},"primaryImageOfPage":{"@id":"https:\/\/minhducfurniture.com\/de\/dienstleistungen-in-der-moebelherstellung\/#primaryimage"},"image":{"@id":"https:\/\/minhducfurniture.com\/de\/dienstleistungen-in-der-moebelherstellung\/#primaryimage"},"thumbnailUrl":"https:\/\/minhducfurniture.com\/wp-content\/uploads\/2025\/09\/Furniture-Manufacturing-Services-by-Minh-Duc.jpg","datePublished":"2025-09-11T10:03:11+00:00","dateModified":"2026-02-25T06:49:09+00:00","description":"Minh Duc Public Furniture bietet umfassende Dienstleistungen im Bereich der M\u00f6belherstellung und bietet seinen Kunden eine Komplettl\u00f6sung vom Design","breadcrumb":{"@id":"https:\/\/minhducfurniture.com\/de\/dienstleistungen-in-der-moebelherstellung\/#breadcrumb"},"inLanguage":"de","potentialAction":[{"@type":"ReadAction","target":["https:\/\/minhducfurniture.com\/de\/dienstleistungen-in-der-moebelherstellung\/"]}]},{"@type":"ImageObject","inLanguage":"de","@id":"https:\/\/minhducfurniture.com\/de\/dienstleistungen-in-der-moebelherstellung\/#primaryimage","url":"https:\/\/minhducfurniture.com\/wp-content\/uploads\/2025\/09\/Furniture-Manufacturing-Services-by-Minh-Duc.jpg","contentUrl":"https:\/\/minhducfurniture.com\/wp-content\/uploads\/2025\/09\/Furniture-Manufacturing-Services-by-Minh-Duc.jpg","width":800,"height":525,"caption":"M\u00f6belherstellung Dienstleistungen von Minh Duc"},{"@type":"BreadcrumbList","@id":"https:\/\/minhducfurniture.com\/de\/dienstleistungen-in-der-moebelherstellung\/#breadcrumb","itemListElement":[{"@type":"ListItem","position":1,"name":"Home","item":"https:\/\/minhducfurniture.com\/de\/"},{"@type":"ListItem","position":2,"name":"Dienstleistungen in der M\u00f6belherstellung"}]},{"@type":"WebSite","@id":"https:\/\/minhducfurniture.com\/de\/#website","url":"https:\/\/minhducfurniture.com\/de\/","name":"Minh Duc Furniture","description":"Vietnam Furniture Supplier","publisher":{"@id":"https:\/\/minhducfurniture.com\/de\/#organization"},"alternateName":"Vietnam Online Shop","potentialAction":[{"@type":"SearchAction","target":{"@type":"EntryPoint","urlTemplate":"https:\/\/minhducfurniture.com\/de\/?s={search_term_string}"},"query-input":{"@type":"PropertyValueSpecification","valueRequired":true,"valueName":"search_term_string"}}],"inLanguage":"de"},{"@type":"Organization","@id":"https:\/\/minhducfurniture.com\/de\/#organization","name":"Minh Duc Furniture","alternateName":"Vietnam Furniture Export","url":"https:\/\/minhducfurniture.com\/de\/","logo":{"@type":"ImageObject","inLanguage":"de","@id":"https:\/\/minhducfurniture.com\/de\/#\/schema\/logo\/image\/","url":"","contentUrl":"","caption":"Minh Duc Furniture"},"image":{"@id":"https:\/\/minhducfurniture.com\/de\/#\/schema\/logo\/image\/"},"sameAs":["https:\/\/www.pinterest.com\/hienthaoshop\/pins\/"]}]}},"_links":{"self":[{"href":"https:\/\/minhducfurniture.com\/de\/wp-json\/wp\/v2\/pages\/54822","targetHints":{"allow":["GET"]}}],"collection":[{"href":"https:\/\/minhducfurniture.com\/de\/wp-json\/wp\/v2\/pages"}],"about":[{"href":"https:\/\/minhducfurniture.com\/de\/wp-json\/wp\/v2\/types\/page"}],"author":[{"embeddable":true,"href":"https:\/\/minhducfurniture.com\/de\/wp-json\/wp\/v2\/users\/1"}],"replies":[{"embeddable":true,"href":"https:\/\/minhducfurniture.com\/de\/wp-json\/wp\/v2\/comments?post=54822"}],"version-history":[{"count":4,"href":"https:\/\/minhducfurniture.com\/de\/wp-json\/wp\/v2\/pages\/54822\/revisions"}],"predecessor-version":[{"id":54826,"href":"https:\/\/minhducfurniture.com\/de\/wp-json\/wp\/v2\/pages\/54822\/revisions\/54826"}],"wp:featuredmedia":[{"embeddable":true,"href":"https:\/\/minhducfurniture.com\/de\/wp-json\/wp\/v2\/media\/54821"}],"wp:attachment":[{"href":"https:\/\/minhducfurniture.com\/de\/wp-json\/wp\/v2\/media?parent=54822"}],"curies":[{"name":"wp","href":"https:\/\/api.w.org\/{rel}","templated":true}]}}