{"id":54813,"date":"2025-09-11T16:32:52","date_gmt":"2025-09-11T09:32:52","guid":{"rendered":"https:\/\/minhducfurniture.com\/massgeschneiderte-moebel-design-services\/"},"modified":"2026-02-25T13:49:09","modified_gmt":"2026-02-25T06:49:09","slug":"massgeschneiderte-moebel-design-services","status":"publish","type":"page","link":"https:\/\/minhducfurniture.com\/de\/massgeschneiderte-moebel-design-services\/","title":{"rendered":"Ma\u00dfgeschneiderte M\u00f6bel Design Services"},"content":{"rendered":"<h2><span style=\"font-size: 85%\">Ma\u00dfgeschneiderte M\u00f6beldesigns f\u00fcr B\u00fcros, Wohnungen und \u00f6ffentliche R\u00e4ume<\/span><\/h2>\n<div>Wir bei Minh Duc Public Furniture glauben, dass gut gestaltete M\u00f6bel ein besseres Leben und eine bessere Umgebung schaffen. Unser Unternehmen hat sich auf individuelle M\u00f6beldesigns und detaillierte Produktionszeichnungen f\u00fcr eine breite Palette von Produkten spezialisiert, darunter Wohn-, B\u00fcro- und \u00f6ffentliche M\u00f6bel. Mit unserem eigenen Fachwissen setzt unser Team Ideen in pr\u00e4zise technische Zeichnungen um und sorgt so f\u00fcr eine reibungslose Produktion und gleichbleibende Qualit\u00e4t.  <\/div>\n<div>\t<div id=\"gap-325842453\" class=\"gap-element clearfix\" style=\"display:block; height:auto;\">\n\t\t\n<style>\n#gap-325842453 {\n  padding-top: 15px;\n}\n<\/style>\n\t<\/div>\n\t<\/div>\n<div>Wir entwerfen ergonomische Schultische und -st\u00fchle, moderne B\u00fcrom\u00f6bel und stilvolle L\u00f6sungen f\u00fcr Ihr Zuhause, die Komfort, Haltbarkeit und \u00c4sthetik miteinander verbinden. Jedes Produkt wird sorgf\u00e4ltig auf Funktion und langfristige Nutzung hin entwickelt.   \t<div id=\"gap-162247219\" class=\"gap-element clearfix\" style=\"display:block; height:auto;\">\n\t\t\n<style>\n#gap-162247219 {\n  padding-top: 15px;\n}\n<\/style>\n\t<\/div>\n\t<\/div>\n<div><\/div>\n<div>\n<figure id=\"attachment_54811\" aria-describedby=\"caption-attachment-54811\" style=\"width: 800px\" class=\"wp-caption aligncenter\"><img decoding=\"async\" class=\"size-full wp-image-52863\" src=\"https:\/\/minhducfurniture.com\/wp-content\/uploads\/2025\/09\/Table-and-chair-design-for-a-restaurant.jpg\" alt=\"Tisch- und Stuhldesign f\u00fcr ein Restaurant\" width=\"800\" height=\"521\" srcset=\"https:\/\/minhducfurniture.com\/wp-content\/uploads\/2025\/09\/Table-and-chair-design-for-a-restaurant.jpg 800w, https:\/\/minhducfurniture.com\/wp-content\/uploads\/2025\/09\/Table-and-chair-design-for-a-restaurant-510x332.jpg 510w, https:\/\/minhducfurniture.com\/wp-content\/uploads\/2025\/09\/Table-and-chair-design-for-a-restaurant-614x400.jpg 614w, https:\/\/minhducfurniture.com\/wp-content\/uploads\/2025\/09\/Table-and-chair-design-for-a-restaurant-768x500.jpg 768w\" sizes=\"(max-width: 800px) 100vw, 800px\" \/><figcaption id=\"caption-attachment-54811\" class=\"wp-caption-text\">Tisch- und Stuhldesign f\u00fcr ein Restaurant<\/figcaption><\/figure>\n<\/div>\n<div>\n<h3>R\u00e4ume verwandeln mit innovativem M\u00f6beldesign<\/h3>\n<div>Mit innovativem Design, fortschrittlicher Fertigung und flexibler Anpassung hat sich Minh Duc Public Furniture dem Ziel verschrieben, zuverl\u00e4ssige L\u00f6sungen f\u00fcr lokale und internationale Kunden zu liefern. Ob f\u00fcr Schulen, B\u00fcros oder Privathaushalte &#8211; unser Ziel ist es, M\u00f6bel zu entwerfen, die das Leben, Lernen und Arbeiten der Menschen verbessern. <\/div>\n<\/div>\n<div>\t<div id=\"gap-1529451775\" class=\"gap-element clearfix\" style=\"display:block; height:auto;\">\n\t\t\n<style>\n#gap-1529451775 {\n  padding-top: 15px;\n}\n<\/style>\n\t<\/div>\n\t<\/div>\n<div>Mit innovativem Design, fortschrittlicher Fertigung und flexiblem OEM\/ODM-Service ist Minh Duc ein zuverl\u00e4ssiger Partner f\u00fcr Kunden, die zuverl\u00e4ssige M\u00f6bell\u00f6sungen suchen, die internationalen Standards entsprechen und die Art und Weise, wie Menschen leben, lernen und arbeiten, verbessern.<\/div>\n<div>\t<div id=\"gap-1487598332\" class=\"gap-element clearfix\" style=\"display:block; height:auto;\">\n\t\t\n<style>\n#gap-1487598332 {\n  padding-top: 15px;\n}\n<\/style>\n\t<\/div>\n\t<\/div>\n<div>Wenn Sie sich f\u00fcr uns entscheiden, k\u00f6nnen Sie sich voll und ganz auf unsere F\u00e4higkeit verlassen, <strong data-start=\"158\" data-end=\"208\">detaillierte M\u00f6belprodukte zu entwerfen und zu entwickeln<\/strong>. Wenn Sie mehr \u00fcber unser Know-how und unsere Fertigungskapazit\u00e4ten erfahren m\u00f6chten, klicken Sie bitte <span style=\"color: #008080\"><a style=\"color: #008080\" href=\"https:\/\/minhducfurniture.com\/de\/dienstleistungen-in-der-moebelherstellung\/\">hier<\/a><\/span> f\u00fcr weitere Informationen. <\/div>\n<div>\t<div id=\"gap-1799426832\" class=\"gap-element clearfix\" style=\"display:block; height:auto;\">\n\t\t\n<style>\n#gap-1799426832 {\n  padding-top: 15px;\n}\n<\/style>\n\t<\/div>\n\t<\/div>\n<div>Suchen Sie nach Informationen zu Produkten und anderen Dienstleistungen? Bitte besuchen Sie unsere <span style=\"color: #008080\"><a style=\"color: #008080\" href=\"https:\/\/minhducfurniture.com\/de\/\">HOME-SEITE<\/a><\/span>. <\/div>\n<div>\t<div id=\"gap-56939850\" class=\"gap-element clearfix\" style=\"display:block; height:auto;\">\n\t\t\n<style>\n#gap-56939850 {\n  padding-top: 15px;\n}\n<\/style>\n\t<\/div>\n\t<\/div>\n<div><div class=\"social-icons share-icons share-row relative\" ><a href=\"whatsapp:\/\/send?text=Ma%C3%9Fgeschneiderte%20M%C3%B6bel%20Design%20Services - https:\/\/minhducfurniture.com\/de\/massgeschneiderte-moebel-design-services\/\" data-action=\"share\/whatsapp\/share\" class=\"icon primary button round tooltip whatsapp show-for-medium\" title=\"Auf WhatsApp teilen\" aria-label=\"Auf WhatsApp teilen\"><i class=\"icon-whatsapp\" aria-hidden=\"true\"><\/i><\/a><a href=\"https:\/\/www.facebook.com\/sharer.php?u=https:\/\/minhducfurniture.com\/de\/massgeschneiderte-moebel-design-services\/\" data-label=\"Facebook\" onclick=\"window.open(this.href,this.title,'width=500,height=500,top=300px,left=300px'); return false;\" target=\"_blank\" class=\"icon primary button round tooltip facebook\" title=\"Auf Facebook teilen\" aria-label=\"Auf Facebook teilen\" rel=\"noopener nofollow\"><i class=\"icon-facebook\" aria-hidden=\"true\"><\/i><\/a><a href=\"https:\/\/twitter.com\/share?url=https:\/\/minhducfurniture.com\/de\/massgeschneiderte-moebel-design-services\/\" onclick=\"window.open(this.href,this.title,'width=500,height=500,top=300px,left=300px'); return false;\" target=\"_blank\" class=\"icon primary button round tooltip twitter\" title=\"Auf Twitter teilen\" aria-label=\"Auf Twitter teilen\" rel=\"noopener nofollow\"><i class=\"icon-twitter\" aria-hidden=\"true\"><\/i><\/a><a href=\"mailto:?subject=Ma%C3%9Fgeschneiderte%20M%C3%B6bel%20Design%20Services&body=Schau%20dir%20das%20an%3A%20https%3A%2F%2Fminhducfurniture.com%2Fde%2Fmassgeschneiderte-moebel-design-services%2F\" class=\"icon primary button round tooltip email\" title=\"E-mail an einen Freund senden\" aria-label=\"E-mail an einen Freund senden\" rel=\"nofollow\"><i class=\"icon-envelop\" aria-hidden=\"true\"><\/i><\/a><a href=\"https:\/\/pinterest.com\/pin\/create\/button?url=https:\/\/minhducfurniture.com\/de\/massgeschneiderte-moebel-design-services\/&media=https:\/\/minhducfurniture.com\/wp-content\/uploads\/2025\/09\/Custom-Furniture-Design-Services.jpg&description=Ma%C3%9Fgeschneiderte%20M%C3%B6bel%20Design%20Services\" onclick=\"window.open(this.href,this.title,'width=500,height=500,top=300px,left=300px'); return false;\" target=\"_blank\" class=\"icon primary button round tooltip pinterest\" title=\"Pinterest Pin erstellen\" aria-label=\"Pinterest Pin erstellen\" rel=\"noopener nofollow\"><i class=\"icon-pinterest\" aria-hidden=\"true\"><\/i><\/a><a href=\"https:\/\/www.linkedin.com\/shareArticle?mini=true&url=https:\/\/minhducfurniture.com\/de\/massgeschneiderte-moebel-design-services\/&title=Ma%C3%9Fgeschneiderte%20M%C3%B6bel%20Design%20Services\" onclick=\"window.open(this.href,this.title,'width=500,height=500,top=300px,left=300px'); return false;\" target=\"_blank\" class=\"icon primary button round tooltip linkedin\" title=\"Auf LinkedIn teilen\" aria-label=\"Auf LinkedIn teilen\" rel=\"noopener nofollow\"><i class=\"icon-linkedin\" aria-hidden=\"true\"><\/i><\/a><\/div><\/div>\n","protected":false},"excerpt":{"rendered":"<p>Ma\u00dfgeschneiderte M\u00f6beldesigns f\u00fcr B\u00fcros, Wohnungen und \u00f6ffentliche R\u00e4ume Wir bei Minh Duc Public Furniture glauben, dass gut gestaltete M\u00f6bel ein besseres Leben und eine bessere Umgebung schaffen. Unser Unternehmen hat sich auf individuelle M\u00f6beldesigns und detaillierte Produktionszeichnungen f\u00fcr eine breite Palette von Produkten spezialisiert, darunter Wohn-, B\u00fcro- und \u00f6ffentliche M\u00f6bel. Mit unserem eigenen Fachwissen setzt [&#8230;]\n","protected":false},"author":1,"featured_media":54812,"parent":0,"menu_order":0,"comment_status":"closed","ping_status":"closed","template":"","meta":{"footnotes":""},"class_list":["post-54813","page","type-page","status-publish","has-post-thumbnail","hentry"],"yoast_head":"<!-- This site is optimized with the Yoast SEO plugin v27.0 - https:\/\/yoast.com\/product\/yoast-seo-wordpress\/ -->\n<title>Ma\u00dfgeschneiderte M\u00f6bel Design Services - Minh Duc Furniture<\/title>\n<meta name=\"description\" content=\"Wir glauben, dass gut gestaltete M\u00f6bel ein besseres Leben und eine bessere Umgebung schaffen. Unser Unternehmen ist auf individuelle M\u00f6beldesigns spezialisiert\" \/>\n<meta name=\"robots\" content=\"index, follow, max-snippet:-1, max-image-preview:large, max-video-preview:-1\" \/>\n<link rel=\"canonical\" href=\"https:\/\/minhducfurniture.com\/de\/massgeschneiderte-moebel-design-services\/\" \/>\n<meta property=\"og:locale\" content=\"de_DE\" \/>\n<meta property=\"og:type\" content=\"article\" \/>\n<meta property=\"og:title\" content=\"Ma\u00dfgeschneiderte M\u00f6bel Design Services - Minh Duc Furniture\" \/>\n<meta property=\"og:description\" content=\"Wir glauben, dass gut gestaltete M\u00f6bel ein besseres Leben und eine bessere Umgebung schaffen. Unser Unternehmen ist auf individuelle M\u00f6beldesigns spezialisiert\" \/>\n<meta property=\"og:url\" content=\"https:\/\/minhducfurniture.com\/de\/massgeschneiderte-moebel-design-services\/\" \/>\n<meta property=\"og:site_name\" content=\"Minh Duc Furniture\" \/>\n<meta property=\"article:modified_time\" content=\"2026-02-25T06:49:09+00:00\" \/>\n<meta property=\"og:image\" content=\"https:\/\/minhducfurniture.com\/wp-content\/uploads\/2025\/09\/Custom-Furniture-Design-Services.jpg\" \/>\n\t<meta property=\"og:image:width\" content=\"750\" \/>\n\t<meta property=\"og:image:height\" content=\"605\" \/>\n\t<meta property=\"og:image:type\" content=\"image\/jpeg\" \/>\n<meta name=\"twitter:card\" content=\"summary_large_image\" \/>\n<meta name=\"twitter:label1\" content=\"Gesch\u00e4tzte Lesezeit\" \/>\n\t<meta name=\"twitter:data1\" content=\"2\u00a0Minuten\" \/>\n<script type=\"application\/ld+json\" class=\"yoast-schema-graph\">{\"@context\":\"https:\/\/schema.org\",\"@graph\":[{\"@type\":\"WebPage\",\"@id\":\"https:\/\/minhducfurniture.com\/de\/massgeschneiderte-moebel-design-services\/\",\"url\":\"https:\/\/minhducfurniture.com\/de\/massgeschneiderte-moebel-design-services\/\",\"name\":\"Ma\u00dfgeschneiderte M\u00f6bel Design Services - Minh Duc Furniture\",\"isPartOf\":{\"@id\":\"https:\/\/minhducfurniture.com\/de\/#website\"},\"primaryImageOfPage\":{\"@id\":\"https:\/\/minhducfurniture.com\/de\/massgeschneiderte-moebel-design-services\/#primaryimage\"},\"image\":{\"@id\":\"https:\/\/minhducfurniture.com\/de\/massgeschneiderte-moebel-design-services\/#primaryimage\"},\"thumbnailUrl\":\"https:\/\/minhducfurniture.com\/wp-content\/uploads\/2025\/09\/Custom-Furniture-Design-Services.jpg\",\"datePublished\":\"2025-09-11T09:32:52+00:00\",\"dateModified\":\"2026-02-25T06:49:09+00:00\",\"description\":\"Wir glauben, dass gut gestaltete M\u00f6bel ein besseres Leben und eine bessere Umgebung schaffen. Unser Unternehmen ist auf individuelle M\u00f6beldesigns spezialisiert\",\"breadcrumb\":{\"@id\":\"https:\/\/minhducfurniture.com\/de\/massgeschneiderte-moebel-design-services\/#breadcrumb\"},\"inLanguage\":\"de\",\"potentialAction\":[{\"@type\":\"ReadAction\",\"target\":[\"https:\/\/minhducfurniture.com\/de\/massgeschneiderte-moebel-design-services\/\"]}]},{\"@type\":\"ImageObject\",\"inLanguage\":\"de\",\"@id\":\"https:\/\/minhducfurniture.com\/de\/massgeschneiderte-moebel-design-services\/#primaryimage\",\"url\":\"https:\/\/minhducfurniture.com\/wp-content\/uploads\/2025\/09\/Custom-Furniture-Design-Services.jpg\",\"contentUrl\":\"https:\/\/minhducfurniture.com\/wp-content\/uploads\/2025\/09\/Custom-Furniture-Design-Services.jpg\",\"width\":750,\"height\":605,\"caption\":\"Ma\u00dfgeschneiderte M\u00f6bel Design Services\"},{\"@type\":\"BreadcrumbList\",\"@id\":\"https:\/\/minhducfurniture.com\/de\/massgeschneiderte-moebel-design-services\/#breadcrumb\",\"itemListElement\":[{\"@type\":\"ListItem\",\"position\":1,\"name\":\"Home\",\"item\":\"https:\/\/minhducfurniture.com\/de\/\"},{\"@type\":\"ListItem\",\"position\":2,\"name\":\"Ma\u00dfgeschneiderte M\u00f6bel Design Services\"}]},{\"@type\":\"WebSite\",\"@id\":\"https:\/\/minhducfurniture.com\/de\/#website\",\"url\":\"https:\/\/minhducfurniture.com\/de\/\",\"name\":\"Minh Duc Furniture\",\"description\":\"Vietnam Furniture Supplier\",\"publisher\":{\"@id\":\"https:\/\/minhducfurniture.com\/de\/#organization\"},\"alternateName\":\"Vietnam Online Shop\",\"potentialAction\":[{\"@type\":\"SearchAction\",\"target\":{\"@type\":\"EntryPoint\",\"urlTemplate\":\"https:\/\/minhducfurniture.com\/de\/?s={search_term_string}\"},\"query-input\":{\"@type\":\"PropertyValueSpecification\",\"valueRequired\":true,\"valueName\":\"search_term_string\"}}],\"inLanguage\":\"de\"},{\"@type\":\"Organization\",\"@id\":\"https:\/\/minhducfurniture.com\/de\/#organization\",\"name\":\"Minh Duc Furniture\",\"alternateName\":\"Vietnam Furniture Export\",\"url\":\"https:\/\/minhducfurniture.com\/de\/\",\"logo\":{\"@type\":\"ImageObject\",\"inLanguage\":\"de\",\"@id\":\"https:\/\/minhducfurniture.com\/de\/#\/schema\/logo\/image\/\",\"url\":\"\",\"contentUrl\":\"\",\"caption\":\"Minh Duc Furniture\"},\"image\":{\"@id\":\"https:\/\/minhducfurniture.com\/de\/#\/schema\/logo\/image\/\"},\"sameAs\":[\"https:\/\/www.pinterest.com\/hienthaoshop\/pins\/\"]}]}<\/script>\n<!-- \/ Yoast SEO plugin. -->","yoast_head_json":{"title":"Ma\u00dfgeschneiderte M\u00f6bel Design Services - Minh Duc Furniture","description":"Wir glauben, dass gut gestaltete M\u00f6bel ein besseres Leben und eine bessere Umgebung schaffen. Unser Unternehmen ist auf individuelle M\u00f6beldesigns spezialisiert","robots":{"index":"index","follow":"follow","max-snippet":"max-snippet:-1","max-image-preview":"max-image-preview:large","max-video-preview":"max-video-preview:-1"},"canonical":"https:\/\/minhducfurniture.com\/de\/massgeschneiderte-moebel-design-services\/","og_locale":"de_DE","og_type":"article","og_title":"Ma\u00dfgeschneiderte M\u00f6bel Design Services - Minh Duc Furniture","og_description":"Wir glauben, dass gut gestaltete M\u00f6bel ein besseres Leben und eine bessere Umgebung schaffen. Unser Unternehmen ist auf individuelle M\u00f6beldesigns spezialisiert","og_url":"https:\/\/minhducfurniture.com\/de\/massgeschneiderte-moebel-design-services\/","og_site_name":"Minh Duc Furniture","article_modified_time":"2026-02-25T06:49:09+00:00","og_image":[{"width":750,"height":605,"url":"https:\/\/minhducfurniture.com\/wp-content\/uploads\/2025\/09\/Custom-Furniture-Design-Services.jpg","type":"image\/jpeg"}],"twitter_card":"summary_large_image","twitter_misc":{"Gesch\u00e4tzte Lesezeit":"2\u00a0Minuten"},"schema":{"@context":"https:\/\/schema.org","@graph":[{"@type":"WebPage","@id":"https:\/\/minhducfurniture.com\/de\/massgeschneiderte-moebel-design-services\/","url":"https:\/\/minhducfurniture.com\/de\/massgeschneiderte-moebel-design-services\/","name":"Ma\u00dfgeschneiderte M\u00f6bel Design Services - Minh Duc Furniture","isPartOf":{"@id":"https:\/\/minhducfurniture.com\/de\/#website"},"primaryImageOfPage":{"@id":"https:\/\/minhducfurniture.com\/de\/massgeschneiderte-moebel-design-services\/#primaryimage"},"image":{"@id":"https:\/\/minhducfurniture.com\/de\/massgeschneiderte-moebel-design-services\/#primaryimage"},"thumbnailUrl":"https:\/\/minhducfurniture.com\/wp-content\/uploads\/2025\/09\/Custom-Furniture-Design-Services.jpg","datePublished":"2025-09-11T09:32:52+00:00","dateModified":"2026-02-25T06:49:09+00:00","description":"Wir glauben, dass gut gestaltete M\u00f6bel ein besseres Leben und eine bessere Umgebung schaffen. Unser Unternehmen ist auf individuelle M\u00f6beldesigns spezialisiert","breadcrumb":{"@id":"https:\/\/minhducfurniture.com\/de\/massgeschneiderte-moebel-design-services\/#breadcrumb"},"inLanguage":"de","potentialAction":[{"@type":"ReadAction","target":["https:\/\/minhducfurniture.com\/de\/massgeschneiderte-moebel-design-services\/"]}]},{"@type":"ImageObject","inLanguage":"de","@id":"https:\/\/minhducfurniture.com\/de\/massgeschneiderte-moebel-design-services\/#primaryimage","url":"https:\/\/minhducfurniture.com\/wp-content\/uploads\/2025\/09\/Custom-Furniture-Design-Services.jpg","contentUrl":"https:\/\/minhducfurniture.com\/wp-content\/uploads\/2025\/09\/Custom-Furniture-Design-Services.jpg","width":750,"height":605,"caption":"Ma\u00dfgeschneiderte M\u00f6bel Design Services"},{"@type":"BreadcrumbList","@id":"https:\/\/minhducfurniture.com\/de\/massgeschneiderte-moebel-design-services\/#breadcrumb","itemListElement":[{"@type":"ListItem","position":1,"name":"Home","item":"https:\/\/minhducfurniture.com\/de\/"},{"@type":"ListItem","position":2,"name":"Ma\u00dfgeschneiderte M\u00f6bel Design Services"}]},{"@type":"WebSite","@id":"https:\/\/minhducfurniture.com\/de\/#website","url":"https:\/\/minhducfurniture.com\/de\/","name":"Minh Duc Furniture","description":"Vietnam Furniture Supplier","publisher":{"@id":"https:\/\/minhducfurniture.com\/de\/#organization"},"alternateName":"Vietnam Online Shop","potentialAction":[{"@type":"SearchAction","target":{"@type":"EntryPoint","urlTemplate":"https:\/\/minhducfurniture.com\/de\/?s={search_term_string}"},"query-input":{"@type":"PropertyValueSpecification","valueRequired":true,"valueName":"search_term_string"}}],"inLanguage":"de"},{"@type":"Organization","@id":"https:\/\/minhducfurniture.com\/de\/#organization","name":"Minh Duc Furniture","alternateName":"Vietnam Furniture Export","url":"https:\/\/minhducfurniture.com\/de\/","logo":{"@type":"ImageObject","inLanguage":"de","@id":"https:\/\/minhducfurniture.com\/de\/#\/schema\/logo\/image\/","url":"","contentUrl":"","caption":"Minh Duc Furniture"},"image":{"@id":"https:\/\/minhducfurniture.com\/de\/#\/schema\/logo\/image\/"},"sameAs":["https:\/\/www.pinterest.com\/hienthaoshop\/pins\/"]}]}},"_links":{"self":[{"href":"https:\/\/minhducfurniture.com\/de\/wp-json\/wp\/v2\/pages\/54813","targetHints":{"allow":["GET"]}}],"collection":[{"href":"https:\/\/minhducfurniture.com\/de\/wp-json\/wp\/v2\/pages"}],"about":[{"href":"https:\/\/minhducfurniture.com\/de\/wp-json\/wp\/v2\/types\/page"}],"author":[{"embeddable":true,"href":"https:\/\/minhducfurniture.com\/de\/wp-json\/wp\/v2\/users\/1"}],"replies":[{"embeddable":true,"href":"https:\/\/minhducfurniture.com\/de\/wp-json\/wp\/v2\/comments?post=54813"}],"version-history":[{"count":5,"href":"https:\/\/minhducfurniture.com\/de\/wp-json\/wp\/v2\/pages\/54813\/revisions"}],"predecessor-version":[{"id":54828,"href":"https:\/\/minhducfurniture.com\/de\/wp-json\/wp\/v2\/pages\/54813\/revisions\/54828"}],"wp:featuredmedia":[{"embeddable":true,"href":"https:\/\/minhducfurniture.com\/de\/wp-json\/wp\/v2\/media\/54812"}],"wp:attachment":[{"href":"https:\/\/minhducfurniture.com\/de\/wp-json\/wp\/v2\/media?parent=54813"}],"curies":[{"name":"wp","href":"https:\/\/api.w.org\/{rel}","templated":true}]}}