{"id":54801,"date":"2025-09-11T18:21:08","date_gmt":"2025-09-11T11:21:08","guid":{"rendered":"https:\/\/minhducfurniture.com\/einfacher-und-zuverlaessiger-internationaler-moebellieferservice\/"},"modified":"2026-02-25T13:47:05","modified_gmt":"2026-02-25T06:47:05","slug":"einfacher-und-zuverlaessiger-internationaler-moebellieferservice","status":"publish","type":"page","link":"https:\/\/minhducfurniture.com\/de\/einfacher-und-zuverlaessiger-internationaler-moebellieferservice\/","title":{"rendered":"Einfacher und zuverl\u00e4ssiger internationaler M\u00f6bellieferservice"},"content":{"rendered":"<h2><span style=\"font-size: 90%\">Internationaler M\u00f6bellieferservice von Vietnam in die ganze Welt<\/span><\/h2>\n<p>Unser Ziel ist es, unsere Produkte in die ganze Welt zu exportieren. Deshalb haben wir einen starken internationalen M\u00f6bellieferservice f\u00fcr verschiedene Zielorte entwickelt. Wir m\u00f6chten den globalen M\u00f6belversand sicher, einfach und stressfrei machen. Mit jahrelanger Erfahrung im Export und in der Logistik sorgen wir daf\u00fcr, dass jedes Produkt unsere Kunden weltweit p\u00fcnktlich und in perfektem Zustand erreicht.  <\/p>\n<h3>Sichere Verpackung<\/h3>\n<p>Unsere M\u00f6bel werden sorgf\u00e4ltig mit internationalen Standardmaterialien wie Kartons, Luftpolsterfolie, PE-Schaum und PP-B\u00e4ndern verpackt. F\u00fcr schwere oder \u00fcbergro\u00dfe Produkte bieten wir ma\u00dfgeschneiderte Paletten und Holzkisten an, die Ihre Waren vor Kratzern, St\u00f6\u00dfen und Feuchtigkeit w\u00e4hrend des Transports \u00fcber lange Strecken sch\u00fctzen. <\/p>\n<figure id=\"attachment_54799\" aria-describedby=\"caption-attachment-54799\" style=\"width: 800px\" class=\"wp-caption aligncenter\"><img decoding=\"async\" class=\"size-full wp-image-52910\" src=\"https:\/\/minhducfurniture.com\/wp-content\/uploads\/2025\/09\/Multi-delivery-service-to-worldwide.jpg\" alt=\"Multi-Lieferservice in die ganze Welt\" width=\"800\" height=\"483\" srcset=\"https:\/\/minhducfurniture.com\/wp-content\/uploads\/2025\/09\/Multi-delivery-service-to-worldwide.jpg 800w, https:\/\/minhducfurniture.com\/wp-content\/uploads\/2025\/09\/Multi-delivery-service-to-worldwide-510x308.jpg 510w, https:\/\/minhducfurniture.com\/wp-content\/uploads\/2025\/09\/Multi-delivery-service-to-worldwide-663x400.jpg 663w, https:\/\/minhducfurniture.com\/wp-content\/uploads\/2025\/09\/Multi-delivery-service-to-worldwide-768x464.jpg 768w\" sizes=\"(max-width: 800px) 100vw, 800px\" \/><figcaption id=\"caption-attachment-54799\" class=\"wp-caption-text\">Multi-Lieferservice in die ganze Welt<\/figcaption><\/figure>\n<h4>Zuverl\u00e4ssiger globaler Versand<\/h4>\n<p>Durch Partnerschaften mit zuverl\u00e4ssigen Logistikanbietern verwalten wir weltweite Lieferungen auf dem See-, Luft- und Landweg. Von Vollcontainerladungen (FCL) bis hin zu Kleinstladungen (LCL) arrangieren wir die effizienteste und kosteng\u00fcnstigste Versandmethode f\u00fcr jedes Projekt. <\/p>\n<h4>Problemloser Prozess<\/h4>\n<p>Minh Duc k\u00fcmmert sich um alle Exportdokumente, Zollabfertigungen und Zertifikate, um einen reibungslosen Ablauf von unserer Fabrik in Vietnam bis zu Ihrem Zielort zu gew\u00e4hrleisten. Unser Ziel ist es, den internationalen M\u00f6beltransport f\u00fcr unsere Kunden einfach, zuverl\u00e4ssig und sorgenfrei zu gestalten. Wenn Sie bei uns bestellen, k\u00f6nnen Sie sich darauf verlassen, dass der Versand problemlos abgewickelt wird. Wir machen den Prozess einfach, schnell und sicher.   <\/p>\n<p>Wenn Sie weitere Informationen \u00fcber unsere Produkte und Dienstleistungen ben\u00f6tigen, besuchen Sie bitte unsere <span style=\"color: #008080\"><a style=\"color: #008080\" href=\"https:\/\/minhducfurniture.com\/de\/\">HOME-SEITE<\/a><\/span>. Vielen Dank f\u00fcr Ihre Zeit bei uns.<\/p>\n<div class=\"social-icons share-icons share-row relative\" ><a href=\"whatsapp:\/\/send?text=Einfacher%20und%20zuverl%C3%A4ssiger%20internationaler%20M%C3%B6bellieferservice - https:\/\/minhducfurniture.com\/de\/einfacher-und-zuverlaessiger-internationaler-moebellieferservice\/\" data-action=\"share\/whatsapp\/share\" class=\"icon primary button round tooltip whatsapp show-for-medium\" title=\"Auf WhatsApp teilen\" aria-label=\"Auf WhatsApp teilen\"><i class=\"icon-whatsapp\" aria-hidden=\"true\"><\/i><\/a><a href=\"https:\/\/www.facebook.com\/sharer.php?u=https:\/\/minhducfurniture.com\/de\/einfacher-und-zuverlaessiger-internationaler-moebellieferservice\/\" data-label=\"Facebook\" onclick=\"window.open(this.href,this.title,'width=500,height=500,top=300px,left=300px'); return false;\" target=\"_blank\" class=\"icon primary button round tooltip facebook\" title=\"Auf Facebook teilen\" aria-label=\"Auf Facebook teilen\" rel=\"noopener nofollow\"><i class=\"icon-facebook\" aria-hidden=\"true\"><\/i><\/a><a href=\"https:\/\/twitter.com\/share?url=https:\/\/minhducfurniture.com\/de\/einfacher-und-zuverlaessiger-internationaler-moebellieferservice\/\" onclick=\"window.open(this.href,this.title,'width=500,height=500,top=300px,left=300px'); return false;\" target=\"_blank\" class=\"icon primary button round tooltip twitter\" title=\"Auf Twitter teilen\" aria-label=\"Auf Twitter teilen\" rel=\"noopener nofollow\"><i class=\"icon-twitter\" aria-hidden=\"true\"><\/i><\/a><a href=\"mailto:?subject=Einfacher%20und%20zuverl%C3%A4ssiger%20internationaler%20M%C3%B6bellieferservice&body=Schau%20dir%20das%20an%3A%20https%3A%2F%2Fminhducfurniture.com%2Fde%2Feinfacher-und-zuverlaessiger-internationaler-moebellieferservice%2F\" class=\"icon primary button round tooltip email\" title=\"E-mail an einen Freund senden\" aria-label=\"E-mail an einen Freund senden\" rel=\"nofollow\"><i class=\"icon-envelop\" aria-hidden=\"true\"><\/i><\/a><a href=\"https:\/\/pinterest.com\/pin\/create\/button?url=https:\/\/minhducfurniture.com\/de\/einfacher-und-zuverlaessiger-internationaler-moebellieferservice\/&media=https:\/\/minhducfurniture.com\/wp-content\/uploads\/2025\/09\/International-Furniture-Delivery-Service.jpg&description=Einfacher%20und%20zuverl%C3%A4ssiger%20internationaler%20M%C3%B6bellieferservice\" onclick=\"window.open(this.href,this.title,'width=500,height=500,top=300px,left=300px'); return false;\" target=\"_blank\" class=\"icon primary button round tooltip pinterest\" title=\"Pinterest Pin erstellen\" aria-label=\"Pinterest Pin erstellen\" rel=\"noopener nofollow\"><i class=\"icon-pinterest\" aria-hidden=\"true\"><\/i><\/a><a href=\"https:\/\/www.linkedin.com\/shareArticle?mini=true&url=https:\/\/minhducfurniture.com\/de\/einfacher-und-zuverlaessiger-internationaler-moebellieferservice\/&title=Einfacher%20und%20zuverl%C3%A4ssiger%20internationaler%20M%C3%B6bellieferservice\" onclick=\"window.open(this.href,this.title,'width=500,height=500,top=300px,left=300px'); return false;\" target=\"_blank\" class=\"icon primary button round tooltip linkedin\" title=\"Auf LinkedIn teilen\" aria-label=\"Auf LinkedIn teilen\" rel=\"noopener nofollow\"><i class=\"icon-linkedin\" aria-hidden=\"true\"><\/i><\/a><\/div>\n","protected":false},"excerpt":{"rendered":"<p>Internationaler M\u00f6bellieferservice von Vietnam in die ganze Welt Unser Ziel ist es, unsere Produkte in die ganze Welt zu exportieren. Deshalb haben wir einen starken internationalen M\u00f6bellieferservice f\u00fcr verschiedene Zielorte entwickelt. Wir m\u00f6chten den globalen M\u00f6belversand sicher, einfach und stressfrei machen. Mit jahrelanger Erfahrung im Export und in der Logistik sorgen wir daf\u00fcr, dass jedes [&#8230;]\n","protected":false},"author":1,"featured_media":54800,"parent":0,"menu_order":0,"comment_status":"closed","ping_status":"closed","template":"","meta":{"footnotes":""},"class_list":["post-54801","page","type-page","status-publish","has-post-thumbnail","hentry"],"yoast_head":"<!-- This site is optimized with the Yoast SEO plugin v27.0 - https:\/\/yoast.com\/product\/yoast-seo-wordpress\/ -->\n<title>Einfacher und zuverl\u00e4ssiger internationaler M\u00f6bellieferservice - Minh Duc Furniture<\/title>\n<meta name=\"description\" content=\"Unser Ziel ist es, unsere Produkte weltweit zu exportieren. Deshalb haben wir einen starken internationalen M\u00f6bellieferservice entwickelt.\" \/>\n<meta name=\"robots\" content=\"index, follow, max-snippet:-1, max-image-preview:large, max-video-preview:-1\" \/>\n<link rel=\"canonical\" href=\"https:\/\/minhducfurniture.com\/de\/einfacher-und-zuverlaessiger-internationaler-moebellieferservice\/\" \/>\n<meta property=\"og:locale\" content=\"de_DE\" \/>\n<meta property=\"og:type\" content=\"article\" \/>\n<meta property=\"og:title\" content=\"Einfacher und zuverl\u00e4ssiger internationaler M\u00f6bellieferservice - Minh Duc Furniture\" \/>\n<meta property=\"og:description\" content=\"Unser Ziel ist es, unsere Produkte weltweit zu exportieren. Deshalb haben wir einen starken internationalen M\u00f6bellieferservice entwickelt.\" \/>\n<meta property=\"og:url\" content=\"https:\/\/minhducfurniture.com\/de\/einfacher-und-zuverlaessiger-internationaler-moebellieferservice\/\" \/>\n<meta property=\"og:site_name\" content=\"Minh Duc Furniture\" \/>\n<meta property=\"article:modified_time\" content=\"2026-02-25T06:47:05+00:00\" \/>\n<meta property=\"og:image\" content=\"https:\/\/minhducfurniture.com\/wp-content\/uploads\/2025\/09\/International-Furniture-Delivery-Service.jpg\" \/>\n\t<meta property=\"og:image:width\" content=\"700\" \/>\n\t<meta property=\"og:image:height\" content=\"515\" \/>\n\t<meta property=\"og:image:type\" content=\"image\/jpeg\" \/>\n<meta name=\"twitter:card\" content=\"summary_large_image\" \/>\n<meta name=\"twitter:label1\" content=\"Gesch\u00e4tzte Lesezeit\" \/>\n\t<meta name=\"twitter:data1\" content=\"1\u00a0Minute\" \/>\n<script type=\"application\/ld+json\" class=\"yoast-schema-graph\">{\"@context\":\"https:\/\/schema.org\",\"@graph\":[{\"@type\":\"WebPage\",\"@id\":\"https:\/\/minhducfurniture.com\/de\/einfacher-und-zuverlaessiger-internationaler-moebellieferservice\/\",\"url\":\"https:\/\/minhducfurniture.com\/de\/einfacher-und-zuverlaessiger-internationaler-moebellieferservice\/\",\"name\":\"Einfacher und zuverl\u00e4ssiger internationaler M\u00f6bellieferservice - Minh Duc Furniture\",\"isPartOf\":{\"@id\":\"https:\/\/minhducfurniture.com\/de\/#website\"},\"primaryImageOfPage\":{\"@id\":\"https:\/\/minhducfurniture.com\/de\/einfacher-und-zuverlaessiger-internationaler-moebellieferservice\/#primaryimage\"},\"image\":{\"@id\":\"https:\/\/minhducfurniture.com\/de\/einfacher-und-zuverlaessiger-internationaler-moebellieferservice\/#primaryimage\"},\"thumbnailUrl\":\"https:\/\/minhducfurniture.com\/wp-content\/uploads\/2025\/09\/International-Furniture-Delivery-Service.jpg\",\"datePublished\":\"2025-09-11T11:21:08+00:00\",\"dateModified\":\"2026-02-25T06:47:05+00:00\",\"description\":\"Unser Ziel ist es, unsere Produkte weltweit zu exportieren. Deshalb haben wir einen starken internationalen M\u00f6bellieferservice entwickelt.\",\"breadcrumb\":{\"@id\":\"https:\/\/minhducfurniture.com\/de\/einfacher-und-zuverlaessiger-internationaler-moebellieferservice\/#breadcrumb\"},\"inLanguage\":\"de\",\"potentialAction\":[{\"@type\":\"ReadAction\",\"target\":[\"https:\/\/minhducfurniture.com\/de\/einfacher-und-zuverlaessiger-internationaler-moebellieferservice\/\"]}]},{\"@type\":\"ImageObject\",\"inLanguage\":\"de\",\"@id\":\"https:\/\/minhducfurniture.com\/de\/einfacher-und-zuverlaessiger-internationaler-moebellieferservice\/#primaryimage\",\"url\":\"https:\/\/minhducfurniture.com\/wp-content\/uploads\/2025\/09\/International-Furniture-Delivery-Service.jpg\",\"contentUrl\":\"https:\/\/minhducfurniture.com\/wp-content\/uploads\/2025\/09\/International-Furniture-Delivery-Service.jpg\",\"width\":700,\"height\":515,\"caption\":\"Internationaler M\u00f6bel-Lieferservice\"},{\"@type\":\"BreadcrumbList\",\"@id\":\"https:\/\/minhducfurniture.com\/de\/einfacher-und-zuverlaessiger-internationaler-moebellieferservice\/#breadcrumb\",\"itemListElement\":[{\"@type\":\"ListItem\",\"position\":1,\"name\":\"Home\",\"item\":\"https:\/\/minhducfurniture.com\/de\/\"},{\"@type\":\"ListItem\",\"position\":2,\"name\":\"Einfacher und zuverl\u00e4ssiger internationaler M\u00f6bellieferservice\"}]},{\"@type\":\"WebSite\",\"@id\":\"https:\/\/minhducfurniture.com\/de\/#website\",\"url\":\"https:\/\/minhducfurniture.com\/de\/\",\"name\":\"Minh Duc Furniture\",\"description\":\"Vietnam Furniture Supplier\",\"publisher\":{\"@id\":\"https:\/\/minhducfurniture.com\/de\/#organization\"},\"alternateName\":\"Vietnam Online Shop\",\"potentialAction\":[{\"@type\":\"SearchAction\",\"target\":{\"@type\":\"EntryPoint\",\"urlTemplate\":\"https:\/\/minhducfurniture.com\/de\/?s={search_term_string}\"},\"query-input\":{\"@type\":\"PropertyValueSpecification\",\"valueRequired\":true,\"valueName\":\"search_term_string\"}}],\"inLanguage\":\"de\"},{\"@type\":\"Organization\",\"@id\":\"https:\/\/minhducfurniture.com\/de\/#organization\",\"name\":\"Minh Duc Furniture\",\"alternateName\":\"Vietnam Furniture Export\",\"url\":\"https:\/\/minhducfurniture.com\/de\/\",\"logo\":{\"@type\":\"ImageObject\",\"inLanguage\":\"de\",\"@id\":\"https:\/\/minhducfurniture.com\/de\/#\/schema\/logo\/image\/\",\"url\":\"\",\"contentUrl\":\"\",\"caption\":\"Minh Duc Furniture\"},\"image\":{\"@id\":\"https:\/\/minhducfurniture.com\/de\/#\/schema\/logo\/image\/\"},\"sameAs\":[\"https:\/\/www.pinterest.com\/hienthaoshop\/pins\/\"]}]}<\/script>\n<!-- \/ Yoast SEO plugin. -->","yoast_head_json":{"title":"Einfacher und zuverl\u00e4ssiger internationaler M\u00f6bellieferservice - Minh Duc Furniture","description":"Unser Ziel ist es, unsere Produkte weltweit zu exportieren. Deshalb haben wir einen starken internationalen M\u00f6bellieferservice entwickelt.","robots":{"index":"index","follow":"follow","max-snippet":"max-snippet:-1","max-image-preview":"max-image-preview:large","max-video-preview":"max-video-preview:-1"},"canonical":"https:\/\/minhducfurniture.com\/de\/einfacher-und-zuverlaessiger-internationaler-moebellieferservice\/","og_locale":"de_DE","og_type":"article","og_title":"Einfacher und zuverl\u00e4ssiger internationaler M\u00f6bellieferservice - Minh Duc Furniture","og_description":"Unser Ziel ist es, unsere Produkte weltweit zu exportieren. Deshalb haben wir einen starken internationalen M\u00f6bellieferservice entwickelt.","og_url":"https:\/\/minhducfurniture.com\/de\/einfacher-und-zuverlaessiger-internationaler-moebellieferservice\/","og_site_name":"Minh Duc Furniture","article_modified_time":"2026-02-25T06:47:05+00:00","og_image":[{"width":700,"height":515,"url":"https:\/\/minhducfurniture.com\/wp-content\/uploads\/2025\/09\/International-Furniture-Delivery-Service.jpg","type":"image\/jpeg"}],"twitter_card":"summary_large_image","twitter_misc":{"Gesch\u00e4tzte Lesezeit":"1\u00a0Minute"},"schema":{"@context":"https:\/\/schema.org","@graph":[{"@type":"WebPage","@id":"https:\/\/minhducfurniture.com\/de\/einfacher-und-zuverlaessiger-internationaler-moebellieferservice\/","url":"https:\/\/minhducfurniture.com\/de\/einfacher-und-zuverlaessiger-internationaler-moebellieferservice\/","name":"Einfacher und zuverl\u00e4ssiger internationaler M\u00f6bellieferservice - Minh Duc Furniture","isPartOf":{"@id":"https:\/\/minhducfurniture.com\/de\/#website"},"primaryImageOfPage":{"@id":"https:\/\/minhducfurniture.com\/de\/einfacher-und-zuverlaessiger-internationaler-moebellieferservice\/#primaryimage"},"image":{"@id":"https:\/\/minhducfurniture.com\/de\/einfacher-und-zuverlaessiger-internationaler-moebellieferservice\/#primaryimage"},"thumbnailUrl":"https:\/\/minhducfurniture.com\/wp-content\/uploads\/2025\/09\/International-Furniture-Delivery-Service.jpg","datePublished":"2025-09-11T11:21:08+00:00","dateModified":"2026-02-25T06:47:05+00:00","description":"Unser Ziel ist es, unsere Produkte weltweit zu exportieren. Deshalb haben wir einen starken internationalen M\u00f6bellieferservice entwickelt.","breadcrumb":{"@id":"https:\/\/minhducfurniture.com\/de\/einfacher-und-zuverlaessiger-internationaler-moebellieferservice\/#breadcrumb"},"inLanguage":"de","potentialAction":[{"@type":"ReadAction","target":["https:\/\/minhducfurniture.com\/de\/einfacher-und-zuverlaessiger-internationaler-moebellieferservice\/"]}]},{"@type":"ImageObject","inLanguage":"de","@id":"https:\/\/minhducfurniture.com\/de\/einfacher-und-zuverlaessiger-internationaler-moebellieferservice\/#primaryimage","url":"https:\/\/minhducfurniture.com\/wp-content\/uploads\/2025\/09\/International-Furniture-Delivery-Service.jpg","contentUrl":"https:\/\/minhducfurniture.com\/wp-content\/uploads\/2025\/09\/International-Furniture-Delivery-Service.jpg","width":700,"height":515,"caption":"Internationaler M\u00f6bel-Lieferservice"},{"@type":"BreadcrumbList","@id":"https:\/\/minhducfurniture.com\/de\/einfacher-und-zuverlaessiger-internationaler-moebellieferservice\/#breadcrumb","itemListElement":[{"@type":"ListItem","position":1,"name":"Home","item":"https:\/\/minhducfurniture.com\/de\/"},{"@type":"ListItem","position":2,"name":"Einfacher und zuverl\u00e4ssiger internationaler M\u00f6bellieferservice"}]},{"@type":"WebSite","@id":"https:\/\/minhducfurniture.com\/de\/#website","url":"https:\/\/minhducfurniture.com\/de\/","name":"Minh Duc Furniture","description":"Vietnam Furniture Supplier","publisher":{"@id":"https:\/\/minhducfurniture.com\/de\/#organization"},"alternateName":"Vietnam Online Shop","potentialAction":[{"@type":"SearchAction","target":{"@type":"EntryPoint","urlTemplate":"https:\/\/minhducfurniture.com\/de\/?s={search_term_string}"},"query-input":{"@type":"PropertyValueSpecification","valueRequired":true,"valueName":"search_term_string"}}],"inLanguage":"de"},{"@type":"Organization","@id":"https:\/\/minhducfurniture.com\/de\/#organization","name":"Minh Duc Furniture","alternateName":"Vietnam Furniture Export","url":"https:\/\/minhducfurniture.com\/de\/","logo":{"@type":"ImageObject","inLanguage":"de","@id":"https:\/\/minhducfurniture.com\/de\/#\/schema\/logo\/image\/","url":"","contentUrl":"","caption":"Minh Duc Furniture"},"image":{"@id":"https:\/\/minhducfurniture.com\/de\/#\/schema\/logo\/image\/"},"sameAs":["https:\/\/www.pinterest.com\/hienthaoshop\/pins\/"]}]}},"_links":{"self":[{"href":"https:\/\/minhducfurniture.com\/de\/wp-json\/wp\/v2\/pages\/54801","targetHints":{"allow":["GET"]}}],"collection":[{"href":"https:\/\/minhducfurniture.com\/de\/wp-json\/wp\/v2\/pages"}],"about":[{"href":"https:\/\/minhducfurniture.com\/de\/wp-json\/wp\/v2\/types\/page"}],"author":[{"embeddable":true,"href":"https:\/\/minhducfurniture.com\/de\/wp-json\/wp\/v2\/users\/1"}],"replies":[{"embeddable":true,"href":"https:\/\/minhducfurniture.com\/de\/wp-json\/wp\/v2\/comments?post=54801"}],"version-history":[{"count":4,"href":"https:\/\/minhducfurniture.com\/de\/wp-json\/wp\/v2\/pages\/54801\/revisions"}],"predecessor-version":[{"id":54805,"href":"https:\/\/minhducfurniture.com\/de\/wp-json\/wp\/v2\/pages\/54801\/revisions\/54805"}],"wp:featuredmedia":[{"embeddable":true,"href":"https:\/\/minhducfurniture.com\/de\/wp-json\/wp\/v2\/media\/54800"}],"wp:attachment":[{"href":"https:\/\/minhducfurniture.com\/de\/wp-json\/wp\/v2\/media?parent=54801"}],"curies":[{"name":"wp","href":"https:\/\/api.w.org\/{rel}","templated":true}]}}